{"id":2994,"date":"2025-01-11T20:21:13","date_gmt":"2025-01-11T20:21:13","guid":{"rendered":"https:\/\/cecomart.com\/?page_id=2994"},"modified":"2025-01-11T20:21:13","modified_gmt":"2025-01-11T20:21:13","slug":"target-_blank","status":"publish","type":"page","link":"https:\/\/cecomart.com\/pt\/dicionario-seo\/target-_blank\/","title":{"rendered":"Target _Blank"},"content":{"rendered":"<div id=\"ez-toc-container\" class=\"ez-toc-v2_0_82_2 counter-hierarchy ez-toc-counter ez-toc-custom ez-toc-container-direction\">\n<div class=\"ez-toc-title-container\">\n<p class=\"ez-toc-title\" style=\"cursor:inherit\">Content<\/p>\n<span class=\"ez-toc-title-toggle\"><a href=\"#\" class=\"ez-toc-pull-right ez-toc-btn ez-toc-btn-xs ez-toc-btn-default ez-toc-toggle\" aria-label=\"Toggle Table of Content\"><span class=\"ez-toc-js-icon-con\"><span class=\"\"><span class=\"eztoc-hide\" style=\"display:none;\">Toggle<\/span><span class=\"ez-toc-icon-toggle-span\"><svg style=\"fill: #0f0f0f;color:#0f0f0f\" xmlns=\"http:\/\/www.w3.org\/2000\/svg\" class=\"list-377408\" width=\"20px\" height=\"20px\" viewBox=\"0 0 24 24\" fill=\"none\"><path d=\"M6 6H4v2h2V6zm14 0H8v2h12V6zM4 11h2v2H4v-2zm16 0H8v2h12v-2zM4 16h2v2H4v-2zm16 0H8v2h12v-2z\" fill=\"currentColor\"><\/path><\/svg><svg style=\"fill: #0f0f0f;color:#0f0f0f\" class=\"arrow-unsorted-368013\" xmlns=\"http:\/\/www.w3.org\/2000\/svg\" width=\"10px\" height=\"10px\" viewBox=\"0 0 24 24\" version=\"1.2\" baseProfile=\"tiny\"><path d=\"M18.2 9.3l-6.2-6.3-6.2 6.3c-.2.2-.3.4-.3.7s.1.5.3.7c.2.2.4.3.7.3h11c.3 0 .5-.1.7-.3.2-.2.3-.5.3-.7s-.1-.5-.3-.7zM5.8 14.7l6.2 6.3 6.2-6.3c.2-.2.3-.5.3-.7s-.1-.5-.3-.7c-.2-.2-.4-.3-.7-.3h-11c-.3 0-.5.1-.7.3-.2.2-.3.5-.3.7s.1.5.3.7z\"\/><\/svg><\/span><\/span><\/span><\/a><\/span><\/div>\n<nav><ul class='ez-toc-list ez-toc-list-level-1 eztoc-toggle-hide-by-default' ><li class='ez-toc-page-1 ez-toc-heading-level-2'><a class=\"ez-toc-link ez-toc-heading-1\" href=\"https:\/\/cecomart.com\/pt\/dicionario-seo\/target-_blank\/#O_que_e_o_Target_blank_num_link\" >O que \u00e9 o Target _blank num link<\/a><\/li><li class='ez-toc-page-1 ez-toc-heading-level-2'><a class=\"ez-toc-link ez-toc-heading-2\" href=\"https:\/\/cecomart.com\/pt\/dicionario-seo\/target-_blank\/#Para_que_pode_servir_o_blank\" >Para que pode servir o _blank<\/a><\/li><li class='ez-toc-page-1 ez-toc-heading-level-2'><a class=\"ez-toc-link ez-toc-heading-3\" href=\"https:\/\/cecomart.com\/pt\/dicionario-seo\/target-_blank\/#Tem_algum_beneficio_para_SEO_os_links_com_target_blank\" >Tem algum benef\u00edcio para SEO os links com target _blank?<\/a><ul class='ez-toc-list-level-3' ><li class='ez-toc-heading-level-3'><a class=\"ez-toc-link ez-toc-heading-4\" href=\"https:\/\/cecomart.com\/pt\/dicionario-seo\/target-_blank\/#Quando_e_recomendavel_usar_o_target_blank_ou_new\" >Quando \u00e9 recomend\u00e1vel usar o target _blank ou _new?<\/a><ul class='ez-toc-list-level-4' ><li class='ez-toc-heading-level-4'><a class=\"ez-toc-link ez-toc-heading-5\" href=\"https:\/\/cecomart.com\/pt\/dicionario-seo\/target-_blank\/#Outros_termos_do_dicionario_SEO\" >Outros termos do dicion\u00e1rio SEO<\/a><ul class='ez-toc-list-level-5' ><li class='ez-toc-heading-level-5'><a class=\"ez-toc-link ez-toc-heading-6\" href=\"https:\/\/cecomart.com\/pt\/dicionario-seo\/target-_blank\/#Conceitos_com_A\" >Conceitos com A<\/a><\/li><li class='ez-toc-page-1 ez-toc-heading-level-5'><a class=\"ez-toc-link ez-toc-heading-7\" href=\"https:\/\/cecomart.com\/pt\/dicionario-seo\/target-_blank\/#Conceitos_com_B\" >Conceitos com B<\/a><\/li><li class='ez-toc-page-1 ez-toc-heading-level-5'><a class=\"ez-toc-link ez-toc-heading-8\" href=\"https:\/\/cecomart.com\/pt\/dicionario-seo\/target-_blank\/#Conceitos_com_C\" >Conceitos com C<\/a><\/li><li class='ez-toc-page-1 ez-toc-heading-level-5'><a class=\"ez-toc-link ez-toc-heading-9\" href=\"https:\/\/cecomart.com\/pt\/dicionario-seo\/target-_blank\/#Conceitos_com_D\" >Conceitos com D<\/a><\/li><li class='ez-toc-page-1 ez-toc-heading-level-5'><a class=\"ez-toc-link ez-toc-heading-10\" href=\"https:\/\/cecomart.com\/pt\/dicionario-seo\/target-_blank\/#Conceitos_com_E\" >Conceitos com E<\/a><\/li><li class='ez-toc-page-1 ez-toc-heading-level-5'><a class=\"ez-toc-link ez-toc-heading-11\" href=\"https:\/\/cecomart.com\/pt\/dicionario-seo\/target-_blank\/#Conceitos_com_F\" >Conceitos com F<\/a><\/li><li class='ez-toc-page-1 ez-toc-heading-level-5'><a class=\"ez-toc-link ez-toc-heading-12\" href=\"https:\/\/cecomart.com\/pt\/dicionario-seo\/target-_blank\/#Conceitos_com_H\" >Conceitos com H<\/a><\/li><li class='ez-toc-page-1 ez-toc-heading-level-5'><a class=\"ez-toc-link ez-toc-heading-13\" href=\"https:\/\/cecomart.com\/pt\/dicionario-seo\/target-_blank\/#Conceitos_com_K\" >Conceitos com K<\/a><\/li><li class='ez-toc-page-1 ez-toc-heading-level-5'><a class=\"ez-toc-link ez-toc-heading-14\" href=\"https:\/\/cecomart.com\/pt\/dicionario-seo\/target-_blank\/#Conceitos_com_S\" >Conceitos com S<\/a><\/li><li class='ez-toc-page-1 ez-toc-heading-level-5'><a class=\"ez-toc-link ez-toc-heading-15\" href=\"https:\/\/cecomart.com\/pt\/dicionario-seo\/target-_blank\/#Conceitos_com_R\" >Conceitos com R<\/a><\/li><\/ul><\/li><\/ul><\/li><\/ul><\/li><\/ul><\/nav><\/div>\n\n<h2><span class=\"ez-toc-section\" id=\"O_que_e_o_Target_blank_num_link\"><\/span>O que \u00e9 o Target _blank num link<span class=\"ez-toc-section-end\"><\/span><\/h2>\n<blockquote><p>O target _blank \u00e9 um atributo HTML que se utiliza nos links para especificar onde se deve abrir o destino do link. A fun\u00e7\u00e3o de target _blank \u00e9 abrir o link numa nova aba ou janela do navegador.<\/p><\/blockquote>\n<h2><span class=\"ez-toc-section\" id=\"Para_que_pode_servir_o_blank\"><\/span>Para que pode servir o _blank<span class=\"ez-toc-section-end\"><\/span><\/h2>\n<p>O target _blank \u00e9 \u00fatil em situa\u00e7\u00f5es nas quais n\u00e3o queremos interromper a experi\u00eancia do utilizador na p\u00e1gina atual. Por exemplo, se uma p\u00e1gina web tem um link para uma p\u00e1gina externa com informa\u00e7\u00e3o relevante, mas n\u00e3o queremos que o utilizador abandone a p\u00e1gina atual, podemos usar o <strong>target _blank para abri-lo numa nova aba<\/strong>. Desta maneira, o utilizador pode ver a informa\u00e7\u00e3o sem abandonar a p\u00e1gina original.<\/p>\n<h2><span class=\"ez-toc-section\" id=\"Tem_algum_beneficio_para_SEO_os_links_com_target_blank\"><\/span>Tem algum benef\u00edcio para SEO os links com target _blank?<span class=\"ez-toc-section-end\"><\/span><\/h2>\n<p>Quanto ao seu impacto no SEO, os links com target _blank <strong>n\u00e3o t\u00eam um impacto negativo direto no SEO<\/strong>. No entanto, \u00e9 importante ter em conta que os links externos podem afetar a autoridade da p\u00e1gina e, portanto, o seu posicionamento nos motores de busca. \u00c9 importante escolher cuidadosamente os links externos que usamos e assegurar-nos de que estejam relacionados com o conte\u00fado da nossa p\u00e1gina.<\/p>\n<p>Em resumo, o target _blank \u00e9 uma ferramenta \u00fatil para melhorar a experi\u00eancia do utilizador, mas \u00e9 importante ter em conta o seu impacto potencial no SEO ao escolher links externos para a nossa p\u00e1gina.<\/p>\n<h3><span class=\"ez-toc-section\" id=\"Quando_e_recomendavel_usar_o_target_blank_ou_new\"><\/span>Quando \u00e9 recomend\u00e1vel usar o target _blank ou _new?<span class=\"ez-toc-section-end\"><\/span><\/h3>\n<p>O <strong>target _blank e _new s\u00e3o atributos HTML que se utilizam nos links<\/strong> para especificar onde se deve abrir o destino do link. A diferen\u00e7a entre eles \u00e9 que o target _blank abre o link numa nova aba ou janela do navegador, enquanto que o target _new abre o link numa nova janela sem barras de navega\u00e7\u00e3o ou ferramentas.<\/p>\n<p>\u00c9 recomend\u00e1vel usar o target _blank ou _new nos seguintes casos:<\/p>\n<ol>\n\u00a0 <\/p>\n<li><span style=\"text-decoration: underline;\">Links externos<\/span>: Se est\u00e1 a fornecer <strong>links para sites web externos \u00e0 sua p\u00e1gina<\/strong>, \u00e9 recomend\u00e1vel usar o target _blank ou _new para que os utilizadores possam ver a informa\u00e7\u00e3o sem abandonar a sua p\u00e1gina.<\/li>\n<p>\u00a0 <\/p>\n<li><span style=\"text-decoration: underline;\">Links para documentos descarreg\u00e1veis<\/span>: Se est\u00e1 a fornecer links para documentos como PDF, Word ou Excel, \u00e9 recomend\u00e1vel usar o target _blank ou _new para que os utilizadores possam descarregar os documentos sem abandonar a sua p\u00e1gina.<\/li>\n<p>\u00a0 <\/p>\n<li><span style=\"text-decoration: underline;\">Pop-ups<\/span>: Se est\u00e1 a criar <strong>pop-ups ou janelas emergentes<\/strong>, \u00e9 recomend\u00e1vel usar o target _blank ou _new para que os utilizadores possam ver a informa\u00e7\u00e3o sem abandonar a sua p\u00e1gina.<\/li>\n<p>\u00a0 <\/p>\n<li><span style=\"text-decoration: underline;\">Novas fun\u00e7\u00f5es ou caracter\u00edsticas<\/span>: Se est\u00e1 a adicionar <strong>novas fun\u00e7\u00f5es ou caracter\u00edsticas \u00e0 sua p\u00e1gina<\/strong>, \u00e9 recomend\u00e1vel usar o target _blank ou _new para que os utilizadores possam ver a informa\u00e7\u00e3o sem abandonar a sua p\u00e1gina.<\/li>\n<\/ol>\n<p>Em resumo, o uso de target _blank ou _new \u00e9 recomend\u00e1vel em situa\u00e7\u00f5es nas quais queremos <strong>melhorar a experi\u00eancia do utilizador e manter a sua aten\u00e7\u00e3o na nossa p\u00e1gina<\/strong>. No entanto, \u00e9 importante ter em conta que abrir links em novas abas ou janelas pode ser inc\u00f3modo para alguns utilizadores e pode interromper a sua experi\u00eancia online. Portanto, \u00e9 importante us\u00e1-los com modera\u00e7\u00e3o e ter em conta as necessidades e prefer\u00eancias do nosso p\u00fablico-alvo.<\/p>\n<h4 style=\"text-align: center;\"><span class=\"ez-toc-section\" id=\"Outros_termos_do_dicionario_SEO\"><\/span>Outros termos do dicion\u00e1rio SEO<span class=\"ez-toc-section-end\"><\/span><\/h4>\n<h5><span class=\"ez-toc-section\" id=\"Conceitos_com_A\"><\/span>Conceitos com A<span class=\"ez-toc-section-end\"><\/span><\/h5>\n<ul>\n<li><a href=\"https:\/\/cecomart.com\/pt\/dicionario-seo\/anchor-text\/\">Anchor text<\/a><\/li>\n<li><a href=\"https:\/\/cecomart.com\/pt\/dicionario-seo\/alt-text\/\">Alt Text<\/a><\/li>\n<\/ul>\n<h5><span class=\"ez-toc-section\" id=\"Conceitos_com_B\"><\/span>Conceitos com B<span class=\"ez-toc-section-end\"><\/span><\/h5>\n<ul>\n<li><a href=\"https:\/\/cecomart.com\/pt\/dicionario-seo\/broken-links\/\">Broken Links<\/a><\/li>\n<\/ul>\n<h5><span class=\"ez-toc-section\" id=\"Conceitos_com_C\"><\/span>Conceitos com C<span class=\"ez-toc-section-end\"><\/span><\/h5>\n<ul>\n<li><a href=\"https:\/\/cecomart.com\/pt\/dicionario-seo\/canonical\/\">Canonical url<\/a><\/li>\n<li><a href=\"https:\/\/cecomart.com\/pt\/dicionario-seo\/cro-conversion-rate-optimization\/\">CRO<\/a><\/li>\n<li><a href=\"https:\/\/cecomart.com\/pt\/dicionario-seo\/ctr\/\">CTR<\/a><\/li>\n<\/ul>\n<h5><span class=\"ez-toc-section\" id=\"Conceitos_com_D\"><\/span>Conceitos com D<span class=\"ez-toc-section-end\"><\/span><\/h5>\n<ul>\n<li><a href=\"https:\/\/cecomart.com\/pt\/dicionario-seo\/disavow\/\">Disavow<\/a><\/li>\n<li><a href=\"https:\/\/cecomart.com\/pt\/dicionario-seo\/domain-authority-da\/\">Domain authority<\/a><\/li>\n<li><a href=\"https:\/\/cecomart.com\/pt\/dicionario-seo\/dwell-time\/\">Dwell time<\/a><\/li>\n<\/ul>\n<h5><span class=\"ez-toc-section\" id=\"Conceitos_com_E\"><\/span>Conceitos com E<span class=\"ez-toc-section-end\"><\/span><\/h5>\n<ul>\n<li><a href=\"https:\/\/cecomart.com\/pt\/dicionario-seo\/etiquetas-cabecalho-h-headings\/\">Etiquetas h o Headings<\/a><\/li>\n<\/ul>\n<h5><span class=\"ez-toc-section\" id=\"Conceitos_com_F\"><\/span>Conceitos com F<span class=\"ez-toc-section-end\"><\/span><\/h5>\n<ul>\n<li><a href=\"https:\/\/cecomart.com\/pt\/dicionario-seo\/favicon\/\">Favicon<\/a><\/li>\n<li><a href=\"https:\/\/cecomart.com\/pt\/dicionario-seo\/footer\/\">Footer<\/a><\/li>\n<li><a href=\"https:\/\/cecomart.com\/pt\/dicionario-seo\/footprints\/\">Footprints Google<\/a><\/li>\n<\/ul>\n<h5><span class=\"ez-toc-section\" id=\"Conceitos_com_H\"><\/span>Conceitos com H<span class=\"ez-toc-section-end\"><\/span><\/h5>\n<ul>\n<li><a href=\"https:\/\/cecomart.com\/pt\/dicionario-seo\/hreflang\/\">Hreflang<\/a><\/li>\n<li><a href=\"https:\/\/cecomart.com\/pt\/dicionario-seo\/header\/\">Header<\/a><\/li>\n<\/ul>\n<h5><span class=\"ez-toc-section\" id=\"Conceitos_com_K\"><\/span>Conceitos com K<span class=\"ez-toc-section-end\"><\/span><\/h5>\n<ul>\n<li><a href=\"https:\/\/cecomart.com\/pt\/dicionario-seo\/keyword-stuffing\/\">Keyword Stuffing<\/a><\/li>\n<\/ul>\n<h5><span class=\"ez-toc-section\" id=\"Conceitos_com_S\"><\/span>Conceitos com S<span class=\"ez-toc-section-end\"><\/span><\/h5>\n<ul>\n<li><a href=\"https:\/\/cecomart.com\/pt\/dicionario-seo\/schemas-dados-estruturados\/\">Schema<\/a><\/li>\n<\/ul>\n<h5><span class=\"ez-toc-section\" id=\"Conceitos_com_R\"><\/span>Conceitos com R<span class=\"ez-toc-section-end\"><\/span><\/h5>\n<ul>\n<li><a href=\"https:\/\/cecomart.com\/pt\/dicionario-seo\/robots-txt\/\">Robots.txt<\/a><\/li>\n<\/ul>\n<p>&nbsp;<\/p>\n","protected":false},"excerpt":{"rendered":"<p>O que \u00e9 o Target _blank num link O target _blank \u00e9 um atributo HTML que se utiliza nos links para especificar onde se deve abrir o destino do link. A fun\u00e7\u00e3o de target _blank \u00e9 abrir o link numa nova aba ou janela do navegador. Para que pode servir o _blank O target _blank [&hellip;]<\/p>\n","protected":false},"author":1,"featured_media":0,"parent":2952,"menu_order":0,"comment_status":"closed","ping_status":"closed","template":"","meta":{"_ayudawp_aiss_exclude":false,"_locale":"pt_PT","_original_post":"https:\/\/cecomart.com\/?page_id=1320","footnotes":""},"class_list":["post-2994","page","type-page","status-publish","hentry","pt-PT"],"yoast_head":"<!-- This site is optimized with the Yoast SEO plugin v27.5 - https:\/\/yoast.com\/product\/yoast-seo-wordpress\/ -->\n<title>Target _Blank \u25c0 | O que \u00e9 e pra que serve? | Cecomart<\/title>\n<meta name=\"description\" content=\"\u27a2 Target _blank: Conhe\u00e7a toda a informa\u00e7\u00e3o sobre este elemento SEO. \u2605 O que \u00e9, para que serve e quando utiliz\u00e1-lo para que seja o mais \u00f3timo. \u25c0\" \/>\n<meta name=\"robots\" content=\"index, follow, max-snippet:-1, max-image-preview:large, max-video-preview:-1\" \/>\n<link rel=\"canonical\" href=\"https:\/\/cecomart.com\/pt\/dicionario-seo\/target-_blank\/\" \/>\n<meta property=\"og:locale\" content=\"pt_PT\" \/>\n<meta property=\"og:type\" content=\"article\" \/>\n<meta property=\"og:title\" content=\"Target _Blank \u25c0 | O que \u00e9 e pra que serve? | Cecomart\" \/>\n<meta property=\"og:description\" content=\"\u27a2 Target _blank: Conhe\u00e7a toda a informa\u00e7\u00e3o sobre este elemento SEO. \u2605 O que \u00e9, para que serve e quando utiliz\u00e1-lo para que seja o mais \u00f3timo. \u25c0\" \/>\n<meta property=\"og:url\" content=\"https:\/\/cecomart.com\/pt\/dicionario-seo\/target-_blank\/\" \/>\n<meta property=\"og:site_name\" content=\"Cecomart\" \/>\n<meta property=\"og:image\" content=\"https:\/\/cecomart.com\/wp-content\/uploads\/2022\/05\/cefe-ortiz-consultor-seo.png\" \/>\n\t<meta property=\"og:image:width\" content=\"832\" \/>\n\t<meta property=\"og:image:height\" content=\"1236\" \/>\n\t<meta property=\"og:image:type\" content=\"image\/png\" \/>\n<meta name=\"twitter:card\" content=\"summary_large_image\" \/>\n<meta name=\"twitter:site\" content=\"@SoyCortiz\" \/>\n<meta name=\"twitter:label1\" content=\"Tempo estimado de leitura\" \/>\n\t<meta name=\"twitter:data1\" content=\"3 minutos\" \/>\n<!-- \/ Yoast SEO plugin. -->","yoast_head_json":{"title":"Target _Blank \u25c0 | O que \u00e9 e pra que serve? | Cecomart","description":"\u27a2 Target _blank: Conhe\u00e7a toda a informa\u00e7\u00e3o sobre este elemento SEO. \u2605 O que \u00e9, para que serve e quando utiliz\u00e1-lo para que seja o mais \u00f3timo. \u25c0","robots":{"index":"index","follow":"follow","max-snippet":"max-snippet:-1","max-image-preview":"max-image-preview:large","max-video-preview":"max-video-preview:-1"},"canonical":"https:\/\/cecomart.com\/pt\/dicionario-seo\/target-_blank\/","og_locale":"pt_PT","og_type":"article","og_title":"Target _Blank \u25c0 | O que \u00e9 e pra que serve? | Cecomart","og_description":"\u27a2 Target _blank: Conhe\u00e7a toda a informa\u00e7\u00e3o sobre este elemento SEO. \u2605 O que \u00e9, para que serve e quando utiliz\u00e1-lo para que seja o mais \u00f3timo. \u25c0","og_url":"https:\/\/cecomart.com\/pt\/dicionario-seo\/target-_blank\/","og_site_name":"Cecomart","og_image":[{"width":832,"height":1236,"url":"https:\/\/cecomart.com\/wp-content\/uploads\/2022\/05\/cefe-ortiz-consultor-seo.png","type":"image\/png"}],"twitter_card":"summary_large_image","twitter_site":"@SoyCortiz","twitter_misc":{"Tempo estimado de leitura":"3 minutos"},"schema":{"@context":"https:\/\/schema.org","@graph":[{"@type":"Article","@id":"https:\/\/cecomart.com\/pt\/dicionario-seo\/target-_blank\/#article","isPartOf":{"@id":"https:\/\/cecomart.com\/pt\/dicionario-seo\/target-_blank\/"},"author":{"name":"C.Ortiz","@id":"https:\/\/cecomart.com\/#\/schema\/person\/2c89526db0f701abd6b4e52aafb69731"},"headline":"Target _Blank","datePublished":"2025-01-11T20:21:13+00:00","mainEntityOfPage":{"@id":"https:\/\/cecomart.com\/pt\/dicionario-seo\/target-_blank\/"},"wordCount":626,"publisher":{"@id":"https:\/\/cecomart.com\/#organization"},"inLanguage":"pt-PT"},{"@type":"WebPage","@id":"https:\/\/cecomart.com\/pt\/dicionario-seo\/target-_blank\/","url":"https:\/\/cecomart.com\/pt\/dicionario-seo\/target-_blank\/","name":"Target _Blank \u25c0 | O que \u00e9 e pra que serve? | Cecomart","isPartOf":{"@id":"https:\/\/cecomart.com\/#website"},"datePublished":"2025-01-11T20:21:13+00:00","description":"\u27a2 Target _blank: Conhe\u00e7a toda a informa\u00e7\u00e3o sobre este elemento SEO. \u2605 O que \u00e9, para que serve e quando utiliz\u00e1-lo para que seja o mais \u00f3timo. \u25c0","breadcrumb":{"@id":"https:\/\/cecomart.com\/pt\/dicionario-seo\/target-_blank\/#breadcrumb"},"inLanguage":"pt-PT","potentialAction":[{"@type":"ReadAction","target":["https:\/\/cecomart.com\/pt\/dicionario-seo\/target-_blank\/"]}]},{"@type":"BreadcrumbList","@id":"https:\/\/cecomart.com\/pt\/dicionario-seo\/target-_blank\/#breadcrumb","itemListElement":[{"@type":"ListItem","position":1,"name":"SEO","item":"https:\/\/cecomart.com\/pt\/"},{"@type":"ListItem","position":2,"name":"Dicion\u00e1rio de SEO","item":"https:\/\/cecomart.com\/pt\/dicionario-seo\/"},{"@type":"ListItem","position":3,"name":"Target _Blank"}]},{"@type":"WebSite","@id":"https:\/\/cecomart.com\/#website","url":"https:\/\/cecomart.com\/","name":"Cecomart","description":"Especialista en SEO e Inteligencia Artificial","publisher":{"@id":"https:\/\/cecomart.com\/#organization"},"alternateName":"Cecomart","potentialAction":[{"@type":"SearchAction","target":{"@type":"EntryPoint","urlTemplate":"https:\/\/cecomart.com\/?s={search_term_string}"},"query-input":{"@type":"PropertyValueSpecification","valueRequired":true,"valueName":"search_term_string"}}],"inLanguage":"pt-PT"},{"@type":"Organization","@id":"https:\/\/cecomart.com\/#organization","name":"Cecomart","url":"https:\/\/cecomart.com\/","logo":{"@type":"ImageObject","inLanguage":"pt-PT","@id":"https:\/\/cecomart.com\/#\/schema\/logo\/image\/","url":"https:\/\/cecomart.com\/wp-content\/uploads\/2024\/09\/logo-cecomart-2024.jpg","contentUrl":"https:\/\/cecomart.com\/wp-content\/uploads\/2024\/09\/logo-cecomart-2024.jpg","width":1116,"height":466,"caption":"Cecomart"},"image":{"@id":"https:\/\/cecomart.com\/#\/schema\/logo\/image\/"},"sameAs":["https:\/\/x.com\/SoyCortiz"]},{"@type":"Person","@id":"https:\/\/cecomart.com\/#\/schema\/person\/2c89526db0f701abd6b4e52aafb69731","name":"C.Ortiz","image":{"@type":"ImageObject","inLanguage":"pt-PT","@id":"https:\/\/secure.gravatar.com\/avatar\/a4e2ff9a83acee041bf89b127a3c9e31bee701c1977f13261c281d19a819ab3c?s=96&d=mm&r=g","url":"https:\/\/secure.gravatar.com\/avatar\/a4e2ff9a83acee041bf89b127a3c9e31bee701c1977f13261c281d19a819ab3c?s=96&d=mm&r=g","contentUrl":"https:\/\/secure.gravatar.com\/avatar\/a4e2ff9a83acee041bf89b127a3c9e31bee701c1977f13261c281d19a819ab3c?s=96&d=mm&r=g","caption":"C.Ortiz"},"description":"Consultor SEO desde 2015. Apasionado por difundir noticias sobre posicionamiento web y seguir aprendiendo de una profesi\u00f3n en constante evoluci\u00f3n. Especializado en SEO t\u00e9cnico, GEO y AEO.","sameAs":["https:\/\/cecomart.com","https:\/\/x.com\/@SoyCortiz"],"url":"https:\/\/cecomart.com\/author\/cortiz\/"}]}},"_links":{"self":[{"href":"https:\/\/cecomart.com\/wp-json\/wp\/v2\/pages\/2994","targetHints":{"allow":["GET"]}}],"collection":[{"href":"https:\/\/cecomart.com\/wp-json\/wp\/v2\/pages"}],"about":[{"href":"https:\/\/cecomart.com\/wp-json\/wp\/v2\/types\/page"}],"author":[{"embeddable":true,"href":"https:\/\/cecomart.com\/wp-json\/wp\/v2\/users\/1"}],"replies":[{"embeddable":true,"href":"https:\/\/cecomart.com\/wp-json\/wp\/v2\/comments?post=2994"}],"version-history":[{"count":2,"href":"https:\/\/cecomart.com\/wp-json\/wp\/v2\/pages\/2994\/revisions"}],"predecessor-version":[{"id":3017,"href":"https:\/\/cecomart.com\/wp-json\/wp\/v2\/pages\/2994\/revisions\/3017"}],"up":[{"embeddable":true,"href":"https:\/\/cecomart.com\/wp-json\/wp\/v2\/pages\/2952"}],"wp:attachment":[{"href":"https:\/\/cecomart.com\/wp-json\/wp\/v2\/media?parent=2994"}],"curies":[{"name":"wp","href":"https:\/\/api.w.org\/{rel}","templated":true}]}}