{"id":2990,"date":"2025-01-11T20:20:02","date_gmt":"2025-01-11T20:20:02","guid":{"rendered":"https:\/\/cecomart.com\/?page_id=2990"},"modified":"2025-01-13T10:19:41","modified_gmt":"2025-01-13T10:19:41","slug":"schemas-dados-estruturados","status":"publish","type":"page","link":"https:\/\/cecomart.com\/pt\/dicionario-seo\/schemas-dados-estruturados\/","title":{"rendered":"Schemas o Dados estruturados"},"content":{"rendered":"<div id=\"ez-toc-container\" class=\"ez-toc-v2_0_82_2 counter-hierarchy ez-toc-counter ez-toc-custom ez-toc-container-direction\">\n<div class=\"ez-toc-title-container\">\n<p class=\"ez-toc-title\" style=\"cursor:inherit\">Content<\/p>\n<span class=\"ez-toc-title-toggle\"><a href=\"#\" class=\"ez-toc-pull-right ez-toc-btn ez-toc-btn-xs ez-toc-btn-default ez-toc-toggle\" aria-label=\"Toggle Table of Content\"><span class=\"ez-toc-js-icon-con\"><span class=\"\"><span class=\"eztoc-hide\" style=\"display:none;\">Toggle<\/span><span class=\"ez-toc-icon-toggle-span\"><svg style=\"fill: #0f0f0f;color:#0f0f0f\" xmlns=\"http:\/\/www.w3.org\/2000\/svg\" class=\"list-377408\" width=\"20px\" height=\"20px\" viewBox=\"0 0 24 24\" fill=\"none\"><path d=\"M6 6H4v2h2V6zm14 0H8v2h12V6zM4 11h2v2H4v-2zm16 0H8v2h12v-2zM4 16h2v2H4v-2zm16 0H8v2h12v-2z\" fill=\"currentColor\"><\/path><\/svg><svg style=\"fill: #0f0f0f;color:#0f0f0f\" class=\"arrow-unsorted-368013\" xmlns=\"http:\/\/www.w3.org\/2000\/svg\" width=\"10px\" height=\"10px\" viewBox=\"0 0 24 24\" version=\"1.2\" baseProfile=\"tiny\"><path d=\"M18.2 9.3l-6.2-6.3-6.2 6.3c-.2.2-.3.4-.3.7s.1.5.3.7c.2.2.4.3.7.3h11c.3 0 .5-.1.7-.3.2-.2.3-.5.3-.7s-.1-.5-.3-.7zM5.8 14.7l6.2 6.3 6.2-6.3c.2-.2.3-.5.3-.7s-.1-.5-.3-.7c-.2-.2-.4-.3-.7-.3h-11c-.3 0-.5.1-.7.3-.2.2-.3.5-.3.7s.1.5.3.7z\"\/><\/svg><\/span><\/span><\/span><\/a><\/span><\/div>\n<nav><ul class='ez-toc-list ez-toc-list-level-1 eztoc-toggle-hide-by-default' ><li class='ez-toc-page-1 ez-toc-heading-level-2'><a class=\"ez-toc-link ez-toc-heading-1\" href=\"https:\/\/cecomart.com\/pt\/dicionario-seo\/schemas-dados-estruturados\/#O_que_e_um_Schema_ou_dado_estruturado\" >O que \u00e9 um Schema ou dado estruturado<\/a><\/li><li class='ez-toc-page-1 ez-toc-heading-level-2'><a class=\"ez-toc-link ez-toc-heading-2\" href=\"https:\/\/cecomart.com\/pt\/dicionario-seo\/schemas-dados-estruturados\/#Que_tipos_de_Schemas_sao_os_mais_utilizados_em_paginas_web\" >Que tipos de Schemas s\u00e3o os mais utilizados em p\u00e1ginas web<\/a><\/li><li class='ez-toc-page-1 ez-toc-heading-level-2'><a class=\"ez-toc-link ez-toc-heading-3\" href=\"https:\/\/cecomart.com\/pt\/dicionario-seo\/schemas-dados-estruturados\/#Que_formatos_de_Schemas_sao_os_existentes\" >Que formatos de Schemas s\u00e3o os existentes<\/a><\/li><li class='ez-toc-page-1 ez-toc-heading-level-2'><a class=\"ez-toc-link ez-toc-heading-4\" href=\"https:\/\/cecomart.com\/pt\/dicionario-seo\/schemas-dados-estruturados\/#Que_formato_de_Schema_e_o_favorito_do_Google\" >Que formato de Schema \u00e9 o favorito do Google<\/a><\/li><li class='ez-toc-page-1 ez-toc-heading-level-2'><a class=\"ez-toc-link ez-toc-heading-5\" href=\"https:\/\/cecomart.com\/pt\/dicionario-seo\/schemas-dados-estruturados\/#Que_ferramentas_sao_uteis_para_detetar_erros_em_schemas\" >Que ferramentas s\u00e3o \u00fateis para detetar erros em schemas<\/a><\/li><li class='ez-toc-page-1 ez-toc-heading-level-2'><a class=\"ez-toc-link ez-toc-heading-6\" href=\"https:\/\/cecomart.com\/pt\/dicionario-seo\/schemas-dados-estruturados\/#Onde_podemos_validar_ou_comprovar_os_nossos_dados_estruturados\" >Onde podemos validar ou comprovar os nossos dados estruturados<\/a><ul class='ez-toc-list-level-3' ><li class='ez-toc-heading-level-3'><a class=\"ez-toc-link ez-toc-heading-7\" href=\"https:\/\/cecomart.com\/pt\/dicionario-seo\/schemas-dados-estruturados\/#5_ferramentas_de_validacao\" >5 ferramentas de valida\u00e7\u00e3o<\/a><ul class='ez-toc-list-level-4' ><li class='ez-toc-heading-level-4'><a class=\"ez-toc-link ez-toc-heading-8\" href=\"https:\/\/cecomart.com\/pt\/dicionario-seo\/schemas-dados-estruturados\/#Outros_termos_do_dicionario_SEO\" >Outros termos do dicion\u00e1rio SEO<\/a><ul class='ez-toc-list-level-5' ><li class='ez-toc-heading-level-5'><a class=\"ez-toc-link ez-toc-heading-9\" href=\"https:\/\/cecomart.com\/pt\/dicionario-seo\/schemas-dados-estruturados\/#Conceitos_com_A\" >Conceitos com A<\/a><\/li><li class='ez-toc-page-1 ez-toc-heading-level-5'><a class=\"ez-toc-link ez-toc-heading-10\" href=\"https:\/\/cecomart.com\/pt\/dicionario-seo\/schemas-dados-estruturados\/#Conceitos_com_B\" >Conceitos com B<\/a><\/li><li class='ez-toc-page-1 ez-toc-heading-level-5'><a class=\"ez-toc-link ez-toc-heading-11\" href=\"https:\/\/cecomart.com\/pt\/dicionario-seo\/schemas-dados-estruturados\/#Conceitos_com_C\" >Conceitos com C<\/a><\/li><li class='ez-toc-page-1 ez-toc-heading-level-5'><a class=\"ez-toc-link ez-toc-heading-12\" href=\"https:\/\/cecomart.com\/pt\/dicionario-seo\/schemas-dados-estruturados\/#Conceitos_com_D\" >Conceitos com D<\/a><\/li><li class='ez-toc-page-1 ez-toc-heading-level-5'><a class=\"ez-toc-link ez-toc-heading-13\" href=\"https:\/\/cecomart.com\/pt\/dicionario-seo\/schemas-dados-estruturados\/#Conceitos_com_E\" >Conceitos com E<\/a><\/li><li class='ez-toc-page-1 ez-toc-heading-level-5'><a class=\"ez-toc-link ez-toc-heading-14\" href=\"https:\/\/cecomart.com\/pt\/dicionario-seo\/schemas-dados-estruturados\/#Conceitos_com_F\" >Conceitos com F<\/a><\/li><li class='ez-toc-page-1 ez-toc-heading-level-5'><a class=\"ez-toc-link ez-toc-heading-15\" href=\"https:\/\/cecomart.com\/pt\/dicionario-seo\/schemas-dados-estruturados\/#Conceitos_com_H\" >Conceitos com H<\/a><\/li><li class='ez-toc-page-1 ez-toc-heading-level-5'><a class=\"ez-toc-link ez-toc-heading-16\" href=\"https:\/\/cecomart.com\/pt\/dicionario-seo\/schemas-dados-estruturados\/#Conceitos_com_K\" >Conceitos com K<\/a><\/li><li class='ez-toc-page-1 ez-toc-heading-level-5'><a class=\"ez-toc-link ez-toc-heading-17\" href=\"https:\/\/cecomart.com\/pt\/dicionario-seo\/schemas-dados-estruturados\/#Conceitos_com_R\" >Conceitos com R<\/a><\/li><li class='ez-toc-page-1 ez-toc-heading-level-5'><a class=\"ez-toc-link ez-toc-heading-18\" href=\"https:\/\/cecomart.com\/pt\/dicionario-seo\/schemas-dados-estruturados\/#Conceitos_com_T\" >Conceitos com T<\/a><\/li><\/ul><\/li><\/ul><\/li><\/ul><\/li><\/ul><\/nav><\/div>\n\n<h2><span class=\"ez-toc-section\" id=\"O_que_e_um_Schema_ou_dado_estruturado\"><\/span>O que \u00e9 um Schema ou dado estruturado<span class=\"ez-toc-section-end\"><\/span><\/h2>\n<blockquote><p>Um Schema ou dado estruturado \u00e9 um <strong>formato de codifica\u00e7\u00e3o que permite aos motores de busca<\/strong>, como o Google, <strong>entender melhor o conte\u00fado de uma p\u00e1gina web<\/strong>.<\/p><\/blockquote>\n<p>Ao adicionar dados de tipo estruturados a uma p\u00e1gina web, \u00e9 fornecida informa\u00e7\u00e3o adicional sobre o conte\u00fado da p\u00e1gina, o que pode ajudar os motores de busca a oferecer resultados mais precisos e relevantes aos utilizadores.<\/p>\n<p><img fetchpriority=\"high\" decoding=\"async\" class=\"aligncenter size-full wp-image-2646\" src=\"https:\/\/cecomart.com\/wp-content\/uploads\/2024\/10\/que-es-schema-org.jpg\" alt=\"o qu\u00e9 s\u00e3o schema ou dados estruturados\" width=\"600\" height=\"450\" srcset=\"https:\/\/cecomart.com\/wp-content\/uploads\/2024\/10\/que-es-schema-org.jpg 600w, https:\/\/cecomart.com\/wp-content\/uploads\/2024\/10\/que-es-schema-org-300x225.jpg 300w\" sizes=\"(max-width: 600px) 100vw, 600px\" \/><\/p>\n<p>Sem d\u00favida alguma, \u00e9 uma das medidas mais habituais para melhorar os nossos resultados. De facto, muitos destes podem ajudar a melhorar o resultado desde as SERPs ou resultados de busca, como o cl\u00e1ssico schema FAQ, Product ou Event.<\/p>\n<h2><span class=\"ez-toc-section\" id=\"Que_tipos_de_Schemas_sao_os_mais_utilizados_em_paginas_web\"><\/span>Que tipos de Schemas s\u00e3o os mais utilizados em p\u00e1ginas web<span class=\"ez-toc-section-end\"><\/span><\/h2>\n<p>H\u00e1 v\u00e1rios tipos de Schemas que s\u00e3o utilizados comummente em p\u00e1ginas web, incluindo:<\/p>\n<ul>\n\u00a0 <\/p>\n<li><strong>Schema de artigo<\/strong>: utilizado para conte\u00fado de not\u00edcias, blogs e revistas.<\/li>\n<p>\u00a0 <\/p>\n<li><strong>Schema de produto<\/strong>: utilizado para descrever produtos numa loja online.<\/li>\n<p>\u00a0 <\/p>\n<li><strong>Schema de organiza\u00e7\u00e3o<\/strong>: utilizado para descrever informa\u00e7\u00e3o sobre uma empresa ou organiza\u00e7\u00e3o.<\/li>\n<p>\u00a0 <\/p>\n<li><strong>Schema de evento<\/strong>: utilizado para descrever eventos, como concertos ou confer\u00eancias.<\/li>\n<p>\u00a0 <\/p>\n<li><strong>Schema de resenha<\/strong>: utilizado para resenhas de produtos, empresas e outros elementos.<\/li>\n<\/ul>\n<h2><span class=\"ez-toc-section\" id=\"Que_formatos_de_Schemas_sao_os_existentes\"><\/span>Que formatos de Schemas s\u00e3o os existentes<span class=\"ez-toc-section-end\"><\/span><\/h2>\n<p>Os formatos de Schemas que existem incluem:<\/p>\n<ul>\n\u00a0 <\/p>\n<li><strong>JSON-LD<\/strong>: um formato de codifica\u00e7\u00e3o estruturado que utiliza JavaScript para representar dados estruturados. O mais destacado dos 3 formatos dispon\u00edveis.<\/li>\n<p>\u00a0 <\/p>\n<li><strong>RDFa<\/strong>: um formato que se utiliza para integrar metadados em p\u00e1ginas web HTML. Atualmente, em desuso.<\/li>\n<p>\u00a0 <\/p>\n<li><strong>Microdados<\/strong>: um formato de codifica\u00e7\u00e3o estruturado que utiliza etiquetas HTML5 para definir dados ou schemas. Um formato bastante empregado atualmente.<\/li>\n<\/ul>\n<h2><span class=\"ez-toc-section\" id=\"Que_formato_de_Schema_e_o_favorito_do_Google\"><\/span>Que formato de Schema \u00e9 o favorito do Google<span class=\"ez-toc-section-end\"><\/span><\/h2>\n<p>O Google declarou que o seu formato de Schema favorito \u00e9 JSON-LD. O motivo \u00e9 que \u00e9 f\u00e1cil de ler e escrever, e proporciona uma maior flexibilidade em termos de integra\u00e7\u00e3o com diferentes plataformas.<\/p>\n<h2><span class=\"ez-toc-section\" id=\"Que_ferramentas_sao_uteis_para_detetar_erros_em_schemas\"><\/span>Que ferramentas s\u00e3o \u00fateis para detetar erros em schemas<span class=\"ez-toc-section-end\"><\/span><\/h2>\n<p>H\u00e1 v\u00e1rias ferramentas \u00fateis para detetar erros em Schemas, incluindo:<\/p>\n<ul>\n\u00a0 <\/p>\n<li>A ferramenta de teste de dados estruturados do Google: permite aos utilizadores comprovar se os seus dados enriquecidos s\u00e3o v\u00e1lidos e podem ser compreendidos pelo Google.<\/li>\n<p>\u00a0 <\/p>\n<li>A extens\u00e3o do Chrome para programadores de dados estruturados: proporciona uma vis\u00e3o geral dos dados estruturados numa p\u00e1gina web e destaca qualquer problema que possa haver.<\/li>\n<p>\u00a0 <\/p>\n<li>A ferramenta de teste de dados estruturados do Bing: similar \u00e0 ferramenta do Google, permite aos utilizadores comprovar a validade dos dados enriquecidos e qualquer erro que possa estar presente.<\/li>\n<p>\u00a0 <\/p>\n<li>O Screaming Frog tamb\u00e9m pode ser empregado para detetar erros nos seus schemas.<\/li>\n<\/ul>\n<h2><span class=\"ez-toc-section\" id=\"Onde_podemos_validar_ou_comprovar_os_nossos_dados_estruturados\"><\/span>Onde podemos validar ou comprovar os nossos dados estruturados<span class=\"ez-toc-section-end\"><\/span><\/h2>\n<h3><span class=\"ez-toc-section\" id=\"5_ferramentas_de_validacao\"><\/span>5 ferramentas de valida\u00e7\u00e3o<span class=\"ez-toc-section-end\"><\/span><\/h3>\n<p>H\u00e1 v\u00e1rios lugares onde se podem validar os Schemas, incluindo:<\/p>\n<ul>\n\u00a0 <\/p>\n<li>A <a href=\"https:\/\/search.google.com\/test\/rich-results\" target=\"_blank\" rel=\"noopener nofollow\">ferramenta de teste de dados estruturados do Google<\/a>.<\/li>\n<p>\u00a0 <\/p>\n<li>A ferramenta de teste de dados estruturados do Bing.<\/li>\n<p>\u00a0 <\/p>\n<li>A <a href=\"https:\/\/jsononline.net\/es\/json-validator\" target=\"_blank\" rel=\"noopener nofollow\">ferramenta de valida\u00e7\u00e3o de JSON-LD<\/a>.<\/li>\n<p>\u00a0 <\/p>\n<li>O validador de RDFa da W3C.<\/li>\n<p>\u00a0 <\/p>\n<li>O validador de Microdados da W3C.<\/li>\n<\/ul>\n<p>Aqui pode ver o pr\u00f3prio exemplo de schema.org, onde pode usar o seu validador para garantir que est\u00e1 corretamente implementado no seu URL, seja qual for o m\u00e9todo de implementa\u00e7\u00e3o dos seus schemas (Microdados, JSON-LD):<\/p>\n<p><img decoding=\"async\" class=\"aligncenter size-full wp-image-2647\" src=\"https:\/\/cecomart.com\/wp-content\/uploads\/2024\/10\/schema-markup-validator.png\" alt=\"schema validator de schema.org\" width=\"751\" height=\"387\" srcset=\"https:\/\/cecomart.com\/wp-content\/uploads\/2024\/10\/schema-markup-validator.png 751w, https:\/\/cecomart.com\/wp-content\/uploads\/2024\/10\/schema-markup-validator-300x155.png 300w\" sizes=\"(max-width: 751px) 100vw, 751px\" \/><\/p>\n<h4 style=\"text-align: center;\"><span class=\"ez-toc-section\" id=\"Outros_termos_do_dicionario_SEO\"><\/span>Outros termos do dicion\u00e1rio SEO<span class=\"ez-toc-section-end\"><\/span><\/h4>\n<h5><span class=\"ez-toc-section\" id=\"Conceitos_com_A\"><\/span>Conceitos com A<span class=\"ez-toc-section-end\"><\/span><\/h5>\n<ul>\n<li><a href=\"https:\/\/cecomart.com\/pt\/dicionario-seo\/anchor-text\/\">Anchor text<\/a><\/li>\n<li><a href=\"https:\/\/cecomart.com\/pt\/dicionario-seo\/alt-text\/\">Alt Text<\/a><\/li>\n<\/ul>\n<h5><span class=\"ez-toc-section\" id=\"Conceitos_com_B\"><\/span>Conceitos com B<span class=\"ez-toc-section-end\"><\/span><\/h5>\n<ul>\n<li><a href=\"https:\/\/cecomart.com\/pt\/dicionario-seo\/broken-links\/\">Broken Links<\/a><\/li>\n<\/ul>\n<h5><span class=\"ez-toc-section\" id=\"Conceitos_com_C\"><\/span>Conceitos com C<span class=\"ez-toc-section-end\"><\/span><\/h5>\n<ul>\n<li><a href=\"https:\/\/cecomart.com\/pt\/dicionario-seo\/canonical\/\">Canonical url<\/a><\/li>\n<li><a href=\"https:\/\/cecomart.com\/pt\/dicionario-seo\/cro-conversion-rate-optimization\/\">CRO<\/a><\/li>\n<li><a href=\"https:\/\/cecomart.com\/pt\/dicionario-seo\/ctr\/\">CTR<\/a><\/li>\n<\/ul>\n<h5><span class=\"ez-toc-section\" id=\"Conceitos_com_D\"><\/span>Conceitos com D<span class=\"ez-toc-section-end\"><\/span><\/h5>\n<ul>\n<li><a href=\"https:\/\/cecomart.com\/pt\/dicionario-seo\/disavow\/\">Disavow<\/a><\/li>\n<li><a href=\"https:\/\/cecomart.com\/pt\/dicionario-seo\/domain-authority-da\/\">Domain authority<\/a><\/li>\n<li><a href=\"https:\/\/cecomart.com\/pt\/dicionario-seo\/dwell-time\/\">Dwell time<\/a><\/li>\n<\/ul>\n<h5><span class=\"ez-toc-section\" id=\"Conceitos_com_E\"><\/span>Conceitos com E<span class=\"ez-toc-section-end\"><\/span><\/h5>\n<ul>\n<li><a href=\"https:\/\/cecomart.com\/pt\/dicionario-seo\/etiquetas-cabecalho-h-headings\/\">Etiquetas h o Headings<\/a><\/li>\n<\/ul>\n<h5><span class=\"ez-toc-section\" id=\"Conceitos_com_F\"><\/span>Conceitos com F<span class=\"ez-toc-section-end\"><\/span><\/h5>\n<ul>\n<li><a href=\"https:\/\/cecomart.com\/pt\/dicionario-seo\/favicon\/\">Favicon<\/a><\/li>\n<li><a href=\"https:\/\/cecomart.com\/pt\/dicionario-seo\/footer\/\">Footer<\/a><\/li>\n<li><a href=\"https:\/\/cecomart.com\/pt\/dicionario-seo\/footprints\/\">Footprints Google<\/a><\/li>\n<\/ul>\n<h5><span class=\"ez-toc-section\" id=\"Conceitos_com_H\"><\/span>Conceitos com H<span class=\"ez-toc-section-end\"><\/span><\/h5>\n<ul>\n<li><a href=\"https:\/\/cecomart.com\/pt\/dicionario-seo\/hreflang\/\">Hreflang<\/a><\/li>\n<li><a href=\"https:\/\/cecomart.com\/pt\/dicionario-seo\/header\/\">Header<\/a><\/li>\n<\/ul>\n<h5><span class=\"ez-toc-section\" id=\"Conceitos_com_K\"><\/span>Conceitos com K<span class=\"ez-toc-section-end\"><\/span><\/h5>\n<ul>\n<li><a href=\"https:\/\/cecomart.com\/pt\/dicionario-seo\/keyword-stuffing\/\">Keyword Stuffing<\/a><\/li>\n<\/ul>\n<h5><span class=\"ez-toc-section\" id=\"Conceitos_com_R\"><\/span>Conceitos com R<span class=\"ez-toc-section-end\"><\/span><\/h5>\n<ul>\n<li><a href=\"https:\/\/cecomart.com\/pt\/dicionario-seo\/robots-txt\/\">Robots.txt<\/a><\/li>\n<\/ul>\n<h5><span class=\"ez-toc-section\" id=\"Conceitos_com_T\"><\/span>Conceitos com T<span class=\"ez-toc-section-end\"><\/span><\/h5>\n<ul>\n<li><a href=\"https:\/\/cecomart.com\/pt\/dicionario-seo\/target-_blank\/\">Target _blank<\/a><\/li>\n<\/ul>\n","protected":false},"excerpt":{"rendered":"<p>O que \u00e9 um Schema ou dado estruturado Um Schema ou dado estruturado \u00e9 um formato de codifica\u00e7\u00e3o que permite aos motores de busca, como o Google, entender melhor o conte\u00fado de uma p\u00e1gina web. Ao adicionar dados de tipo estruturados a uma p\u00e1gina web, \u00e9 fornecida informa\u00e7\u00e3o adicional sobre o conte\u00fado da p\u00e1gina, o [&hellip;]<\/p>\n","protected":false},"author":1,"featured_media":0,"parent":2952,"menu_order":0,"comment_status":"closed","ping_status":"closed","template":"","meta":{"_ayudawp_aiss_exclude":false,"_locale":"pt_PT","_original_post":"https:\/\/cecomart.com\/?page_id=1347","footnotes":""},"class_list":["post-2990","page","type-page","status-publish","hentry","pt-PT"],"yoast_head":"<!-- This site is optimized with the Yoast SEO plugin v27.5 - https:\/\/yoast.com\/product\/yoast-seo-wordpress\/ -->\n<title>\u25ba Schemas o Dados Estruturados: O que s\u00e3o, tipos e mais | Cecomart<\/title>\n<meta name=\"description\" content=\"\u25e3 Schemas o Dados Estruturados: Conhe\u00e7a toda a informa\u00e7\u00e3o sobre o elemento SEO. O que \u00e9 e como usar para o nosso posicionamiento. \u25e2\" \/>\n<meta name=\"robots\" content=\"index, follow, max-snippet:-1, max-image-preview:large, max-video-preview:-1\" \/>\n<link rel=\"canonical\" href=\"https:\/\/cecomart.com\/pt\/dicionario-seo\/schemas-dados-estruturados\/\" \/>\n<meta property=\"og:locale\" content=\"pt_PT\" \/>\n<meta property=\"og:type\" content=\"article\" \/>\n<meta property=\"og:title\" content=\"\u25ba Schemas o Dados Estruturados: O que s\u00e3o, tipos e mais | Cecomart\" \/>\n<meta property=\"og:description\" content=\"\u25e3 Schemas o Dados Estruturados: Conhe\u00e7a toda a informa\u00e7\u00e3o sobre o elemento SEO. O que \u00e9 e como usar para o nosso posicionamiento. \u25e2\" \/>\n<meta property=\"og:url\" content=\"https:\/\/cecomart.com\/pt\/dicionario-seo\/schemas-dados-estruturados\/\" \/>\n<meta property=\"og:site_name\" content=\"Cecomart\" \/>\n<meta property=\"article:modified_time\" content=\"2025-01-13T10:19:41+00:00\" \/>\n<meta property=\"og:image\" content=\"https:\/\/cecomart.com\/wp-content\/uploads\/2024\/10\/que-es-schema-org.jpg\" \/>\n\t<meta property=\"og:image:width\" content=\"600\" \/>\n\t<meta property=\"og:image:height\" content=\"450\" \/>\n\t<meta property=\"og:image:type\" content=\"image\/jpeg\" \/>\n<meta name=\"twitter:card\" content=\"summary_large_image\" \/>\n<meta name=\"twitter:site\" content=\"@SoyCortiz\" \/>\n<meta name=\"twitter:label1\" content=\"Tempo estimado de leitura\" \/>\n\t<meta name=\"twitter:data1\" content=\"3 minutos\" \/>\n<!-- \/ Yoast SEO plugin. -->","yoast_head_json":{"title":"\u25ba Schemas o Dados Estruturados: O que s\u00e3o, tipos e mais | Cecomart","description":"\u25e3 Schemas o Dados Estruturados: Conhe\u00e7a toda a informa\u00e7\u00e3o sobre o elemento SEO. O que \u00e9 e como usar para o nosso posicionamiento. \u25e2","robots":{"index":"index","follow":"follow","max-snippet":"max-snippet:-1","max-image-preview":"max-image-preview:large","max-video-preview":"max-video-preview:-1"},"canonical":"https:\/\/cecomart.com\/pt\/dicionario-seo\/schemas-dados-estruturados\/","og_locale":"pt_PT","og_type":"article","og_title":"\u25ba Schemas o Dados Estruturados: O que s\u00e3o, tipos e mais | Cecomart","og_description":"\u25e3 Schemas o Dados Estruturados: Conhe\u00e7a toda a informa\u00e7\u00e3o sobre o elemento SEO. O que \u00e9 e como usar para o nosso posicionamiento. \u25e2","og_url":"https:\/\/cecomart.com\/pt\/dicionario-seo\/schemas-dados-estruturados\/","og_site_name":"Cecomart","article_modified_time":"2025-01-13T10:19:41+00:00","og_image":[{"width":600,"height":450,"url":"https:\/\/cecomart.com\/wp-content\/uploads\/2024\/10\/que-es-schema-org.jpg","type":"image\/jpeg"}],"twitter_card":"summary_large_image","twitter_site":"@SoyCortiz","twitter_misc":{"Tempo estimado de leitura":"3 minutos"},"schema":{"@context":"https:\/\/schema.org","@graph":[{"@type":"Article","@id":"https:\/\/cecomart.com\/pt\/dicionario-seo\/schemas-dados-estruturados\/#article","isPartOf":{"@id":"https:\/\/cecomart.com\/pt\/dicionario-seo\/schemas-dados-estruturados\/"},"author":{"name":"C.Ortiz","@id":"https:\/\/cecomart.com\/#\/schema\/person\/2c89526db0f701abd6b4e52aafb69731"},"headline":"Schemas o Dados estruturados","datePublished":"2025-01-11T20:20:02+00:00","dateModified":"2025-01-13T10:19:41+00:00","mainEntityOfPage":{"@id":"https:\/\/cecomart.com\/pt\/dicionario-seo\/schemas-dados-estruturados\/"},"wordCount":616,"publisher":{"@id":"https:\/\/cecomart.com\/#organization"},"image":{"@id":"https:\/\/cecomart.com\/pt\/dicionario-seo\/schemas-dados-estruturados\/#primaryimage"},"thumbnailUrl":"https:\/\/cecomart.com\/wp-content\/uploads\/2024\/10\/que-es-schema-org.jpg","inLanguage":"pt-PT"},{"@type":"WebPage","@id":"https:\/\/cecomart.com\/pt\/dicionario-seo\/schemas-dados-estruturados\/","url":"https:\/\/cecomart.com\/pt\/dicionario-seo\/schemas-dados-estruturados\/","name":"\u25ba Schemas o Dados Estruturados: O que s\u00e3o, tipos e mais | Cecomart","isPartOf":{"@id":"https:\/\/cecomart.com\/#website"},"primaryImageOfPage":{"@id":"https:\/\/cecomart.com\/pt\/dicionario-seo\/schemas-dados-estruturados\/#primaryimage"},"image":{"@id":"https:\/\/cecomart.com\/pt\/dicionario-seo\/schemas-dados-estruturados\/#primaryimage"},"thumbnailUrl":"https:\/\/cecomart.com\/wp-content\/uploads\/2024\/10\/que-es-schema-org.jpg","datePublished":"2025-01-11T20:20:02+00:00","dateModified":"2025-01-13T10:19:41+00:00","description":"\u25e3 Schemas o Dados Estruturados: Conhe\u00e7a toda a informa\u00e7\u00e3o sobre o elemento SEO. O que \u00e9 e como usar para o nosso posicionamiento. \u25e2","breadcrumb":{"@id":"https:\/\/cecomart.com\/pt\/dicionario-seo\/schemas-dados-estruturados\/#breadcrumb"},"inLanguage":"pt-PT","potentialAction":[{"@type":"ReadAction","target":["https:\/\/cecomart.com\/pt\/dicionario-seo\/schemas-dados-estruturados\/"]}]},{"@type":"ImageObject","inLanguage":"pt-PT","@id":"https:\/\/cecomart.com\/pt\/dicionario-seo\/schemas-dados-estruturados\/#primaryimage","url":"https:\/\/cecomart.com\/wp-content\/uploads\/2024\/10\/que-es-schema-org.jpg","contentUrl":"https:\/\/cecomart.com\/wp-content\/uploads\/2024\/10\/que-es-schema-org.jpg","width":600,"height":450,"caption":"Qu\u00e9 es schema o datos estructurados"},{"@type":"BreadcrumbList","@id":"https:\/\/cecomart.com\/pt\/dicionario-seo\/schemas-dados-estruturados\/#breadcrumb","itemListElement":[{"@type":"ListItem","position":1,"name":"SEO","item":"https:\/\/cecomart.com\/pt\/"},{"@type":"ListItem","position":2,"name":"Dicion\u00e1rio de SEO","item":"https:\/\/cecomart.com\/pt\/dicionario-seo\/"},{"@type":"ListItem","position":3,"name":"Schemas o Dados estruturados"}]},{"@type":"WebSite","@id":"https:\/\/cecomart.com\/#website","url":"https:\/\/cecomart.com\/","name":"Cecomart","description":"Especialista en SEO e Inteligencia Artificial","publisher":{"@id":"https:\/\/cecomart.com\/#organization"},"alternateName":"Cecomart","potentialAction":[{"@type":"SearchAction","target":{"@type":"EntryPoint","urlTemplate":"https:\/\/cecomart.com\/?s={search_term_string}"},"query-input":{"@type":"PropertyValueSpecification","valueRequired":true,"valueName":"search_term_string"}}],"inLanguage":"pt-PT"},{"@type":"Organization","@id":"https:\/\/cecomart.com\/#organization","name":"Cecomart","url":"https:\/\/cecomart.com\/","logo":{"@type":"ImageObject","inLanguage":"pt-PT","@id":"https:\/\/cecomart.com\/#\/schema\/logo\/image\/","url":"https:\/\/cecomart.com\/wp-content\/uploads\/2024\/09\/logo-cecomart-2024.jpg","contentUrl":"https:\/\/cecomart.com\/wp-content\/uploads\/2024\/09\/logo-cecomart-2024.jpg","width":1116,"height":466,"caption":"Cecomart"},"image":{"@id":"https:\/\/cecomart.com\/#\/schema\/logo\/image\/"},"sameAs":["https:\/\/x.com\/SoyCortiz"]},{"@type":"Person","@id":"https:\/\/cecomart.com\/#\/schema\/person\/2c89526db0f701abd6b4e52aafb69731","name":"C.Ortiz","image":{"@type":"ImageObject","inLanguage":"pt-PT","@id":"https:\/\/secure.gravatar.com\/avatar\/a4e2ff9a83acee041bf89b127a3c9e31bee701c1977f13261c281d19a819ab3c?s=96&d=mm&r=g","url":"https:\/\/secure.gravatar.com\/avatar\/a4e2ff9a83acee041bf89b127a3c9e31bee701c1977f13261c281d19a819ab3c?s=96&d=mm&r=g","contentUrl":"https:\/\/secure.gravatar.com\/avatar\/a4e2ff9a83acee041bf89b127a3c9e31bee701c1977f13261c281d19a819ab3c?s=96&d=mm&r=g","caption":"C.Ortiz"},"description":"Consultor SEO desde 2015. Apasionado por difundir noticias sobre posicionamiento web y seguir aprendiendo de una profesi\u00f3n en constante evoluci\u00f3n. Especializado en SEO t\u00e9cnico, GEO y AEO.","sameAs":["https:\/\/cecomart.com","https:\/\/x.com\/@SoyCortiz"],"url":"https:\/\/cecomart.com\/author\/cortiz\/"}]}},"_links":{"self":[{"href":"https:\/\/cecomart.com\/wp-json\/wp\/v2\/pages\/2990","targetHints":{"allow":["GET"]}}],"collection":[{"href":"https:\/\/cecomart.com\/wp-json\/wp\/v2\/pages"}],"about":[{"href":"https:\/\/cecomart.com\/wp-json\/wp\/v2\/types\/page"}],"author":[{"embeddable":true,"href":"https:\/\/cecomart.com\/wp-json\/wp\/v2\/users\/1"}],"replies":[{"embeddable":true,"href":"https:\/\/cecomart.com\/wp-json\/wp\/v2\/comments?post=2990"}],"version-history":[{"count":3,"href":"https:\/\/cecomart.com\/wp-json\/wp\/v2\/pages\/2990\/revisions"}],"predecessor-version":[{"id":3027,"href":"https:\/\/cecomart.com\/wp-json\/wp\/v2\/pages\/2990\/revisions\/3027"}],"up":[{"embeddable":true,"href":"https:\/\/cecomart.com\/wp-json\/wp\/v2\/pages\/2952"}],"wp:attachment":[{"href":"https:\/\/cecomart.com\/wp-json\/wp\/v2\/media?parent=2990"}],"curies":[{"name":"wp","href":"https:\/\/api.w.org\/{rel}","templated":true}]}}