{"id":2988,"date":"2025-01-11T20:19:25","date_gmt":"2025-01-11T20:19:25","guid":{"rendered":"https:\/\/cecomart.com\/?page_id=2988"},"modified":"2025-01-11T20:19:25","modified_gmt":"2025-01-11T20:19:25","slug":"keyword-stuffing","status":"publish","type":"page","link":"https:\/\/cecomart.com\/pt\/dicionario-seo\/keyword-stuffing\/","title":{"rendered":"Keyword Stuffing"},"content":{"rendered":"<div id=\"ez-toc-container\" class=\"ez-toc-v2_0_82_2 counter-hierarchy ez-toc-counter ez-toc-custom ez-toc-container-direction\">\n<div class=\"ez-toc-title-container\">\n<p class=\"ez-toc-title\" style=\"cursor:inherit\">Content<\/p>\n<span class=\"ez-toc-title-toggle\"><a href=\"#\" class=\"ez-toc-pull-right ez-toc-btn ez-toc-btn-xs ez-toc-btn-default ez-toc-toggle\" aria-label=\"Toggle Table of Content\"><span class=\"ez-toc-js-icon-con\"><span class=\"\"><span class=\"eztoc-hide\" style=\"display:none;\">Toggle<\/span><span class=\"ez-toc-icon-toggle-span\"><svg style=\"fill: #0f0f0f;color:#0f0f0f\" xmlns=\"http:\/\/www.w3.org\/2000\/svg\" class=\"list-377408\" width=\"20px\" height=\"20px\" viewBox=\"0 0 24 24\" fill=\"none\"><path d=\"M6 6H4v2h2V6zm14 0H8v2h12V6zM4 11h2v2H4v-2zm16 0H8v2h12v-2zM4 16h2v2H4v-2zm16 0H8v2h12v-2z\" fill=\"currentColor\"><\/path><\/svg><svg style=\"fill: #0f0f0f;color:#0f0f0f\" class=\"arrow-unsorted-368013\" xmlns=\"http:\/\/www.w3.org\/2000\/svg\" width=\"10px\" height=\"10px\" viewBox=\"0 0 24 24\" version=\"1.2\" baseProfile=\"tiny\"><path d=\"M18.2 9.3l-6.2-6.3-6.2 6.3c-.2.2-.3.4-.3.7s.1.5.3.7c.2.2.4.3.7.3h11c.3 0 .5-.1.7-.3.2-.2.3-.5.3-.7s-.1-.5-.3-.7zM5.8 14.7l6.2 6.3 6.2-6.3c.2-.2.3-.5.3-.7s-.1-.5-.3-.7c-.2-.2-.4-.3-.7-.3h-11c-.3 0-.5.1-.7.3-.2.2-.3.5-.3.7s.1.5.3.7z\"\/><\/svg><\/span><\/span><\/span><\/a><\/span><\/div>\n<nav><ul class='ez-toc-list ez-toc-list-level-1 eztoc-toggle-hide-by-default' ><li class='ez-toc-page-1 ez-toc-heading-level-2'><a class=\"ez-toc-link ez-toc-heading-1\" href=\"https:\/\/cecomart.com\/pt\/dicionario-seo\/keyword-stuffing\/#O_que_e_o_keyword_stuffing\" >O que \u00e9 o keyword stuffing<\/a><\/li><li class='ez-toc-page-1 ez-toc-heading-level-2'><a class=\"ez-toc-link ez-toc-heading-2\" href=\"https:\/\/cecomart.com\/pt\/dicionario-seo\/keyword-stuffing\/#Perigos_do_keyword_stuffing_para_o_nosso_site\" >Perigos do keyword stuffing para o nosso site<\/a><\/li><li class='ez-toc-page-1 ez-toc-heading-level-2'><a class=\"ez-toc-link ez-toc-heading-3\" href=\"https:\/\/cecomart.com\/pt\/dicionario-seo\/keyword-stuffing\/#Perguntas_frequentes_sobre_este_conceito\" >Perguntas frequentes sobre este conceito:<\/a><ul class='ez-toc-list-level-3' ><li class='ez-toc-heading-level-3'><a class=\"ez-toc-link ez-toc-heading-4\" href=\"https:\/\/cecomart.com\/pt\/dicionario-seo\/keyword-stuffing\/#Como_podemos_evitar_o_keyword_stuffing\" >Como podemos evitar o keyword stuffing?<\/a><\/li><li class='ez-toc-page-1 ez-toc-heading-level-3'><a class=\"ez-toc-link ez-toc-heading-5\" href=\"https:\/\/cecomart.com\/pt\/dicionario-seo\/keyword-stuffing\/#Continua_a_ser_um_fator_de_posicionamento_o_keyword_stuffing\" >Continua a ser um fator de posicionamento o keyword stuffing?<\/a><ul class='ez-toc-list-level-4' ><li class='ez-toc-heading-level-4'><a class=\"ez-toc-link ez-toc-heading-6\" href=\"https:\/\/cecomart.com\/pt\/dicionario-seo\/keyword-stuffing\/#Outros_termos_do_dicionario_SEO\" >Outros termos do dicion\u00e1rio SEO<\/a><ul class='ez-toc-list-level-5' ><li class='ez-toc-heading-level-5'><a class=\"ez-toc-link ez-toc-heading-7\" href=\"https:\/\/cecomart.com\/pt\/dicionario-seo\/keyword-stuffing\/#Conceitos_com_A\" >Conceitos com A<\/a><\/li><li class='ez-toc-page-1 ez-toc-heading-level-5'><a class=\"ez-toc-link ez-toc-heading-8\" href=\"https:\/\/cecomart.com\/pt\/dicionario-seo\/keyword-stuffing\/#Conceitos_com_B\" >Conceitos com B<\/a><\/li><li class='ez-toc-page-1 ez-toc-heading-level-5'><a class=\"ez-toc-link ez-toc-heading-9\" href=\"https:\/\/cecomart.com\/pt\/dicionario-seo\/keyword-stuffing\/#Conceitos_com_C\" >Conceitos com C<\/a><\/li><li class='ez-toc-page-1 ez-toc-heading-level-5'><a class=\"ez-toc-link ez-toc-heading-10\" href=\"https:\/\/cecomart.com\/pt\/dicionario-seo\/keyword-stuffing\/#Conceitos_com_D\" >Conceitos com D<\/a><\/li><li class='ez-toc-page-1 ez-toc-heading-level-5'><a class=\"ez-toc-link ez-toc-heading-11\" href=\"https:\/\/cecomart.com\/pt\/dicionario-seo\/keyword-stuffing\/#Conceitos_com_E\" >Conceitos com E<\/a><\/li><li class='ez-toc-page-1 ez-toc-heading-level-5'><a class=\"ez-toc-link ez-toc-heading-12\" href=\"https:\/\/cecomart.com\/pt\/dicionario-seo\/keyword-stuffing\/#Conceitos_com_F\" >Conceitos com F<\/a><\/li><li class='ez-toc-page-1 ez-toc-heading-level-5'><a class=\"ez-toc-link ez-toc-heading-13\" href=\"https:\/\/cecomart.com\/pt\/dicionario-seo\/keyword-stuffing\/#Conceitos_com_H\" >Conceitos com H<\/a><\/li><li class='ez-toc-page-1 ez-toc-heading-level-5'><a class=\"ez-toc-link ez-toc-heading-14\" href=\"https:\/\/cecomart.com\/pt\/dicionario-seo\/keyword-stuffing\/#Conceitos_com_S\" >Conceitos com S<\/a><\/li><li class='ez-toc-page-1 ez-toc-heading-level-5'><a class=\"ez-toc-link ez-toc-heading-15\" href=\"https:\/\/cecomart.com\/pt\/dicionario-seo\/keyword-stuffing\/#Conceitos_com_R\" >Conceitos com R<\/a><\/li><li class='ez-toc-page-1 ez-toc-heading-level-5'><a class=\"ez-toc-link ez-toc-heading-16\" href=\"https:\/\/cecomart.com\/pt\/dicionario-seo\/keyword-stuffing\/#Conceitos_com_T\" >Conceitos com T<\/a><\/li><\/ul><\/li><\/ul><\/li><\/ul><\/li><\/ul><\/nav><\/div>\n\n<h2><span class=\"ez-toc-section\" id=\"O_que_e_o_keyword_stuffing\"><\/span>O que \u00e9 o keyword stuffing<span class=\"ez-toc-section-end\"><\/span><\/h2>\n<p>O keyword stuffing \u00e9 uma t\u00e9cnica considerada como <em>black hat<\/em> que consiste na <strong>sobrecarga de uma p\u00e1gina web com palavras-chave repetidas<\/strong> artificialmente com o objetivo de melhorar o posicionamento nos motores de busca. \u00c9 uma pr\u00e1tica considerada spam e que pode ter um impacto negativo na visibilidade e o ranking de uma p\u00e1gina nos resultados de busca.<\/p>\n<p>\u00c9 poss\u00edvel que seja um termo quase em desuso, dado que esta pr\u00e1tica h\u00e1 muito tempo que deixou de ser feita devido aos problemas que dava com o Google e o algoritmo do Panda, dedicado a perseguir conte\u00fado de m\u00e1 qualidade ou que n\u00e3o cumprisse as diretrizes do motor de busca.<\/p>\n<h2><span class=\"ez-toc-section\" id=\"Perigos_do_keyword_stuffing_para_o_nosso_site\"><\/span>Perigos do keyword stuffing para o nosso site<span class=\"ez-toc-section-end\"><\/span><\/h2>\n<p>H\u00e1 v\u00e1rios perigos do keyword stuffing para o nosso site:<\/p>\n<ul>\n\u00a0 <\/p>\n<li><strong>Penaliza\u00e7\u00e3o por parte dos motores de busca<\/strong>: os motores de busca, especialmente o Google, t\u00eam sistemas de dete\u00e7\u00e3o de pr\u00e1ticas spam e podem penalizar ou desindexar uma p\u00e1gina que utilize este excesso de palavras-chave.<\/li>\n<p>\u00a0 <\/p>\n<li><strong>Utilizadores insatisfeitos<\/strong>: os utilizadores podem perceber a sobrecarga de palavras-chave como um conte\u00fado pobre e pouco relevante, o que pode levar a uma taxa de rejei\u00e7\u00e3o alta e a uma diminui\u00e7\u00e3o no tr\u00e1fego a longo prazo.<\/li>\n<p>\u00a0 <\/p>\n<li><strong>Desgaste da reputa\u00e7\u00e3o<\/strong>: o keyword stuffing \u00e9 considerado uma t\u00e9cnica pouco \u00e9tica e pode danificar a reputa\u00e7\u00e3o de uma marca.<\/li>\n<\/ul>\n<h2><span class=\"ez-toc-section\" id=\"Perguntas_frequentes_sobre_este_conceito\"><\/span>Perguntas frequentes sobre este conceito:<span class=\"ez-toc-section-end\"><\/span><\/h2>\n<h3><span class=\"ez-toc-section\" id=\"Como_podemos_evitar_o_keyword_stuffing\"><\/span>Como podemos evitar o keyword stuffing?<span class=\"ez-toc-section-end\"><\/span><\/h3>\n<ul>\n\u00a0 <\/p>\n<li>Utilizar palavras-chave de forma natural: \u00e9 importante utilizar palavras-chave de forma natural no conte\u00fado, evitando a sobrecarga e o uso repetitivo das mesmas.<\/li>\n<p>\u00a0 <\/p>\n<li>Criar conte\u00fado de qualidade: o conte\u00fado de qualidade \u00e9 fundamental para atrair os utilizadores e melhorar o posicionamento nos motores de busca.<\/li>\n<p>\u00a0 <\/p>\n<li>Utilizar uma estrat\u00e9gia de palavras-chave eficaz: \u00e9 importante ter uma estrat\u00e9gia de palavras-chave bem definida e utilizar as palavras-chave adequadas nos t\u00edtulos, descri\u00e7\u00f5es, cabe\u00e7alhos e corpo do conte\u00fado.<\/li>\n<\/ul>\n<h3><span class=\"ez-toc-section\" id=\"Continua_a_ser_um_fator_de_posicionamento_o_keyword_stuffing\"><\/span>Continua a ser um fator de posicionamento o keyword stuffing?<span class=\"ez-toc-section-end\"><\/span><\/h3>\n<p>N\u00e3o, o keyword stuffing j\u00e1 <strong>n\u00e3o \u00e9 um fator de posicionamento<\/strong> importante para os motores de busca. Os motores de busca evolu\u00edram e t\u00eam sistemas de dete\u00e7\u00e3o de pr\u00e1ticas spam, pelo que penalizam e desindexam as p\u00e1ginas que utilizam esta t\u00e9cnica. O mais importante para melhorar o posicionamento \u00e9 criar conte\u00fado de qualidade, utilizar palavras-chave de forma natural e seguir as recomenda\u00e7\u00f5es dos motores de busca.<br \/>\n<script type=\"application\/ld+json\">{\"@context\":\"https:\/\/schema.org\",\"@type\":\"FAQPage\",\"mainEntity\":[{\"@type\":\"Question\",\"name\":\"Como podemos evitar o keyword stuffing?\",\"acceptedAnswer\":{\"@type\":\"Answer\",\"text\":\"Utilizar palavras chave de forma natural: \u00e9 importante utilizar palavras chave de forma natural no conte\u00fado, evitando a sobrecarga e o uso repetitivo das mesmas.nCriar conte\u00fado de qualidade: o conte\u00fado de qualidade \u00e9 fundamental para atrair os utilizadores e melhorar o posicionamento nos motores de busca.nUtilizar uma estrat\u00e9gia de palavras chave efetiva: \u00e9 importante ter uma estrat\u00e9gia de palavras chave bem definida e utilizar as palavras chave adequadas nos t\u00edtulos, descri\u00e7\u00f5es, cabe\u00e7alhos e corpo do conte\u00fado.\"}},{\"@type\":\"Question\",\"name\":\"Continua a ser um fator de posicionamento o keyword stuffing?\",\"acceptedAnswer\":{\"@type\":\"Answer\",\"text\":\"N\u00e3o, o keyword stuffing j\u00e1 n\u00e3o \u00e9 um fator de posicionamento importante para os motores de busca. Os motores de busca evolu\u00edram e t\u00eam sistemas de dete\u00e7\u00e3o de pr\u00e1ticas spam, pelo que penalizam e desindexam as p\u00e1ginas que utilizam esta t\u00e9cnica. O mais importante para melhorar o posicionamento \u00e9 criar conte\u00fado de qualidade, utilizar palavras chave de forma natural e seguir as recomenda\u00e7\u00f5es dos motores de busca.\"}}]}<\/script><\/p>\n<h4 style=\"text-align: center;\"><span class=\"ez-toc-section\" id=\"Outros_termos_do_dicionario_SEO\"><\/span>Outros termos do dicion\u00e1rio SEO<span class=\"ez-toc-section-end\"><\/span><\/h4>\n<h5><span class=\"ez-toc-section\" id=\"Conceitos_com_A\"><\/span>Conceitos com A<span class=\"ez-toc-section-end\"><\/span><\/h5>\n<ul>\n<li><a href=\"https:\/\/cecomart.com\/pt\/dicionario-seo\/anchor-text\/\">Anchor text<\/a><\/li>\n<li><a href=\"https:\/\/cecomart.com\/pt\/dicionario-seo\/alt-text\/\">Alt Text<\/a><\/li>\n<\/ul>\n<h5><span class=\"ez-toc-section\" id=\"Conceitos_com_B\"><\/span>Conceitos com B<span class=\"ez-toc-section-end\"><\/span><\/h5>\n<ul>\n<li><a href=\"https:\/\/cecomart.com\/pt\/dicionario-seo\/broken-links\/\">Broken Links<\/a><\/li>\n<\/ul>\n<h5><span class=\"ez-toc-section\" id=\"Conceitos_com_C\"><\/span>Conceitos com C<span class=\"ez-toc-section-end\"><\/span><\/h5>\n<ul>\n<li><a href=\"https:\/\/cecomart.com\/pt\/dicionario-seo\/canonical\/\">Canonical url<\/a><\/li>\n<li><a href=\"https:\/\/cecomart.com\/pt\/dicionario-seo\/cro-conversion-rate-optimization\/\">CRO<\/a><\/li>\n<li><a href=\"https:\/\/cecomart.com\/pt\/dicionario-seo\/ctr\/\">CTR<\/a><\/li>\n<\/ul>\n<h5><span class=\"ez-toc-section\" id=\"Conceitos_com_D\"><\/span>Conceitos com D<span class=\"ez-toc-section-end\"><\/span><\/h5>\n<ul>\n<li><a href=\"https:\/\/cecomart.com\/pt\/dicionario-seo\/disavow\/\">Disavow<\/a><\/li>\n<li><a href=\"https:\/\/cecomart.com\/pt\/dicionario-seo\/domain-authority-da\/\">Domain authority<\/a><\/li>\n<li><a href=\"https:\/\/cecomart.com\/pt\/dicionario-seo\/dwell-time\/\">Dwell time<\/a><\/li>\n<\/ul>\n<h5><span class=\"ez-toc-section\" id=\"Conceitos_com_E\"><\/span>Conceitos com E<span class=\"ez-toc-section-end\"><\/span><\/h5>\n<ul>\n<li><a href=\"https:\/\/cecomart.com\/pt\/dicionario-seo\/etiquetas-cabecalho-h-headings\/\">Etiquetas h o Headings<\/a><\/li>\n<\/ul>\n<h5><span class=\"ez-toc-section\" id=\"Conceitos_com_F\"><\/span>Conceitos com F<span class=\"ez-toc-section-end\"><\/span><\/h5>\n<ul>\n<li><a href=\"https:\/\/cecomart.com\/pt\/dicionario-seo\/favicon\/\">Favicon<\/a><\/li>\n<li><a href=\"https:\/\/cecomart.com\/pt\/dicionario-seo\/footer\/\">Footer<\/a><\/li>\n<li><a href=\"https:\/\/cecomart.com\/pt\/dicionario-seo\/footprints\/\">Footprints Google<\/a><\/li>\n<\/ul>\n<h5><span class=\"ez-toc-section\" id=\"Conceitos_com_H\"><\/span>Conceitos com H<span class=\"ez-toc-section-end\"><\/span><\/h5>\n<ul>\n<li><a href=\"https:\/\/cecomart.com\/pt\/dicionario-seo\/hreflang\/\">Hreflang<\/a><\/li>\n<li><a href=\"https:\/\/cecomart.com\/pt\/dicionario-seo\/header\/\">Header<\/a><\/li>\n<\/ul>\n<h5><span class=\"ez-toc-section\" id=\"Conceitos_com_S\"><\/span>Conceitos com S<span class=\"ez-toc-section-end\"><\/span><\/h5>\n<ul>\n<li><a href=\"https:\/\/cecomart.com\/pt\/dicionario-seo\/schemas-dados-estruturados\/\">Schema<\/a><\/li>\n<\/ul>\n<h5><span class=\"ez-toc-section\" id=\"Conceitos_com_R\"><\/span>Conceitos com R<span class=\"ez-toc-section-end\"><\/span><\/h5>\n<ul>\n<li><a href=\"https:\/\/cecomart.com\/pt\/dicionario-seo\/robots-txt\/\">Robots.txt<\/a><\/li>\n<\/ul>\n<h5><span class=\"ez-toc-section\" id=\"Conceitos_com_T\"><\/span>Conceitos com T<span class=\"ez-toc-section-end\"><\/span><\/h5>\n<ul>\n<li><a href=\"https:\/\/cecomart.com\/pt\/dicionario-seo\/target-_blank\/\">Target _blank<\/a><\/li>\n<\/ul>\n<p>&nbsp;<\/p>\n","protected":false},"excerpt":{"rendered":"<p>O que \u00e9 o keyword stuffing O keyword stuffing \u00e9 uma t\u00e9cnica considerada como black hat que consiste na sobrecarga de uma p\u00e1gina web com palavras-chave repetidas artificialmente com o objetivo de melhorar o posicionamento nos motores de busca. \u00c9 uma pr\u00e1tica considerada spam e que pode ter um impacto negativo na visibilidade e o [&hellip;]<\/p>\n","protected":false},"author":1,"featured_media":0,"parent":2952,"menu_order":0,"comment_status":"closed","ping_status":"closed","template":"","meta":{"_ayudawp_aiss_exclude":false,"_locale":"pt_PT","_original_post":"https:\/\/cecomart.com\/?page_id=1326","footnotes":""},"class_list":["post-2988","page","type-page","status-publish","hentry","pt-PT"],"yoast_head":"<!-- This site is optimized with the Yoast SEO plugin v27.5 - https:\/\/yoast.com\/product\/yoast-seo-wordpress\/ -->\n<title>Keyword Stuffing | O que \u00e9 e como evitar | Cecomart<\/title>\n<meta name=\"description\" content=\"\u25b7 Keyword Stuffing: Conhe\u00e7a toda a informa\u00e7\u00e3o sobre este elemento SEO. O que \u00e9 e como evit\u00e1-lo para melhorar o nosso posicionamento web.\" \/>\n<meta name=\"robots\" content=\"index, follow, max-snippet:-1, max-image-preview:large, max-video-preview:-1\" \/>\n<link rel=\"canonical\" href=\"https:\/\/cecomart.com\/pt\/dicionario-seo\/keyword-stuffing\/\" \/>\n<meta property=\"og:locale\" content=\"pt_PT\" \/>\n<meta property=\"og:type\" content=\"article\" \/>\n<meta property=\"og:title\" content=\"Keyword Stuffing | O que \u00e9 e como evitar | Cecomart\" \/>\n<meta property=\"og:description\" content=\"\u25b7 Keyword Stuffing: Conhe\u00e7a toda a informa\u00e7\u00e3o sobre este elemento SEO. O que \u00e9 e como evit\u00e1-lo para melhorar o nosso posicionamento web.\" \/>\n<meta property=\"og:url\" content=\"https:\/\/cecomart.com\/pt\/dicionario-seo\/keyword-stuffing\/\" \/>\n<meta property=\"og:site_name\" content=\"Cecomart\" \/>\n<meta property=\"og:image\" content=\"https:\/\/cecomart.com\/wp-content\/uploads\/2022\/05\/cefe-ortiz-consultor-seo.png\" \/>\n\t<meta property=\"og:image:width\" content=\"832\" \/>\n\t<meta property=\"og:image:height\" content=\"1236\" \/>\n\t<meta property=\"og:image:type\" content=\"image\/png\" \/>\n<meta name=\"twitter:card\" content=\"summary_large_image\" \/>\n<meta name=\"twitter:site\" content=\"@SoyCortiz\" \/>\n<meta name=\"twitter:label1\" content=\"Tempo estimado de leitura\" \/>\n\t<meta name=\"twitter:data1\" content=\"3 minutos\" \/>\n<!-- \/ Yoast SEO plugin. -->","yoast_head_json":{"title":"Keyword Stuffing | O que \u00e9 e como evitar | Cecomart","description":"\u25b7 Keyword Stuffing: Conhe\u00e7a toda a informa\u00e7\u00e3o sobre este elemento SEO. O que \u00e9 e como evit\u00e1-lo para melhorar o nosso posicionamento web.","robots":{"index":"index","follow":"follow","max-snippet":"max-snippet:-1","max-image-preview":"max-image-preview:large","max-video-preview":"max-video-preview:-1"},"canonical":"https:\/\/cecomart.com\/pt\/dicionario-seo\/keyword-stuffing\/","og_locale":"pt_PT","og_type":"article","og_title":"Keyword Stuffing | O que \u00e9 e como evitar | Cecomart","og_description":"\u25b7 Keyword Stuffing: Conhe\u00e7a toda a informa\u00e7\u00e3o sobre este elemento SEO. O que \u00e9 e como evit\u00e1-lo para melhorar o nosso posicionamento web.","og_url":"https:\/\/cecomart.com\/pt\/dicionario-seo\/keyword-stuffing\/","og_site_name":"Cecomart","og_image":[{"width":832,"height":1236,"url":"https:\/\/cecomart.com\/wp-content\/uploads\/2022\/05\/cefe-ortiz-consultor-seo.png","type":"image\/png"}],"twitter_card":"summary_large_image","twitter_site":"@SoyCortiz","twitter_misc":{"Tempo estimado de leitura":"3 minutos"},"schema":{"@context":"https:\/\/schema.org","@graph":[{"@type":"Article","@id":"https:\/\/cecomart.com\/pt\/dicionario-seo\/keyword-stuffing\/#article","isPartOf":{"@id":"https:\/\/cecomart.com\/pt\/dicionario-seo\/keyword-stuffing\/"},"author":{"name":"C.Ortiz","@id":"https:\/\/cecomart.com\/#\/schema\/person\/2c89526db0f701abd6b4e52aafb69731"},"headline":"Keyword Stuffing","datePublished":"2025-01-11T20:19:25+00:00","mainEntityOfPage":{"@id":"https:\/\/cecomart.com\/pt\/dicionario-seo\/keyword-stuffing\/"},"wordCount":482,"publisher":{"@id":"https:\/\/cecomart.com\/#organization"},"inLanguage":"pt-PT"},{"@type":"WebPage","@id":"https:\/\/cecomart.com\/pt\/dicionario-seo\/keyword-stuffing\/","url":"https:\/\/cecomart.com\/pt\/dicionario-seo\/keyword-stuffing\/","name":"Keyword Stuffing | O que \u00e9 e como evitar | Cecomart","isPartOf":{"@id":"https:\/\/cecomart.com\/#website"},"datePublished":"2025-01-11T20:19:25+00:00","description":"\u25b7 Keyword Stuffing: Conhe\u00e7a toda a informa\u00e7\u00e3o sobre este elemento SEO. O que \u00e9 e como evit\u00e1-lo para melhorar o nosso posicionamento web.","breadcrumb":{"@id":"https:\/\/cecomart.com\/pt\/dicionario-seo\/keyword-stuffing\/#breadcrumb"},"inLanguage":"pt-PT","potentialAction":[{"@type":"ReadAction","target":["https:\/\/cecomart.com\/pt\/dicionario-seo\/keyword-stuffing\/"]}]},{"@type":"BreadcrumbList","@id":"https:\/\/cecomart.com\/pt\/dicionario-seo\/keyword-stuffing\/#breadcrumb","itemListElement":[{"@type":"ListItem","position":1,"name":"SEO","item":"https:\/\/cecomart.com\/pt\/"},{"@type":"ListItem","position":2,"name":"Dicion\u00e1rio de SEO","item":"https:\/\/cecomart.com\/pt\/dicionario-seo\/"},{"@type":"ListItem","position":3,"name":"Keyword Stuffing"}]},{"@type":"WebSite","@id":"https:\/\/cecomart.com\/#website","url":"https:\/\/cecomart.com\/","name":"Cecomart","description":"Especialista en SEO e Inteligencia Artificial","publisher":{"@id":"https:\/\/cecomart.com\/#organization"},"alternateName":"Cecomart","potentialAction":[{"@type":"SearchAction","target":{"@type":"EntryPoint","urlTemplate":"https:\/\/cecomart.com\/?s={search_term_string}"},"query-input":{"@type":"PropertyValueSpecification","valueRequired":true,"valueName":"search_term_string"}}],"inLanguage":"pt-PT"},{"@type":"Organization","@id":"https:\/\/cecomart.com\/#organization","name":"Cecomart","url":"https:\/\/cecomart.com\/","logo":{"@type":"ImageObject","inLanguage":"pt-PT","@id":"https:\/\/cecomart.com\/#\/schema\/logo\/image\/","url":"https:\/\/cecomart.com\/wp-content\/uploads\/2024\/09\/logo-cecomart-2024.jpg","contentUrl":"https:\/\/cecomart.com\/wp-content\/uploads\/2024\/09\/logo-cecomart-2024.jpg","width":1116,"height":466,"caption":"Cecomart"},"image":{"@id":"https:\/\/cecomart.com\/#\/schema\/logo\/image\/"},"sameAs":["https:\/\/x.com\/SoyCortiz"]},{"@type":"Person","@id":"https:\/\/cecomart.com\/#\/schema\/person\/2c89526db0f701abd6b4e52aafb69731","name":"C.Ortiz","image":{"@type":"ImageObject","inLanguage":"pt-PT","@id":"https:\/\/secure.gravatar.com\/avatar\/a4e2ff9a83acee041bf89b127a3c9e31bee701c1977f13261c281d19a819ab3c?s=96&d=mm&r=g","url":"https:\/\/secure.gravatar.com\/avatar\/a4e2ff9a83acee041bf89b127a3c9e31bee701c1977f13261c281d19a819ab3c?s=96&d=mm&r=g","contentUrl":"https:\/\/secure.gravatar.com\/avatar\/a4e2ff9a83acee041bf89b127a3c9e31bee701c1977f13261c281d19a819ab3c?s=96&d=mm&r=g","caption":"C.Ortiz"},"description":"Consultor SEO desde 2015. Apasionado por difundir noticias sobre posicionamiento web y seguir aprendiendo de una profesi\u00f3n en constante evoluci\u00f3n. Especializado en SEO t\u00e9cnico, GEO y AEO.","sameAs":["https:\/\/cecomart.com","https:\/\/x.com\/@SoyCortiz"],"url":"https:\/\/cecomart.com\/author\/cortiz\/"}]}},"_links":{"self":[{"href":"https:\/\/cecomart.com\/wp-json\/wp\/v2\/pages\/2988","targetHints":{"allow":["GET"]}}],"collection":[{"href":"https:\/\/cecomart.com\/wp-json\/wp\/v2\/pages"}],"about":[{"href":"https:\/\/cecomart.com\/wp-json\/wp\/v2\/types\/page"}],"author":[{"embeddable":true,"href":"https:\/\/cecomart.com\/wp-json\/wp\/v2\/users\/1"}],"replies":[{"embeddable":true,"href":"https:\/\/cecomart.com\/wp-json\/wp\/v2\/comments?post=2988"}],"version-history":[{"count":2,"href":"https:\/\/cecomart.com\/wp-json\/wp\/v2\/pages\/2988\/revisions"}],"predecessor-version":[{"id":3014,"href":"https:\/\/cecomart.com\/wp-json\/wp\/v2\/pages\/2988\/revisions\/3014"}],"up":[{"embeddable":true,"href":"https:\/\/cecomart.com\/wp-json\/wp\/v2\/pages\/2952"}],"wp:attachment":[{"href":"https:\/\/cecomart.com\/wp-json\/wp\/v2\/media?parent=2988"}],"curies":[{"name":"wp","href":"https:\/\/api.w.org\/{rel}","templated":true}]}}