{"id":2986,"date":"2025-01-11T20:18:25","date_gmt":"2025-01-11T20:18:25","guid":{"rendered":"https:\/\/cecomart.com\/?page_id=2986"},"modified":"2025-01-11T20:18:25","modified_gmt":"2025-01-11T20:18:25","slug":"header","status":"publish","type":"page","link":"https:\/\/cecomart.com\/pt\/dicionario-seo\/header\/","title":{"rendered":"Header"},"content":{"rendered":"<h2>O que \u00e9 um header HTML num site?<\/h2>\n<p>O header HTML \u00e9 uma se\u00e7\u00e3o da p\u00e1gina web que se encontra na parte superior da p\u00e1gina e que cont\u00e9m informa\u00e7\u00e3o importante para o utilizador. Essencialmente, o header \u00e9 a se\u00e7\u00e3o onde se encontram os elementos de navega\u00e7\u00e3o e os elementos de marca de uma p\u00e1gina web.<\/p>\n<p>Um header bem desenhado e organizado pode melhorar significativamente a usabilidade e a experi\u00eancia do utilizador na p\u00e1gina.<\/p>\n<h2>Como fazer um header para o meu site?<\/h2>\n<p>Para fazer um header para o seu site web, dever\u00e1 ter um conhecimento b\u00e1sico de HTML e CSS. Primeiro, deve decidir que elementos deseja incluir no seu header, como um log\u00f3tipo, menu de navega\u00e7\u00e3o, formul\u00e1rio de busca e\/ou links para redes sociais.<\/p>\n<p>A seguir, dever\u00e1 codificar o HTML e o CSS necess\u00e1rios para construir e desenhar o header.<\/p>\n<h2>Que elementos v\u00e3o num header web?<\/h2>\n<p>Os elementos que se incluem num header podem variar dependendo do site web e o seu prop\u00f3sito, mas alguns elementos comuns incluem:<\/p>\n<ul>\n\u00a0 <\/p>\n<li>Log\u00f3tipo ou imagem de marca<\/li>\n<p>\u00a0 <\/p>\n<li>Menu de navega\u00e7\u00e3o principal<\/li>\n<p>\u00a0 <\/p>\n<li>Bot\u00e3o de busca<\/li>\n<p>\u00a0 <\/p>\n<li>Links para redes sociais<\/li>\n<p>\u00a0 <\/p>\n<li>Informa\u00e7\u00e3o de contacto<\/li>\n<p>\u00a0 <\/p>\n<li>Informa\u00e7\u00e3o de in\u00edcio de sess\u00e3o<\/li>\n<\/ul>\n<h2>Exemplo de header HTML<\/h2>\n<div style=\"background: black; color: white;\">&lt;header&gt;<br \/>\n&lt;div class=&#8221;logo&#8221;&gt;<br \/>\n&lt;a href=&#8221;index.html&#8221;&gt;&lt;img src=&#8221;logo.png&#8221; alt=&#8221;A minha marca&#8221;&gt;&lt;\/a&gt;<br \/>\n&lt;\/div&gt;<br \/>\n&lt;nav&gt;<br \/>\n&lt;ul&gt;<br \/>\n&lt;li&gt;&lt;a href=&#8221;produtos.html&#8221;&gt;Produtos&lt;\/a&gt;&lt;\/li&gt;<br \/>\n&lt;li&gt;&lt;a href=&#8221;servicos.html&#8221;&gt;Servi\u00e7os&lt;\/a&gt;&lt;\/li&gt;<br \/>\n&lt;li&gt;&lt;a href=&#8221;contacto.html&#8221;&gt;Contacto&lt;\/a&gt;&lt;\/li&gt;<br \/>\n&lt;\/ul&gt;<br \/>\n&lt;\/nav&gt;<br \/>\n&lt;div class=&#8221;busqueda&#8221;&gt;<br \/>\n&lt;form&gt;<br \/>\n&lt;input type=&#8221;text&#8221; placeholder=&#8221;Buscar&#8230;&#8221;&gt;<br \/>\n&lt;button type=&#8221;submit&#8221;&gt;Buscar&lt;\/button&gt;<br \/>\n&lt;\/form&gt;<br \/>\n&lt;\/div&gt;<br \/>\n&lt;\/header&gt;<\/div>\n<h3>Conselhos para ter um bom header HTML<\/h3>\n<ul>\n\u00a0 <\/p>\n<li>Mantenha o seu header simples e f\u00e1cil de navegar para os utilizadores.<\/li>\n<p>\u00a0 <\/p>\n<li>Utilize um design limpo e atrativo que corresponda com a est\u00e9tica do resto do seu site web.<\/li>\n<p>\u00a0 <\/p>\n<li>Inclua elementos de navega\u00e7\u00e3o importantes no seu header, como um menu principal e um bot\u00e3o de busca.<\/li>\n<p>\u00a0 <\/p>\n<li>Fa\u00e7a com que o seu log\u00f3tipo ou imagem de marca seja proeminente e facilmente identific\u00e1vel.<\/li>\n<p>\u00a0 <\/p>\n<li>Considere utilizar \u00edcones para links de redes sociais e outros elementos de contacto para facilitar a navega\u00e7\u00e3o do utilizador.<\/li>\n<p>\u00a0 <\/p>\n<li>Assegure-se de que o seu header seja responsivo para que se veja bem em dispositivos m\u00f3veis e tablets.<\/li>\n<\/ul>\n<h4 style=\"text-align: center;\">Outros termos do dicion\u00e1rio SEO<\/h4>\n<h5>Conceitos com A<\/h5>\n<ul>\n<li><a href=\"https:\/\/cecomart.com\/pt\/dicionario-seo\/anchor-text\/\">Anchor text<\/a><\/li>\n<li><a href=\"https:\/\/cecomart.com\/pt\/dicionario-seo\/alt-text\/\">Alt Text<\/a><\/li>\n<\/ul>\n<h5>Conceitos com B<\/h5>\n<ul>\n<li><a href=\"https:\/\/cecomart.com\/pt\/dicionario-seo\/broken-links\/\">Broken Links<\/a><\/li>\n<\/ul>\n<h5>Conceitos com C<\/h5>\n<ul>\n<li><a href=\"https:\/\/cecomart.com\/pt\/dicionario-seo\/canonical\/\">Canonical url<\/a><\/li>\n<li><a href=\"https:\/\/cecomart.com\/pt\/dicionario-seo\/cro-conversion-rate-optimization\/\">CRO<\/a><\/li>\n<li><a href=\"https:\/\/cecomart.com\/pt\/dicionario-seo\/ctr\/\">CTR<\/a><\/li>\n<\/ul>\n<h5>Conceitos com D<\/h5>\n<ul>\n<li><a href=\"https:\/\/cecomart.com\/pt\/dicionario-seo\/disavow\/\">Disavow<\/a><\/li>\n<li><a href=\"https:\/\/cecomart.com\/pt\/dicionario-seo\/domain-authority-da\/\">Domain authority<\/a><\/li>\n<li><a href=\"https:\/\/cecomart.com\/pt\/dicionario-seo\/dwell-time\/\">Dwell time<\/a><\/li>\n<\/ul>\n<h5>Conceitos com E<\/h5>\n<ul>\n<li><a href=\"https:\/\/cecomart.com\/pt\/dicionario-seo\/etiquetas-cabecalho-h-headings\/\">Etiquetas h o Headings<\/a><\/li>\n<\/ul>\n<h5>Conceitos com F<\/h5>\n<ul>\n<li><a href=\"https:\/\/cecomart.com\/pt\/dicionario-seo\/favicon\/\">Favicon<\/a><\/li>\n<li><a href=\"https:\/\/cecomart.com\/pt\/dicionario-seo\/footer\/\">Footer<\/a><\/li>\n<li><a href=\"https:\/\/cecomart.com\/pt\/dicionario-seo\/footprints\/\">Footprints Google<\/a><\/li>\n<\/ul>\n<h5>Conceitos com H<\/h5>\n<ul>\n<li><a href=\"https:\/\/cecomart.com\/pt\/dicionario-seo\/hreflang\/\">Hreflang<\/a><\/li>\n<\/ul>\n<h5>Conceitos com K<\/h5>\n<ul>\n<li><a href=\"https:\/\/cecomart.com\/pt\/dicionario-seo\/keyword-stuffing\/\">Keyword Stuffing<\/a><\/li>\n<\/ul>\n<h5>Conceitos com S<\/h5>\n<ul>\n<li><a href=\"https:\/\/cecomart.com\/pt\/dicionario-seo\/schemas-dados-estruturados\/\">Schema<\/a><\/li>\n<\/ul>\n<h5>Conceitos com R<\/h5>\n<ul>\n<li><a href=\"https:\/\/cecomart.com\/pt\/dicionario-seo\/robots-txt\/\">Robots.txt<\/a><\/li>\n<\/ul>\n<h5>Conceitos com T<\/h5>\n<ul>\n<li><a href=\"https:\/\/cecomart.com\/pt\/dicionario-seo\/target-_blank\/\">Target _blank<\/a><\/li>\n<\/ul>\n<p>&nbsp;<\/p>\n","protected":false},"excerpt":{"rendered":"<p>O que \u00e9 um header HTML num site? O header HTML \u00e9 uma se\u00e7\u00e3o da p\u00e1gina web que se encontra na parte superior da p\u00e1gina e que cont\u00e9m informa\u00e7\u00e3o importante para o utilizador. Essencialmente, o header \u00e9 a se\u00e7\u00e3o onde se encontram os elementos de navega\u00e7\u00e3o e os elementos de marca de uma p\u00e1gina web. [&hellip;]<\/p>\n","protected":false},"author":1,"featured_media":0,"parent":2952,"menu_order":0,"comment_status":"closed","ping_status":"closed","template":"","meta":{"_ayudawp_aiss_exclude":false,"_locale":"pt_PT","_original_post":"https:\/\/cecomart.com\/?page_id=1353","footnotes":""},"class_list":["post-2986","page","type-page","status-publish","hentry","pt-PT"],"yoast_head":"<!-- This site is optimized with the Yoast SEO plugin v27.5 - https:\/\/yoast.com\/product\/yoast-seo-wordpress\/ -->\n<title>Header: O que \u00e9, como faz\u00ea-lo e mais | Cecomart<\/title>\n<meta name=\"description\" content=\"\u25b7 Header: Conhe\u00e7a toda a informa\u00e7\u00e3o sobre este elemento SEO. O que \u00e9, como faz\u00ea-lo e exemplo para que tenha tudo \u00e0 m\u00e3o sobre este elemento.\" \/>\n<meta name=\"robots\" content=\"index, follow, max-snippet:-1, max-image-preview:large, max-video-preview:-1\" \/>\n<link rel=\"canonical\" href=\"https:\/\/cecomart.com\/pt\/dicionario-seo\/header\/\" \/>\n<meta property=\"og:locale\" content=\"pt_PT\" \/>\n<meta property=\"og:type\" content=\"article\" \/>\n<meta property=\"og:title\" content=\"Header: O que \u00e9, como faz\u00ea-lo e mais | Cecomart\" \/>\n<meta property=\"og:description\" content=\"\u25b7 Header: Conhe\u00e7a toda a informa\u00e7\u00e3o sobre este elemento SEO. O que \u00e9, como faz\u00ea-lo e exemplo para que tenha tudo \u00e0 m\u00e3o sobre este elemento.\" \/>\n<meta property=\"og:url\" content=\"https:\/\/cecomart.com\/pt\/dicionario-seo\/header\/\" \/>\n<meta property=\"og:site_name\" content=\"Cecomart\" \/>\n<meta property=\"og:image\" content=\"https:\/\/cecomart.com\/wp-content\/uploads\/2022\/05\/cefe-ortiz-consultor-seo.png\" \/>\n\t<meta property=\"og:image:width\" content=\"832\" \/>\n\t<meta property=\"og:image:height\" content=\"1236\" \/>\n\t<meta property=\"og:image:type\" content=\"image\/png\" \/>\n<meta name=\"twitter:card\" content=\"summary_large_image\" \/>\n<meta name=\"twitter:site\" content=\"@SoyCortiz\" \/>\n<meta name=\"twitter:label1\" content=\"Tempo estimado de leitura\" \/>\n\t<meta name=\"twitter:data1\" content=\"2 minutos\" \/>\n<!-- \/ Yoast SEO plugin. -->","yoast_head_json":{"title":"Header: O que \u00e9, como faz\u00ea-lo e mais | Cecomart","description":"\u25b7 Header: Conhe\u00e7a toda a informa\u00e7\u00e3o sobre este elemento SEO. O que \u00e9, como faz\u00ea-lo e exemplo para que tenha tudo \u00e0 m\u00e3o sobre este elemento.","robots":{"index":"index","follow":"follow","max-snippet":"max-snippet:-1","max-image-preview":"max-image-preview:large","max-video-preview":"max-video-preview:-1"},"canonical":"https:\/\/cecomart.com\/pt\/dicionario-seo\/header\/","og_locale":"pt_PT","og_type":"article","og_title":"Header: O que \u00e9, como faz\u00ea-lo e mais | Cecomart","og_description":"\u25b7 Header: Conhe\u00e7a toda a informa\u00e7\u00e3o sobre este elemento SEO. O que \u00e9, como faz\u00ea-lo e exemplo para que tenha tudo \u00e0 m\u00e3o sobre este elemento.","og_url":"https:\/\/cecomart.com\/pt\/dicionario-seo\/header\/","og_site_name":"Cecomart","og_image":[{"width":832,"height":1236,"url":"https:\/\/cecomart.com\/wp-content\/uploads\/2022\/05\/cefe-ortiz-consultor-seo.png","type":"image\/png"}],"twitter_card":"summary_large_image","twitter_site":"@SoyCortiz","twitter_misc":{"Tempo estimado de leitura":"2 minutos"},"schema":{"@context":"https:\/\/schema.org","@graph":[{"@type":"Article","@id":"https:\/\/cecomart.com\/pt\/dicionario-seo\/header\/#article","isPartOf":{"@id":"https:\/\/cecomart.com\/pt\/dicionario-seo\/header\/"},"author":{"name":"C.Ortiz","@id":"https:\/\/cecomart.com\/#\/schema\/person\/2c89526db0f701abd6b4e52aafb69731"},"headline":"Header","datePublished":"2025-01-11T20:18:25+00:00","mainEntityOfPage":{"@id":"https:\/\/cecomart.com\/pt\/dicionario-seo\/header\/"},"wordCount":527,"publisher":{"@id":"https:\/\/cecomart.com\/#organization"},"inLanguage":"pt-PT"},{"@type":"WebPage","@id":"https:\/\/cecomart.com\/pt\/dicionario-seo\/header\/","url":"https:\/\/cecomart.com\/pt\/dicionario-seo\/header\/","name":"Header: O que \u00e9, como faz\u00ea-lo e mais | Cecomart","isPartOf":{"@id":"https:\/\/cecomart.com\/#website"},"datePublished":"2025-01-11T20:18:25+00:00","description":"\u25b7 Header: Conhe\u00e7a toda a informa\u00e7\u00e3o sobre este elemento SEO. O que \u00e9, como faz\u00ea-lo e exemplo para que tenha tudo \u00e0 m\u00e3o sobre este elemento.","breadcrumb":{"@id":"https:\/\/cecomart.com\/pt\/dicionario-seo\/header\/#breadcrumb"},"inLanguage":"pt-PT","potentialAction":[{"@type":"ReadAction","target":["https:\/\/cecomart.com\/pt\/dicionario-seo\/header\/"]}]},{"@type":"BreadcrumbList","@id":"https:\/\/cecomart.com\/pt\/dicionario-seo\/header\/#breadcrumb","itemListElement":[{"@type":"ListItem","position":1,"name":"SEO","item":"https:\/\/cecomart.com\/pt\/"},{"@type":"ListItem","position":2,"name":"Dicion\u00e1rio de SEO","item":"https:\/\/cecomart.com\/pt\/dicionario-seo\/"},{"@type":"ListItem","position":3,"name":"Header"}]},{"@type":"WebSite","@id":"https:\/\/cecomart.com\/#website","url":"https:\/\/cecomart.com\/","name":"Cecomart","description":"Especialista en SEO e Inteligencia Artificial","publisher":{"@id":"https:\/\/cecomart.com\/#organization"},"alternateName":"Cecomart","potentialAction":[{"@type":"SearchAction","target":{"@type":"EntryPoint","urlTemplate":"https:\/\/cecomart.com\/?s={search_term_string}"},"query-input":{"@type":"PropertyValueSpecification","valueRequired":true,"valueName":"search_term_string"}}],"inLanguage":"pt-PT"},{"@type":"Organization","@id":"https:\/\/cecomart.com\/#organization","name":"Cecomart","url":"https:\/\/cecomart.com\/","logo":{"@type":"ImageObject","inLanguage":"pt-PT","@id":"https:\/\/cecomart.com\/#\/schema\/logo\/image\/","url":"https:\/\/cecomart.com\/wp-content\/uploads\/2024\/09\/logo-cecomart-2024.jpg","contentUrl":"https:\/\/cecomart.com\/wp-content\/uploads\/2024\/09\/logo-cecomart-2024.jpg","width":1116,"height":466,"caption":"Cecomart"},"image":{"@id":"https:\/\/cecomart.com\/#\/schema\/logo\/image\/"},"sameAs":["https:\/\/x.com\/SoyCortiz"]},{"@type":"Person","@id":"https:\/\/cecomart.com\/#\/schema\/person\/2c89526db0f701abd6b4e52aafb69731","name":"C.Ortiz","image":{"@type":"ImageObject","inLanguage":"pt-PT","@id":"https:\/\/secure.gravatar.com\/avatar\/a4e2ff9a83acee041bf89b127a3c9e31bee701c1977f13261c281d19a819ab3c?s=96&d=mm&r=g","url":"https:\/\/secure.gravatar.com\/avatar\/a4e2ff9a83acee041bf89b127a3c9e31bee701c1977f13261c281d19a819ab3c?s=96&d=mm&r=g","contentUrl":"https:\/\/secure.gravatar.com\/avatar\/a4e2ff9a83acee041bf89b127a3c9e31bee701c1977f13261c281d19a819ab3c?s=96&d=mm&r=g","caption":"C.Ortiz"},"description":"Consultor SEO desde 2015. Apasionado por difundir noticias sobre posicionamiento web y seguir aprendiendo de una profesi\u00f3n en constante evoluci\u00f3n. Especializado en SEO t\u00e9cnico, GEO y AEO.","sameAs":["https:\/\/cecomart.com","https:\/\/x.com\/@SoyCortiz"],"url":"https:\/\/cecomart.com\/author\/cortiz\/"}]}},"_links":{"self":[{"href":"https:\/\/cecomart.com\/wp-json\/wp\/v2\/pages\/2986","targetHints":{"allow":["GET"]}}],"collection":[{"href":"https:\/\/cecomart.com\/wp-json\/wp\/v2\/pages"}],"about":[{"href":"https:\/\/cecomart.com\/wp-json\/wp\/v2\/types\/page"}],"author":[{"embeddable":true,"href":"https:\/\/cecomart.com\/wp-json\/wp\/v2\/users\/1"}],"replies":[{"embeddable":true,"href":"https:\/\/cecomart.com\/wp-json\/wp\/v2\/comments?post=2986"}],"version-history":[{"count":2,"href":"https:\/\/cecomart.com\/wp-json\/wp\/v2\/pages\/2986\/revisions"}],"predecessor-version":[{"id":3013,"href":"https:\/\/cecomart.com\/wp-json\/wp\/v2\/pages\/2986\/revisions\/3013"}],"up":[{"embeddable":true,"href":"https:\/\/cecomart.com\/wp-json\/wp\/v2\/pages\/2952"}],"wp:attachment":[{"href":"https:\/\/cecomart.com\/wp-json\/wp\/v2\/media?parent=2986"}],"curies":[{"name":"wp","href":"https:\/\/api.w.org\/{rel}","templated":true}]}}