{"id":2984,"date":"2025-01-11T20:18:02","date_gmt":"2025-01-11T20:18:02","guid":{"rendered":"https:\/\/cecomart.com\/?page_id=2984"},"modified":"2025-01-11T20:18:02","modified_gmt":"2025-01-11T20:18:02","slug":"hreflang","status":"publish","type":"page","link":"https:\/\/cecomart.com\/pt\/dicionario-seo\/hreflang\/","title":{"rendered":"Hreflang"},"content":{"rendered":"<div id=\"ez-toc-container\" class=\"ez-toc-v2_0_82_2 counter-hierarchy ez-toc-counter ez-toc-custom ez-toc-container-direction\">\n<div class=\"ez-toc-title-container\">\n<p class=\"ez-toc-title\" style=\"cursor:inherit\">Content<\/p>\n<span class=\"ez-toc-title-toggle\"><a href=\"#\" class=\"ez-toc-pull-right ez-toc-btn ez-toc-btn-xs ez-toc-btn-default ez-toc-toggle\" aria-label=\"Toggle Table of Content\"><span class=\"ez-toc-js-icon-con\"><span class=\"\"><span class=\"eztoc-hide\" style=\"display:none;\">Toggle<\/span><span class=\"ez-toc-icon-toggle-span\"><svg style=\"fill: #0f0f0f;color:#0f0f0f\" xmlns=\"http:\/\/www.w3.org\/2000\/svg\" class=\"list-377408\" width=\"20px\" height=\"20px\" viewBox=\"0 0 24 24\" fill=\"none\"><path d=\"M6 6H4v2h2V6zm14 0H8v2h12V6zM4 11h2v2H4v-2zm16 0H8v2h12v-2zM4 16h2v2H4v-2zm16 0H8v2h12v-2z\" fill=\"currentColor\"><\/path><\/svg><svg style=\"fill: #0f0f0f;color:#0f0f0f\" class=\"arrow-unsorted-368013\" xmlns=\"http:\/\/www.w3.org\/2000\/svg\" width=\"10px\" height=\"10px\" viewBox=\"0 0 24 24\" version=\"1.2\" baseProfile=\"tiny\"><path d=\"M18.2 9.3l-6.2-6.3-6.2 6.3c-.2.2-.3.4-.3.7s.1.5.3.7c.2.2.4.3.7.3h11c.3 0 .5-.1.7-.3.2-.2.3-.5.3-.7s-.1-.5-.3-.7zM5.8 14.7l6.2 6.3 6.2-6.3c.2-.2.3-.5.3-.7s-.1-.5-.3-.7c-.2-.2-.4-.3-.7-.3h-11c-.3 0-.5.1-.7.3-.2.2-.3.5-.3.7s.1.5.3.7z\"\/><\/svg><\/span><\/span><\/span><\/a><\/span><\/div>\n<nav><ul class='ez-toc-list ez-toc-list-level-1 eztoc-toggle-hide-by-default' ><li class='ez-toc-page-1 ez-toc-heading-level-2'><a class=\"ez-toc-link ez-toc-heading-1\" href=\"https:\/\/cecomart.com\/pt\/dicionario-seo\/hreflang\/#O_que_e_o_hreflang\" >O que \u00e9 o hreflang<\/a><\/li><li class='ez-toc-page-1 ez-toc-heading-level-2'><a class=\"ez-toc-link ez-toc-heading-2\" href=\"https:\/\/cecomart.com\/pt\/dicionario-seo\/hreflang\/#Como_se_configura_o_hreflang\" >Como se configura o hreflang<\/a><ul class='ez-toc-list-level-3' ><li class='ez-toc-heading-level-3'><a class=\"ez-toc-link ez-toc-heading-3\" href=\"https:\/\/cecomart.com\/pt\/dicionario-seo\/hreflang\/#Exemplo_de_configuracao_de_hreflang_em_html\" >Exemplo de configura\u00e7\u00e3o de hreflang em html<\/a><\/li><\/ul><\/li><li class='ez-toc-page-1 ez-toc-heading-level-2'><a class=\"ez-toc-link ez-toc-heading-4\" href=\"https:\/\/cecomart.com\/pt\/dicionario-seo\/hreflang\/#Que_importancia_tem_o_hreflang_em_SEO\" >Que import\u00e2ncia tem o hreflang em SEO<\/a><\/li><li class='ez-toc-page-1 ez-toc-heading-level-2'><a class=\"ez-toc-link ez-toc-heading-5\" href=\"https:\/\/cecomart.com\/pt\/dicionario-seo\/hreflang\/#Que_recomendacoes_faz_o_Google_sobre_o_hreflang\" >Que recomenda\u00e7\u00f5es faz o Google sobre o hreflang<\/a><ul class='ez-toc-list-level-3' ><li class='ez-toc-heading-level-3'><a class=\"ez-toc-link ez-toc-heading-6\" href=\"https:\/\/cecomart.com\/pt\/dicionario-seo\/hreflang\/#Que_ferramentas_usar_para_detetar_erros_em_hreflang\" >Que ferramentas usar para detetar erros em hreflang<\/a><ul class='ez-toc-list-level-4' ><li class='ez-toc-heading-level-4'><a class=\"ez-toc-link ez-toc-heading-7\" href=\"https:\/\/cecomart.com\/pt\/dicionario-seo\/hreflang\/#Outros_termos_do_dicionario_SEO\" >Outros termos do dicion\u00e1rio SEO<\/a><ul class='ez-toc-list-level-5' ><li class='ez-toc-heading-level-5'><a class=\"ez-toc-link ez-toc-heading-8\" href=\"https:\/\/cecomart.com\/pt\/dicionario-seo\/hreflang\/#Conceitos_com_A\" >Conceitos com A<\/a><\/li><li class='ez-toc-page-1 ez-toc-heading-level-5'><a class=\"ez-toc-link ez-toc-heading-9\" href=\"https:\/\/cecomart.com\/pt\/dicionario-seo\/hreflang\/#Conceitos_com_B\" >Conceitos com B<\/a><\/li><li class='ez-toc-page-1 ez-toc-heading-level-5'><a class=\"ez-toc-link ez-toc-heading-10\" href=\"https:\/\/cecomart.com\/pt\/dicionario-seo\/hreflang\/#Conceitos_com_C\" >Conceitos com C<\/a><\/li><li class='ez-toc-page-1 ez-toc-heading-level-5'><a class=\"ez-toc-link ez-toc-heading-11\" href=\"https:\/\/cecomart.com\/pt\/dicionario-seo\/hreflang\/#Conceitos_com_D\" >Conceitos com D<\/a><\/li><li class='ez-toc-page-1 ez-toc-heading-level-5'><a class=\"ez-toc-link ez-toc-heading-12\" href=\"https:\/\/cecomart.com\/pt\/dicionario-seo\/hreflang\/#Conceitos_com_E\" >Conceitos com E<\/a><\/li><li class='ez-toc-page-1 ez-toc-heading-level-5'><a class=\"ez-toc-link ez-toc-heading-13\" href=\"https:\/\/cecomart.com\/pt\/dicionario-seo\/hreflang\/#Conceitos_com_F\" >Conceitos com F<\/a><\/li><li class='ez-toc-page-1 ez-toc-heading-level-5'><a class=\"ez-toc-link ez-toc-heading-14\" href=\"https:\/\/cecomart.com\/pt\/dicionario-seo\/hreflang\/#Conceitos_com_H\" >Conceitos com H<\/a><\/li><li class='ez-toc-page-1 ez-toc-heading-level-5'><a class=\"ez-toc-link ez-toc-heading-15\" href=\"https:\/\/cecomart.com\/pt\/dicionario-seo\/hreflang\/#Conceitos_com_K\" >Conceitos com K<\/a><\/li><li class='ez-toc-page-1 ez-toc-heading-level-5'><a class=\"ez-toc-link ez-toc-heading-16\" href=\"https:\/\/cecomart.com\/pt\/dicionario-seo\/hreflang\/#Conceitos_com_S\" >Conceitos com S<\/a><\/li><li class='ez-toc-page-1 ez-toc-heading-level-5'><a class=\"ez-toc-link ez-toc-heading-17\" href=\"https:\/\/cecomart.com\/pt\/dicionario-seo\/hreflang\/#Conceitos_com_R\" >Conceitos com R<\/a><\/li><li class='ez-toc-page-1 ez-toc-heading-level-5'><a class=\"ez-toc-link ez-toc-heading-18\" href=\"https:\/\/cecomart.com\/pt\/dicionario-seo\/hreflang\/#Conceitos_com_T\" >Conceitos com T<\/a><\/li><\/ul><\/li><\/ul><\/li><\/ul><\/li><\/ul><\/nav><\/div>\n\n<h2 id=\"queselhreflang\"><span class=\"ez-toc-section\" id=\"O_que_e_o_hreflang\"><\/span>O que \u00e9 o hreflang<span class=\"ez-toc-section-end\"><\/span><\/h2>\n<p>O hreflang \u00e9 uma etiqueta HTML que se utiliza para indicar aos motores de busca que conte\u00fado \u00e9 o mais relevante para os utilizadores de um determinado idioma ou pa\u00eds.<\/p>\n<p>A etiqueta identifica o conte\u00fado espec\u00edfico de um idioma ou localiza\u00e7\u00e3o espec\u00edficos numa p\u00e1gina web. Esta etiqueta \u00e9 essencial para melhorar a otimiza\u00e7\u00e3o de motores de busca (SEO), j\u00e1 que indica aos motores de busca que conte\u00fado \u00e9 o mais relevante para os utilizadores de um pa\u00eds ou regi\u00e3o espec\u00edfica.<\/p>\n<h2 id=\"cmoseconfiguraelhreflang\"><span class=\"ez-toc-section\" id=\"Como_se_configura_o_hreflang\"><\/span>Como se configura o hreflang<span class=\"ez-toc-section-end\"><\/span><\/h2>\n<p>Configurar o hreflang \u00e9 um processo relativamente simples. Em primeiro lugar, deve incluir uma etiqueta hreflang em cada vers\u00e3o do seu site web.<\/p>\n<p>Esta etiqueta deve incluir um atributo de &#8216;href&#8217; que contenha a localiza\u00e7\u00e3o da vers\u00e3o da p\u00e1gina para os utilizadores que se identificam. Uma vez que tenha configurado a etiqueta hreflang, necessitar\u00e1 configurar a etiqueta de link rel-alternate-hreflang corretamente. Esta etiqueta deve incluir um link para cada uma das vers\u00f5es do seu site web.<\/p>\n<p>Isto significa que deve incluir uma etiqueta rel-alternate-hreflang para cada vers\u00e3o da p\u00e1gina. Por \u00faltimo, deve assegurar-se de que cada vers\u00e3o da p\u00e1gina tenha uma etiqueta rel-alternate-hreflang que se vincule a todas as outras vers\u00f5es.<\/p>\n<h3><span class=\"ez-toc-section\" id=\"Exemplo_de_configuracao_de_hreflang_em_html\"><\/span>Exemplo de configura\u00e7\u00e3o de hreflang em html<span class=\"ez-toc-section-end\"><\/span><\/h3>\n<p>Esta \u00e9 uma etiqueta hreflang em HTML de exemplo para uma p\u00e1gina web em idioma ingl\u00eas com uma vers\u00e3o espanhola tamb\u00e9m dispon\u00edvel:<\/p>\n<div style=\"background: black; color: white;\">&lt;link rel=&#8221;alternate&#8221; href=&#8221;http:\/\/example.com&#8221; hreflang=&#8221;en-US&#8221; \/&gt;<br \/>\n&lt;link rel=&#8221;alternate&#8221; href=&#8221;http:\/\/example.com\/es&#8221; hreflang=&#8221;es-ES&#8221; \/&gt;<\/div>\n<p>Esta etiqueta hreflang especifica que o conte\u00fado em http:\/\/example.com est\u00e1 destinado a utilizadores nos Estados Unidos que falam ingl\u00eas, enquanto que http:\/\/example.com\/es est\u00e1 destinado a utilizadores em Espanha que falam espanhol. Esta etiqueta dever\u00e1 adicionar-se em cada vers\u00e3o do seu site web para que os motores de busca possam determinar que conte\u00fado \u00e9 o mais relevante para os utilizadores.<\/p>\n<h2><span class=\"ez-toc-section\" id=\"Que_importancia_tem_o_hreflang_em_SEO\"><\/span>Que import\u00e2ncia tem o hreflang em SEO<span class=\"ez-toc-section-end\"><\/span><\/h2>\n<p>A import\u00e2ncia do hreflang em SEO radica em que ajuda os motores de busca a entender e classificar corretamente o conte\u00fado de uma p\u00e1gina web em diferentes idiomas e pa\u00edses.<\/p>\n<p>Se as etiquetas hreflang n\u00e3o se implementam adequadamente, corre-se o risco de que as p\u00e1ginas web se classifiquem incorretamente ou se considerem duplicadas, o que pode afetar negativamente o rendimento nos resultados de busca.<\/p>\n<h2><span class=\"ez-toc-section\" id=\"Que_recomendacoes_faz_o_Google_sobre_o_hreflang\"><\/span>Que recomenda\u00e7\u00f5es faz o Google sobre o hreflang<span class=\"ez-toc-section-end\"><\/span><\/h2>\n<p>O Google recomenda uma s\u00e9rie de melhores pr\u00e1ticas para implementar corretamente as etiquetas hreflang, como usar c\u00f3digos de idioma e de pa\u00eds ISO, incluir todas as vers\u00f5es da p\u00e1gina no sitemap, e verificar e solucionar erros de implementa\u00e7\u00e3o utilizando ferramentas online.<\/p>\n<h3><span class=\"ez-toc-section\" id=\"Que_ferramentas_usar_para_detetar_erros_em_hreflang\"><\/span>Que ferramentas usar para detetar erros em hreflang<span class=\"ez-toc-section-end\"><\/span><\/h3>\n<p>Para detetar erros na implementa\u00e7\u00e3o de hreflang, podem utilizar-se ferramentas online como hreflang.ninja, que permite verificar a correta implementa\u00e7\u00e3o das etiquetas hreflang e encontrar erros na configura\u00e7\u00e3o de idioma e localiza\u00e7\u00e3o.<\/p>\n<p>Outras ferramentas incluem o Screaming Frog SEO Spider, que permite rastrear e auditar sites web em busca de erros de hreflang, e o SEMrush, que oferece uma s\u00e9rie de ferramentas de SEO para otimizar o rendimento de uma p\u00e1gina web em diferentes pa\u00edses e para diferentes idiomas.<\/p>\n<p>Em conclus\u00e3o, o uso adequado das etiquetas hreflang \u00e9 crucial para garantir um bom rendimento em SEO internacional. A implementa\u00e7\u00e3o das etiquetas hreflang deve ser uma prioridade para qualquer p\u00e1gina web que tenha conte\u00fado em diferentes idiomas ou localiza\u00e7\u00f5es.<\/p>\n<p>Recomenda-se seguir as melhores pr\u00e1ticas do Google e utilizar ferramentas online para detetar e solucionar erros na configura\u00e7\u00e3o de hreflang.<\/p>\n<h4 style=\"text-align: center;\"><span class=\"ez-toc-section\" id=\"Outros_termos_do_dicionario_SEO\"><\/span>Outros termos do dicion\u00e1rio SEO<span class=\"ez-toc-section-end\"><\/span><\/h4>\n<h5><span class=\"ez-toc-section\" id=\"Conceitos_com_A\"><\/span>Conceitos com A<span class=\"ez-toc-section-end\"><\/span><\/h5>\n<ul>\n<li><a href=\"https:\/\/cecomart.com\/pt\/dicionario-seo\/anchor-text\/\">Anchor text<\/a><\/li>\n<li><a href=\"https:\/\/cecomart.com\/pt\/dicionario-seo\/alt-text\/\">Alt Text<\/a><\/li>\n<\/ul>\n<h5><span class=\"ez-toc-section\" id=\"Conceitos_com_B\"><\/span>Conceitos com B<span class=\"ez-toc-section-end\"><\/span><\/h5>\n<ul>\n<li><a href=\"https:\/\/cecomart.com\/pt\/dicionario-seo\/broken-links\/\">Broken Links<\/a><\/li>\n<\/ul>\n<h5><span class=\"ez-toc-section\" id=\"Conceitos_com_C\"><\/span>Conceitos com C<span class=\"ez-toc-section-end\"><\/span><\/h5>\n<ul>\n<li><a href=\"https:\/\/cecomart.com\/pt\/dicionario-seo\/canonical\/\">Canonical url<\/a><\/li>\n<li><a href=\"https:\/\/cecomart.com\/pt\/dicionario-seo\/cro-conversion-rate-optimization\/\">CRO<\/a><\/li>\n<li><a href=\"https:\/\/cecomart.com\/pt\/dicionario-seo\/ctr\/\">CTR<\/a><\/li>\n<\/ul>\n<h5><span class=\"ez-toc-section\" id=\"Conceitos_com_D\"><\/span>Conceitos com D<span class=\"ez-toc-section-end\"><\/span><\/h5>\n<ul>\n<li><a href=\"https:\/\/cecomart.com\/pt\/dicionario-seo\/disavow\/\">Disavow<\/a><\/li>\n<li><a href=\"https:\/\/cecomart.com\/pt\/dicionario-seo\/domain-authority-da\/\">Domain authority<\/a><\/li>\n<li><a href=\"https:\/\/cecomart.com\/pt\/dicionario-seo\/dwell-time\/\">Dwell time<\/a><\/li>\n<\/ul>\n<h5><span class=\"ez-toc-section\" id=\"Conceitos_com_E\"><\/span>Conceitos com E<span class=\"ez-toc-section-end\"><\/span><\/h5>\n<ul>\n<li><a href=\"https:\/\/cecomart.com\/pt\/dicionario-seo\/etiquetas-cabecalho-h-headings\/\">Etiquetas h o Headings<\/a><\/li>\n<\/ul>\n<h5><span class=\"ez-toc-section\" id=\"Conceitos_com_F\"><\/span>Conceitos com F<span class=\"ez-toc-section-end\"><\/span><\/h5>\n<ul>\n<li><a href=\"https:\/\/cecomart.com\/pt\/dicionario-seo\/favicon\/\">Favicon<\/a><\/li>\n<li><a href=\"https:\/\/cecomart.com\/pt\/dicionario-seo\/footer\/\">Footer<\/a><\/li>\n<li><a href=\"https:\/\/cecomart.com\/pt\/dicionario-seo\/footprints\/\">Footprints Google<\/a><\/li>\n<\/ul>\n<h5><span class=\"ez-toc-section\" id=\"Conceitos_com_H\"><\/span>Conceitos com H<span class=\"ez-toc-section-end\"><\/span><\/h5>\n<ul>\n<li><a href=\"https:\/\/cecomart.com\/pt\/dicionario-seo\/header\/\">Header<\/a><\/li>\n<\/ul>\n<h5><span class=\"ez-toc-section\" id=\"Conceitos_com_K\"><\/span>Conceitos com K<span class=\"ez-toc-section-end\"><\/span><\/h5>\n<ul>\n<li><a href=\"https:\/\/cecomart.com\/pt\/dicionario-seo\/keyword-stuffing\/\">Keyword Stuffing<\/a><\/li>\n<\/ul>\n<h5><span class=\"ez-toc-section\" id=\"Conceitos_com_S\"><\/span>Conceitos com S<span class=\"ez-toc-section-end\"><\/span><\/h5>\n<ul>\n<li><a href=\"https:\/\/cecomart.com\/pt\/dicionario-seo\/schemas-dados-estruturados\/\">Schema<\/a><\/li>\n<\/ul>\n<h5><span class=\"ez-toc-section\" id=\"Conceitos_com_R\"><\/span>Conceitos com R<span class=\"ez-toc-section-end\"><\/span><\/h5>\n<ul>\n<li><a href=\"https:\/\/cecomart.com\/pt\/dicionario-seo\/robots-txt\/\">Robots.txt<\/a><\/li>\n<\/ul>\n<h5><span class=\"ez-toc-section\" id=\"Conceitos_com_T\"><\/span>Conceitos com T<span class=\"ez-toc-section-end\"><\/span><\/h5>\n<ul>\n<li><a href=\"https:\/\/cecomart.com\/pt\/dicionario-seo\/target-_blank\/\">Target _blank<\/a><\/li>\n<\/ul>\n<p>&nbsp;<\/p>\n","protected":false},"excerpt":{"rendered":"<p>O que \u00e9 o hreflang O hreflang \u00e9 uma etiqueta HTML que se utiliza para indicar aos motores de busca que conte\u00fado \u00e9 o mais relevante para os utilizadores de um determinado idioma ou pa\u00eds. A etiqueta identifica o conte\u00fado espec\u00edfico de um idioma ou localiza\u00e7\u00e3o espec\u00edficos numa p\u00e1gina web. Esta etiqueta \u00e9 essencial para [&hellip;]<\/p>\n","protected":false},"author":1,"featured_media":0,"parent":2952,"menu_order":0,"comment_status":"closed","ping_status":"closed","template":"","meta":{"_ayudawp_aiss_exclude":false,"_locale":"pt_PT","_original_post":"https:\/\/cecomart.com\/?page_id=1365","footnotes":""},"class_list":["post-2984","page","type-page","status-publish","hentry","pt-PT"],"yoast_head":"<!-- This site is optimized with the Yoast SEO plugin v27.5 - https:\/\/yoast.com\/product\/yoast-seo-wordpress\/ -->\n<title>Hreflang: O que \u00e9, como configur\u00e1-lo e mais | Cecomart<\/title>\n<meta name=\"description\" content=\"\u25b7 Hreflang: Conhe\u00e7a toda a informa\u00e7\u00e3o sobre este elemento SEO. O que \u00e9, como se pode configur\u00e1-lo ou com que ferramentas pode verificar o elemento.\" \/>\n<meta name=\"robots\" content=\"index, follow, max-snippet:-1, max-image-preview:large, max-video-preview:-1\" \/>\n<link rel=\"canonical\" href=\"https:\/\/cecomart.com\/pt\/dicionario-seo\/hreflang\/\" \/>\n<meta property=\"og:locale\" content=\"pt_PT\" \/>\n<meta property=\"og:type\" content=\"article\" \/>\n<meta property=\"og:title\" content=\"Hreflang: O que \u00e9, como configur\u00e1-lo e mais | Cecomart\" \/>\n<meta property=\"og:description\" content=\"\u25b7 Hreflang: Conhe\u00e7a toda a informa\u00e7\u00e3o sobre este elemento SEO. O que \u00e9, como se pode configur\u00e1-lo ou com que ferramentas pode verificar o elemento.\" \/>\n<meta property=\"og:url\" content=\"https:\/\/cecomart.com\/pt\/dicionario-seo\/hreflang\/\" \/>\n<meta property=\"og:site_name\" content=\"Cecomart\" \/>\n<meta property=\"og:image\" content=\"https:\/\/cecomart.com\/wp-content\/uploads\/2022\/05\/cefe-ortiz-consultor-seo.png\" \/>\n\t<meta property=\"og:image:width\" content=\"832\" \/>\n\t<meta property=\"og:image:height\" content=\"1236\" \/>\n\t<meta property=\"og:image:type\" content=\"image\/png\" \/>\n<meta name=\"twitter:card\" content=\"summary_large_image\" \/>\n<meta name=\"twitter:site\" content=\"@SoyCortiz\" \/>\n<meta name=\"twitter:label1\" content=\"Tempo estimado de leitura\" \/>\n\t<meta name=\"twitter:data1\" content=\"3 minutos\" \/>\n<!-- \/ Yoast SEO plugin. -->","yoast_head_json":{"title":"Hreflang: O que \u00e9, como configur\u00e1-lo e mais | Cecomart","description":"\u25b7 Hreflang: Conhe\u00e7a toda a informa\u00e7\u00e3o sobre este elemento SEO. O que \u00e9, como se pode configur\u00e1-lo ou com que ferramentas pode verificar o elemento.","robots":{"index":"index","follow":"follow","max-snippet":"max-snippet:-1","max-image-preview":"max-image-preview:large","max-video-preview":"max-video-preview:-1"},"canonical":"https:\/\/cecomart.com\/pt\/dicionario-seo\/hreflang\/","og_locale":"pt_PT","og_type":"article","og_title":"Hreflang: O que \u00e9, como configur\u00e1-lo e mais | Cecomart","og_description":"\u25b7 Hreflang: Conhe\u00e7a toda a informa\u00e7\u00e3o sobre este elemento SEO. O que \u00e9, como se pode configur\u00e1-lo ou com que ferramentas pode verificar o elemento.","og_url":"https:\/\/cecomart.com\/pt\/dicionario-seo\/hreflang\/","og_site_name":"Cecomart","og_image":[{"width":832,"height":1236,"url":"https:\/\/cecomart.com\/wp-content\/uploads\/2022\/05\/cefe-ortiz-consultor-seo.png","type":"image\/png"}],"twitter_card":"summary_large_image","twitter_site":"@SoyCortiz","twitter_misc":{"Tempo estimado de leitura":"3 minutos"},"schema":{"@context":"https:\/\/schema.org","@graph":[{"@type":"Article","@id":"https:\/\/cecomart.com\/pt\/dicionario-seo\/hreflang\/#article","isPartOf":{"@id":"https:\/\/cecomart.com\/pt\/dicionario-seo\/hreflang\/"},"author":{"name":"C.Ortiz","@id":"https:\/\/cecomart.com\/#\/schema\/person\/2c89526db0f701abd6b4e52aafb69731"},"headline":"Hreflang","datePublished":"2025-01-11T20:18:02+00:00","mainEntityOfPage":{"@id":"https:\/\/cecomart.com\/pt\/dicionario-seo\/hreflang\/"},"wordCount":708,"publisher":{"@id":"https:\/\/cecomart.com\/#organization"},"inLanguage":"pt-PT"},{"@type":"WebPage","@id":"https:\/\/cecomart.com\/pt\/dicionario-seo\/hreflang\/","url":"https:\/\/cecomart.com\/pt\/dicionario-seo\/hreflang\/","name":"Hreflang: O que \u00e9, como configur\u00e1-lo e mais | Cecomart","isPartOf":{"@id":"https:\/\/cecomart.com\/#website"},"datePublished":"2025-01-11T20:18:02+00:00","description":"\u25b7 Hreflang: Conhe\u00e7a toda a informa\u00e7\u00e3o sobre este elemento SEO. O que \u00e9, como se pode configur\u00e1-lo ou com que ferramentas pode verificar o elemento.","breadcrumb":{"@id":"https:\/\/cecomart.com\/pt\/dicionario-seo\/hreflang\/#breadcrumb"},"inLanguage":"pt-PT","potentialAction":[{"@type":"ReadAction","target":["https:\/\/cecomart.com\/pt\/dicionario-seo\/hreflang\/"]}]},{"@type":"BreadcrumbList","@id":"https:\/\/cecomart.com\/pt\/dicionario-seo\/hreflang\/#breadcrumb","itemListElement":[{"@type":"ListItem","position":1,"name":"SEO","item":"https:\/\/cecomart.com\/pt\/"},{"@type":"ListItem","position":2,"name":"Dicion\u00e1rio de SEO","item":"https:\/\/cecomart.com\/pt\/dicionario-seo\/"},{"@type":"ListItem","position":3,"name":"Hreflang"}]},{"@type":"WebSite","@id":"https:\/\/cecomart.com\/#website","url":"https:\/\/cecomart.com\/","name":"Cecomart","description":"Especialista en SEO e Inteligencia Artificial","publisher":{"@id":"https:\/\/cecomart.com\/#organization"},"alternateName":"Cecomart","potentialAction":[{"@type":"SearchAction","target":{"@type":"EntryPoint","urlTemplate":"https:\/\/cecomart.com\/?s={search_term_string}"},"query-input":{"@type":"PropertyValueSpecification","valueRequired":true,"valueName":"search_term_string"}}],"inLanguage":"pt-PT"},{"@type":"Organization","@id":"https:\/\/cecomart.com\/#organization","name":"Cecomart","url":"https:\/\/cecomart.com\/","logo":{"@type":"ImageObject","inLanguage":"pt-PT","@id":"https:\/\/cecomart.com\/#\/schema\/logo\/image\/","url":"https:\/\/cecomart.com\/wp-content\/uploads\/2024\/09\/logo-cecomart-2024.jpg","contentUrl":"https:\/\/cecomart.com\/wp-content\/uploads\/2024\/09\/logo-cecomart-2024.jpg","width":1116,"height":466,"caption":"Cecomart"},"image":{"@id":"https:\/\/cecomart.com\/#\/schema\/logo\/image\/"},"sameAs":["https:\/\/x.com\/SoyCortiz"]},{"@type":"Person","@id":"https:\/\/cecomart.com\/#\/schema\/person\/2c89526db0f701abd6b4e52aafb69731","name":"C.Ortiz","image":{"@type":"ImageObject","inLanguage":"pt-PT","@id":"https:\/\/secure.gravatar.com\/avatar\/a4e2ff9a83acee041bf89b127a3c9e31bee701c1977f13261c281d19a819ab3c?s=96&d=mm&r=g","url":"https:\/\/secure.gravatar.com\/avatar\/a4e2ff9a83acee041bf89b127a3c9e31bee701c1977f13261c281d19a819ab3c?s=96&d=mm&r=g","contentUrl":"https:\/\/secure.gravatar.com\/avatar\/a4e2ff9a83acee041bf89b127a3c9e31bee701c1977f13261c281d19a819ab3c?s=96&d=mm&r=g","caption":"C.Ortiz"},"description":"Consultor SEO desde 2015. Apasionado por difundir noticias sobre posicionamiento web y seguir aprendiendo de una profesi\u00f3n en constante evoluci\u00f3n. Especializado en SEO t\u00e9cnico, GEO y AEO.","sameAs":["https:\/\/cecomart.com","https:\/\/x.com\/@SoyCortiz"],"url":"https:\/\/cecomart.com\/author\/cortiz\/"}]}},"_links":{"self":[{"href":"https:\/\/cecomart.com\/wp-json\/wp\/v2\/pages\/2984","targetHints":{"allow":["GET"]}}],"collection":[{"href":"https:\/\/cecomart.com\/wp-json\/wp\/v2\/pages"}],"about":[{"href":"https:\/\/cecomart.com\/wp-json\/wp\/v2\/types\/page"}],"author":[{"embeddable":true,"href":"https:\/\/cecomart.com\/wp-json\/wp\/v2\/users\/1"}],"replies":[{"embeddable":true,"href":"https:\/\/cecomart.com\/wp-json\/wp\/v2\/comments?post=2984"}],"version-history":[{"count":2,"href":"https:\/\/cecomart.com\/wp-json\/wp\/v2\/pages\/2984\/revisions"}],"predecessor-version":[{"id":3012,"href":"https:\/\/cecomart.com\/wp-json\/wp\/v2\/pages\/2984\/revisions\/3012"}],"up":[{"embeddable":true,"href":"https:\/\/cecomart.com\/wp-json\/wp\/v2\/pages\/2952"}],"wp:attachment":[{"href":"https:\/\/cecomart.com\/wp-json\/wp\/v2\/media?parent=2984"}],"curies":[{"name":"wp","href":"https:\/\/api.w.org\/{rel}","templated":true}]}}