{"id":2981,"date":"2025-01-11T20:17:25","date_gmt":"2025-01-11T20:17:25","guid":{"rendered":"https:\/\/cecomart.com\/?page_id=2981"},"modified":"2025-01-13T10:19:05","modified_gmt":"2025-01-13T10:19:05","slug":"footprints","status":"publish","type":"page","link":"https:\/\/cecomart.com\/pt\/dicionario-seo\/footprints\/","title":{"rendered":"Footprints"},"content":{"rendered":"<div id=\"ez-toc-container\" class=\"ez-toc-v2_0_82_2 counter-hierarchy ez-toc-counter ez-toc-custom ez-toc-container-direction\">\n<div class=\"ez-toc-title-container\">\n<p class=\"ez-toc-title\" style=\"cursor:inherit\">Content<\/p>\n<span class=\"ez-toc-title-toggle\"><a href=\"#\" class=\"ez-toc-pull-right ez-toc-btn ez-toc-btn-xs ez-toc-btn-default ez-toc-toggle\" aria-label=\"Toggle Table of Content\"><span class=\"ez-toc-js-icon-con\"><span class=\"\"><span class=\"eztoc-hide\" style=\"display:none;\">Toggle<\/span><span class=\"ez-toc-icon-toggle-span\"><svg style=\"fill: #0f0f0f;color:#0f0f0f\" xmlns=\"http:\/\/www.w3.org\/2000\/svg\" class=\"list-377408\" width=\"20px\" height=\"20px\" viewBox=\"0 0 24 24\" fill=\"none\"><path d=\"M6 6H4v2h2V6zm14 0H8v2h12V6zM4 11h2v2H4v-2zm16 0H8v2h12v-2zM4 16h2v2H4v-2zm16 0H8v2h12v-2z\" fill=\"currentColor\"><\/path><\/svg><svg style=\"fill: #0f0f0f;color:#0f0f0f\" class=\"arrow-unsorted-368013\" xmlns=\"http:\/\/www.w3.org\/2000\/svg\" width=\"10px\" height=\"10px\" viewBox=\"0 0 24 24\" version=\"1.2\" baseProfile=\"tiny\"><path d=\"M18.2 9.3l-6.2-6.3-6.2 6.3c-.2.2-.3.4-.3.7s.1.5.3.7c.2.2.4.3.7.3h11c.3 0 .5-.1.7-.3.2-.2.3-.5.3-.7s-.1-.5-.3-.7zM5.8 14.7l6.2 6.3 6.2-6.3c.2-.2.3-.5.3-.7s-.1-.5-.3-.7c-.2-.2-.4-.3-.7-.3h-11c-.3 0-.5.1-.7.3-.2.2-.3.5-.3.7s.1.5.3.7z\"\/><\/svg><\/span><\/span><\/span><\/a><\/span><\/div>\n<nav><ul class='ez-toc-list ez-toc-list-level-1 eztoc-toggle-hide-by-default' ><li class='ez-toc-page-1 ez-toc-heading-level-2'><a class=\"ez-toc-link ez-toc-heading-1\" href=\"https:\/\/cecomart.com\/pt\/dicionario-seo\/footprints\/#O_que_sao_os_footprints_do_Google\" >O que s\u00e3o os footprints do Google<\/a><\/li><li class='ez-toc-page-1 ez-toc-heading-level-2'><a class=\"ez-toc-link ez-toc-heading-2\" href=\"https:\/\/cecomart.com\/pt\/dicionario-seo\/footprints\/#Quais_sao_os_tipos_mais_comuns\" >Quais s\u00e3o os tipos mais comuns<\/a><ul class='ez-toc-list-level-3' ><li class='ez-toc-heading-level-3'><a class=\"ez-toc-link ez-toc-heading-3\" href=\"https:\/\/cecomart.com\/pt\/dicionario-seo\/footprints\/#Footprints_de_Localizacao\" >Footprints de Localiza\u00e7\u00e3o<\/a><\/li><li class='ez-toc-page-1 ez-toc-heading-level-3'><a class=\"ez-toc-link ez-toc-heading-4\" href=\"https:\/\/cecomart.com\/pt\/dicionario-seo\/footprints\/#Footprints_de_site_web\" >Footprints de site web<\/a><\/li><li class='ez-toc-page-1 ez-toc-heading-level-3'><a class=\"ez-toc-link ez-toc-heading-5\" href=\"https:\/\/cecomart.com\/pt\/dicionario-seo\/footprints\/#Footprints_de_arquivo\" >Footprints de arquivo<\/a><\/li><li class='ez-toc-page-1 ez-toc-heading-level-3'><a class=\"ez-toc-link ez-toc-heading-6\" href=\"https:\/\/cecomart.com\/pt\/dicionario-seo\/footprints\/#Footprints_de_pesquisa_avancada\" >Footprints de pesquisa avan\u00e7ada<\/a><\/li><\/ul><\/li><li class='ez-toc-page-1 ez-toc-heading-level-2'><a class=\"ez-toc-link ez-toc-heading-7\" href=\"https:\/\/cecomart.com\/pt\/dicionario-seo\/footprints\/#Quais_sao_os_tipos_de_footprints_menos_usados\" >Quais s\u00e3o os tipos de footprints menos usados<\/a><\/li><li class='ez-toc-page-1 ez-toc-heading-level-2'><a class=\"ez-toc-link ez-toc-heading-8\" href=\"https:\/\/cecomart.com\/pt\/dicionario-seo\/footprints\/#Que_footprints_ja_nao_funcionam_no_Google\" >Que footprints j\u00e1 n\u00e3o funcionam no Google<\/a><ul class='ez-toc-list-level-3' ><li class='ez-toc-heading-level-3'><a class=\"ez-toc-link ez-toc-heading-9\" href=\"https:\/\/cecomart.com\/pt\/dicionario-seo\/footprints\/#Onde_pode_conhecer_footprints_do_Google\" >Onde pode conhecer footprints do Google<\/a><ul class='ez-toc-list-level-4' ><li class='ez-toc-heading-level-4'><a class=\"ez-toc-link ez-toc-heading-10\" href=\"https:\/\/cecomart.com\/pt\/dicionario-seo\/footprints\/#Outros_termos_do_dicionario_SEO\" >Outros termos do dicion\u00e1rio SEO<\/a><ul class='ez-toc-list-level-5' ><li class='ez-toc-heading-level-5'><a class=\"ez-toc-link ez-toc-heading-11\" href=\"https:\/\/cecomart.com\/pt\/dicionario-seo\/footprints\/#Conceitos_com_A\" >Conceitos com A<\/a><\/li><li class='ez-toc-page-1 ez-toc-heading-level-5'><a class=\"ez-toc-link ez-toc-heading-12\" href=\"https:\/\/cecomart.com\/pt\/dicionario-seo\/footprints\/#Conceitos_com_B\" >Conceitos com B<\/a><\/li><li class='ez-toc-page-1 ez-toc-heading-level-5'><a class=\"ez-toc-link ez-toc-heading-13\" href=\"https:\/\/cecomart.com\/pt\/dicionario-seo\/footprints\/#Conceitos_com_C\" >Conceitos com C<\/a><\/li><li class='ez-toc-page-1 ez-toc-heading-level-5'><a class=\"ez-toc-link ez-toc-heading-14\" href=\"https:\/\/cecomart.com\/pt\/dicionario-seo\/footprints\/#Conceitos_com_D\" >Conceitos com D<\/a><\/li><li class='ez-toc-page-1 ez-toc-heading-level-5'><a class=\"ez-toc-link ez-toc-heading-15\" href=\"https:\/\/cecomart.com\/pt\/dicionario-seo\/footprints\/#Conceitos_com_E\" >Conceitos com E<\/a><\/li><li class='ez-toc-page-1 ez-toc-heading-level-5'><a class=\"ez-toc-link ez-toc-heading-16\" href=\"https:\/\/cecomart.com\/pt\/dicionario-seo\/footprints\/#Conceitos_com_F\" >Conceitos com F<\/a><\/li><li class='ez-toc-page-1 ez-toc-heading-level-5'><a class=\"ez-toc-link ez-toc-heading-17\" href=\"https:\/\/cecomart.com\/pt\/dicionario-seo\/footprints\/#Conceitos_com_H\" >Conceitos com H<\/a><\/li><li class='ez-toc-page-1 ez-toc-heading-level-5'><a class=\"ez-toc-link ez-toc-heading-18\" href=\"https:\/\/cecomart.com\/pt\/dicionario-seo\/footprints\/#Conceitos_com_K\" >Conceitos com K<\/a><\/li><li class='ez-toc-page-1 ez-toc-heading-level-5'><a class=\"ez-toc-link ez-toc-heading-19\" href=\"https:\/\/cecomart.com\/pt\/dicionario-seo\/footprints\/#Conceitos_com_S\" >Conceitos com S<\/a><\/li><li class='ez-toc-page-1 ez-toc-heading-level-5'><a class=\"ez-toc-link ez-toc-heading-20\" href=\"https:\/\/cecomart.com\/pt\/dicionario-seo\/footprints\/#Conceitos_com_R\" >Conceitos com R<\/a><\/li><li class='ez-toc-page-1 ez-toc-heading-level-5'><a class=\"ez-toc-link ez-toc-heading-21\" href=\"https:\/\/cecomart.com\/pt\/dicionario-seo\/footprints\/#Conceitos_com_T\" >Conceitos com T<\/a><\/li><\/ul><\/li><\/ul><\/li><\/ul><\/li><\/ul><\/nav><\/div>\n\n<h2><span class=\"ez-toc-section\" id=\"O_que_sao_os_footprints_do_Google\"><\/span>O que s\u00e3o os footprints do Google<span class=\"ez-toc-section-end\"><\/span><\/h2>\n<blockquote><p>Os footprints do Google s\u00e3o uma <strong>t\u00e9cnica de pesquisa que se utiliza para encontrar informa\u00e7\u00e3o espec\u00edfica na web<\/strong> utilizando palavras-chave e operadores de pesquisa avan\u00e7ados.<\/p><\/blockquote>\n<p>Um footprint \u00e9 um termo ou uma s\u00e9rie de termos que se utilizam para procurar informa\u00e7\u00e3o espec\u00edfica num site web ou em toda a web. Os footprints do Google s\u00e3o utilizados principalmente por <strong>profissionais de SEO, investigadores e especialistas em marketing digital<\/strong> para encontrar informa\u00e7\u00e3o relevante para o seu trabalho.<\/p>\n<p><img fetchpriority=\"high\" decoding=\"async\" class=\"aligncenter wp-image-2355\" src=\"https:\/\/cecomart.com\/wp-content\/uploads\/2024\/07\/footprint-google-1024x554.jpg\" alt=\"o que s\u00e3o os footprints Google\" width=\"538\" height=\"291\" srcset=\"https:\/\/cecomart.com\/wp-content\/uploads\/2024\/07\/footprint-google-1024x554.jpg 1024w, https:\/\/cecomart.com\/wp-content\/uploads\/2024\/07\/footprint-google-300x162.jpg 300w, https:\/\/cecomart.com\/wp-content\/uploads\/2024\/07\/footprint-google-768x416.jpg 768w, https:\/\/cecomart.com\/wp-content\/uploads\/2024\/07\/footprint-google.jpg 1064w\" sizes=\"(max-width: 538px) 100vw, 538px\" \/><\/p>\n<h2><span class=\"ez-toc-section\" id=\"Quais_sao_os_tipos_mais_comuns\"><\/span>Quais s\u00e3o os tipos mais comuns<span class=\"ez-toc-section-end\"><\/span><\/h2>\n<p>Os tipos mais comuns de footprints do Google s\u00e3o:<\/p>\n<h3><span class=\"ez-toc-section\" id=\"Footprints_de_Localizacao\"><\/span>Footprints de Localiza\u00e7\u00e3o<span class=\"ez-toc-section-end\"><\/span><\/h3>\n<p>Utilizam-se para encontrar informa\u00e7\u00e3o num local espec\u00edfico. Por exemplo, &#8220;<strong>restaurantes em Nova Iorque<\/strong>&#8221; ou &#8220;<strong>hot\u00e9is em Barcelona<\/strong>&#8220;.<\/p>\n<p>Isto \u00e9, basicamente, as pesquisas locais. Neste sentido, aqueles sites com men\u00e7\u00f5es a localidades, indiquem a sua localiza\u00e7\u00e3o, utilizem iframes de mapas, entre outros; ser\u00e3o aqueles que sair\u00e3o a ganhar neste tipo de consultas de localiza\u00e7\u00e3o.<\/p>\n<h3><span class=\"ez-toc-section\" id=\"Footprints_de_site_web\"><\/span>Footprints de site web<span class=\"ez-toc-section-end\"><\/span><\/h3>\n<p>Utilizam-se para procurar informa\u00e7\u00e3o num site web espec\u00edfico. Por exemplo, &#8220;<strong>site:wikipedia.org Estados Unidos<\/strong>&#8221; ou &#8220;<strong>site:amazon.com livros de cozinha<\/strong>&#8220;.<\/p>\n<p>Como se mostra, utiliza-se o site: na pesquisa. Isto ajuda-nos para encontrar o que queremos dentro de um dom\u00ednio.<\/p>\n<p>Por exemplo, se procurasse na minha p\u00e1gina web sobre erros 404 e procurasse com o site:, o Google lan\u00e7ar-lhe-ia o seguinte resultado:<\/p>\n<p><img decoding=\"async\" class=\"aligncenter wp-image-2354\" src=\"https:\/\/cecomart.com\/wp-content\/uploads\/2024\/07\/site-footprint-cecomart.jpg\" alt=\"usa o footprint google de site:\" width=\"520\" height=\"225\" srcset=\"https:\/\/cecomart.com\/wp-content\/uploads\/2024\/07\/site-footprint-cecomart.jpg 866w, https:\/\/cecomart.com\/wp-content\/uploads\/2024\/07\/site-footprint-cecomart-300x130.jpg 300w, https:\/\/cecomart.com\/wp-content\/uploads\/2024\/07\/site-footprint-cecomart-768x333.jpg 768w\" sizes=\"(max-width: 520px) 100vw, 520px\" \/><\/p>\n<p>Como v\u00ea, lan\u00e7a uma <strong>publica\u00e7\u00e3o que tenho no meu dom\u00ednio com a consulta que voc\u00ea realizou dentro do meu dom\u00ednio web<\/strong>.<\/p>\n<p>Para mim, \u00e9 um dos mais \u00fateis, dado que vai diretamente a encontrar o que quer dentro de um site web. Pode servir tamb\u00e9m para:<\/p>\n<ul>\n\u00a0 <\/p>\n<li>Detetar duplicidades.<\/li>\n<p>\u00a0 <\/p>\n<li>Ver conte\u00fados que foram realizados.<\/li>\n<p>\u00a0 <\/p>\n<li>Enla\u00e7amento interno.<\/li>\n<\/ul>\n<h3><span class=\"ez-toc-section\" id=\"Footprints_de_arquivo\"><\/span>Footprints de arquivo<span class=\"ez-toc-section-end\"><\/span><\/h3>\n<p>Utilizam-se para procurar informa\u00e7\u00e3o num tipo de arquivo espec\u00edfico, como PDF ou DOC. Por exemplo, &#8220;<strong>inurl:arquivo.pdf hist\u00f3ria da pol\u00edtica<\/strong>&#8220;.<\/p>\n<p>Este footprint ajud\u00e1-lo-\u00e1 a encontrar arquivos espec\u00edficos dentro de um site web, muito \u00fatil em sites de livros e demais.<\/p>\n<p>Inclusive, pode combinar este footprint com o anterior para tirar mais resultados e otimizar o seu site web ao m\u00e1ximo.<\/p>\n<h3><span class=\"ez-toc-section\" id=\"Footprints_de_pesquisa_avancada\"><\/span>Footprints de pesquisa avan\u00e7ada<span class=\"ez-toc-section-end\"><\/span><\/h3>\n<p>Utilizam-se para procurar informa\u00e7\u00e3o utilizando operadores de pesquisa avan\u00e7ados, como &#8220;OR&#8221; ou &#8220;AND&#8221;. Por exemplo, &#8220;<strong>inurl:arquivo.pdf hist\u00f3ria da pol\u00edtica OR economia<\/strong>&#8220;.<\/p>\n<h2><span class=\"ez-toc-section\" id=\"Quais_sao_os_tipos_de_footprints_menos_usados\"><\/span>Quais s\u00e3o os tipos de footprints menos usados<span class=\"ez-toc-section-end\"><\/span><\/h2>\n<p>Alguns dos tipos de footprints menos utilizados s\u00e3o:<\/p>\n<ol>\n\u00a0 <\/p>\n<li>Footprints de data: utilizam-se para procurar informa\u00e7\u00e3o publicada numa data espec\u00edfica. Por exemplo, &#8220;desde:2019-01-01 at\u00e9:2019-12-31&#8221;.<\/li>\n<p>\u00a0 <\/p>\n<li>Footprints de idioma: utilizam-se para procurar informa\u00e7\u00e3o num idioma espec\u00edfico. Por exemplo, &#8220;enlace:espanhol&#8221;.<\/li>\n<p>\u00a0 <\/p>\n<li>Footprints de c\u00f3digo fonte: utilizam-se para procurar informa\u00e7\u00e3o no c\u00f3digo fonte de um site web. Por exemplo, &#8220;intitle:index.of &#8220;parent directory&#8221; &#8220;nome do arquivo&#8221;&#8221;.<\/li>\n<\/ol>\n<h2><span class=\"ez-toc-section\" id=\"Que_footprints_ja_nao_funcionam_no_Google\"><\/span>Que footprints j\u00e1 n\u00e3o funcionam no Google<span class=\"ez-toc-section-end\"><\/span><\/h2>\n<p>\u00c9 importante destacar que alguns footprints j\u00e1 n\u00e3o funcionam no Google devido \u00e0s mudan\u00e7as no seu algoritmo de pesquisa e \u00e0 atualiza\u00e7\u00e3o das suas pol\u00edticas. Alguns exemplos s\u00e3o &#8220;inanchor:&#8221;, &#8220;intitle:&#8221;, &#8220;link:&#8221;, &#8220;related:&#8221; e &#8220;info:&#8221;.<\/p>\n<p>Algumas vezes, ainda se pode utilizar o de cache: para detetar a p\u00e1gina em cache que o Google tem do seu site. No entanto, decidiu eliminar este footprint do seu motor de busca, ainda que, como digo, em algumas ocasi\u00f5es pode utiliz\u00e1-lo para ver se est\u00e1 ativo.<\/p>\n<p>Tamb\u00e9m muito \u00fatil para saber o que \u00e9 o \u00faltimo que tem atualizado sobre um URL em concreto do seu site web.<\/p>\n<h3><span class=\"ez-toc-section\" id=\"Onde_pode_conhecer_footprints_do_Google\"><\/span>Onde pode conhecer footprints do Google<span class=\"ez-toc-section-end\"><\/span><\/h3>\n<p>Para conhecer mais acerca dos footprints do Google e como utiliz\u00e1-los, h\u00e1 v\u00e1rias fontes dispon\u00edveis online, como tutoriais de SEO e cursos de marketing digital. Tamb\u00e9m h\u00e1 comunidades e f\u00f3runs online onde se discutem t\u00e9cnicas avan\u00e7adas de pesquisa no Google e se partilham conselhos e truques para utilizar os footprints de maneira eficaz.<\/p>\n<h4 style=\"text-align: center;\"><span class=\"ez-toc-section\" id=\"Outros_termos_do_dicionario_SEO\"><\/span>Outros termos do dicion\u00e1rio SEO<span class=\"ez-toc-section-end\"><\/span><\/h4>\n<h5><span class=\"ez-toc-section\" id=\"Conceitos_com_A\"><\/span>Conceitos com A<span class=\"ez-toc-section-end\"><\/span><\/h5>\n<ul>\n<li><a href=\"https:\/\/cecomart.com\/pt\/dicionario-seo\/anchor-text\/\">Anchor text<\/a><\/li>\n<li><a href=\"https:\/\/cecomart.com\/pt\/dicionario-seo\/alt-text\/\">Alt Text<\/a><\/li>\n<\/ul>\n<h5><span class=\"ez-toc-section\" id=\"Conceitos_com_B\"><\/span>Conceitos com B<span class=\"ez-toc-section-end\"><\/span><\/h5>\n<ul>\n<li><a href=\"https:\/\/cecomart.com\/pt\/dicionario-seo\/broken-links\/\">Broken Links<\/a><\/li>\n<\/ul>\n<h5><span class=\"ez-toc-section\" id=\"Conceitos_com_C\"><\/span>Conceitos com C<span class=\"ez-toc-section-end\"><\/span><\/h5>\n<ul>\n<li><a href=\"https:\/\/cecomart.com\/pt\/dicionario-seo\/canonical\/\">Canonical url<\/a><\/li>\n<li><a href=\"https:\/\/cecomart.com\/pt\/dicionario-seo\/cro-conversion-rate-optimization\/\">CRO<\/a><\/li>\n<li><a href=\"https:\/\/cecomart.com\/pt\/dicionario-seo\/ctr\/\">CTR<\/a><\/li>\n<\/ul>\n<h5><span class=\"ez-toc-section\" id=\"Conceitos_com_D\"><\/span>Conceitos com D<span class=\"ez-toc-section-end\"><\/span><\/h5>\n<ul>\n<li><a href=\"https:\/\/cecomart.com\/pt\/dicionario-seo\/disavow\/\">Disavow<\/a><\/li>\n<li><a href=\"https:\/\/cecomart.com\/pt\/dicionario-seo\/domain-authority-da\/\">Domain authority<\/a><\/li>\n<li><a href=\"https:\/\/cecomart.com\/pt\/dicionario-seo\/dwell-time\/\">Dwell time<\/a><\/li>\n<\/ul>\n<h5><span class=\"ez-toc-section\" id=\"Conceitos_com_E\"><\/span>Conceitos com E<span class=\"ez-toc-section-end\"><\/span><\/h5>\n<ul>\n<li><a href=\"https:\/\/cecomart.com\/pt\/dicionario-seo\/etiquetas-cabecalho-h-headings\/\">Etiquetas h o Headings<\/a><\/li>\n<\/ul>\n<h5><span class=\"ez-toc-section\" id=\"Conceitos_com_F\"><\/span>Conceitos com F<span class=\"ez-toc-section-end\"><\/span><\/h5>\n<ul>\n<li><a href=\"https:\/\/cecomart.com\/pt\/dicionario-seo\/favicon\/\">Favicon<\/a><\/li>\n<li><a href=\"https:\/\/cecomart.com\/pt\/dicionario-seo\/footer\/\">Footer<\/a><\/li>\n<\/ul>\n<h5><span class=\"ez-toc-section\" id=\"Conceitos_com_H\"><\/span>Conceitos com H<span class=\"ez-toc-section-end\"><\/span><\/h5>\n<ul>\n<li><a href=\"https:\/\/cecomart.com\/pt\/dicionario-seo\/hreflang\/\">Hreflang<\/a><\/li>\n<li><a href=\"https:\/\/cecomart.com\/pt\/dicionario-seo\/header\/\">Header<\/a><\/li>\n<\/ul>\n<h5><span class=\"ez-toc-section\" id=\"Conceitos_com_K\"><\/span>Conceitos com K<span class=\"ez-toc-section-end\"><\/span><\/h5>\n<ul>\n<li><a href=\"https:\/\/cecomart.com\/pt\/dicionario-seo\/keyword-stuffing\/\">Keyword Stuffing<\/a><\/li>\n<\/ul>\n<h5><span class=\"ez-toc-section\" id=\"Conceitos_com_S\"><\/span>Conceitos com S<span class=\"ez-toc-section-end\"><\/span><\/h5>\n<ul>\n<li><a href=\"https:\/\/cecomart.com\/pt\/dicionario-seo\/schemas-dados-estruturados\/\">Schema<\/a><\/li>\n<\/ul>\n<h5><span class=\"ez-toc-section\" id=\"Conceitos_com_R\"><\/span>Conceitos com R<span class=\"ez-toc-section-end\"><\/span><\/h5>\n<ul>\n<li><a href=\"https:\/\/cecomart.com\/pt\/dicionario-seo\/robots-txt\/\">Robots.txt<\/a><\/li>\n<\/ul>\n<h5><span class=\"ez-toc-section\" id=\"Conceitos_com_T\"><\/span>Conceitos com T<span class=\"ez-toc-section-end\"><\/span><\/h5>\n<ul>\n<li><a href=\"https:\/\/cecomart.com\/pt\/dicionario-seo\/target-_blank\/\">Target _blank<\/a><\/li>\n<\/ul>\n<p>&nbsp;<\/p>\n","protected":false},"excerpt":{"rendered":"<p>O que s\u00e3o os footprints do Google Os footprints do Google s\u00e3o uma t\u00e9cnica de pesquisa que se utiliza para encontrar informa\u00e7\u00e3o espec\u00edfica na web utilizando palavras-chave e operadores de pesquisa avan\u00e7ados. Um footprint \u00e9 um termo ou uma s\u00e9rie de termos que se utilizam para procurar informa\u00e7\u00e3o espec\u00edfica num site web ou em toda [&hellip;]<\/p>\n","protected":false},"author":1,"featured_media":0,"parent":2952,"menu_order":0,"comment_status":"closed","ping_status":"closed","template":"","meta":{"_ayudawp_aiss_exclude":false,"_locale":"pt_PT","_original_post":"https:\/\/cecomart.com\/?page_id=1362","footnotes":""},"class_list":["post-2981","page","type-page","status-publish","hentry","pt-PT"],"yoast_head":"<!-- This site is optimized with the Yoast SEO plugin v27.5 - https:\/\/yoast.com\/product\/yoast-seo-wordpress\/ -->\n<title>Footprints Google: O qu\u00e9 s\u00e3o, comunes e mais | Cecomart<\/title>\n<meta name=\"description\" content=\"\u25b7 Footprints Google: Conhe\u00e7a toda a informa\u00e7\u00e3o sobre este elemento do motor de busca. O que s\u00e3o, que tipos existem, quais s\u00e3o os mais comuns, etc.\" \/>\n<meta name=\"robots\" content=\"index, follow, max-snippet:-1, max-image-preview:large, max-video-preview:-1\" \/>\n<link rel=\"canonical\" href=\"https:\/\/cecomart.com\/pt\/dicionario-seo\/footprints\/\" \/>\n<meta property=\"og:locale\" content=\"pt_PT\" \/>\n<meta property=\"og:type\" content=\"article\" \/>\n<meta property=\"og:title\" content=\"Footprints Google: O qu\u00e9 s\u00e3o, comunes e mais | Cecomart\" \/>\n<meta property=\"og:description\" content=\"\u25b7 Footprints Google: Conhe\u00e7a toda a informa\u00e7\u00e3o sobre este elemento do motor de busca. O que s\u00e3o, que tipos existem, quais s\u00e3o os mais comuns, etc.\" \/>\n<meta property=\"og:url\" content=\"https:\/\/cecomart.com\/pt\/dicionario-seo\/footprints\/\" \/>\n<meta property=\"og:site_name\" content=\"Cecomart\" \/>\n<meta property=\"article:modified_time\" content=\"2025-01-13T10:19:05+00:00\" \/>\n<meta property=\"og:image\" content=\"https:\/\/cecomart.com\/wp-content\/uploads\/2024\/07\/footprint-google.jpg\" \/>\n\t<meta property=\"og:image:width\" content=\"1064\" \/>\n\t<meta property=\"og:image:height\" content=\"576\" \/>\n\t<meta property=\"og:image:type\" content=\"image\/jpeg\" \/>\n<meta name=\"twitter:card\" content=\"summary_large_image\" \/>\n<meta name=\"twitter:site\" content=\"@SoyCortiz\" \/>\n<meta name=\"twitter:label1\" content=\"Tempo estimado de leitura\" \/>\n\t<meta name=\"twitter:data1\" content=\"4 minutos\" \/>\n<!-- \/ Yoast SEO plugin. -->","yoast_head_json":{"title":"Footprints Google: O qu\u00e9 s\u00e3o, comunes e mais | Cecomart","description":"\u25b7 Footprints Google: Conhe\u00e7a toda a informa\u00e7\u00e3o sobre este elemento do motor de busca. O que s\u00e3o, que tipos existem, quais s\u00e3o os mais comuns, etc.","robots":{"index":"index","follow":"follow","max-snippet":"max-snippet:-1","max-image-preview":"max-image-preview:large","max-video-preview":"max-video-preview:-1"},"canonical":"https:\/\/cecomart.com\/pt\/dicionario-seo\/footprints\/","og_locale":"pt_PT","og_type":"article","og_title":"Footprints Google: O qu\u00e9 s\u00e3o, comunes e mais | Cecomart","og_description":"\u25b7 Footprints Google: Conhe\u00e7a toda a informa\u00e7\u00e3o sobre este elemento do motor de busca. O que s\u00e3o, que tipos existem, quais s\u00e3o os mais comuns, etc.","og_url":"https:\/\/cecomart.com\/pt\/dicionario-seo\/footprints\/","og_site_name":"Cecomart","article_modified_time":"2025-01-13T10:19:05+00:00","og_image":[{"width":1064,"height":576,"url":"https:\/\/cecomart.com\/wp-content\/uploads\/2024\/07\/footprint-google.jpg","type":"image\/jpeg"}],"twitter_card":"summary_large_image","twitter_site":"@SoyCortiz","twitter_misc":{"Tempo estimado de leitura":"4 minutos"},"schema":{"@context":"https:\/\/schema.org","@graph":[{"@type":"Article","@id":"https:\/\/cecomart.com\/pt\/dicionario-seo\/footprints\/#article","isPartOf":{"@id":"https:\/\/cecomart.com\/pt\/dicionario-seo\/footprints\/"},"author":{"name":"C.Ortiz","@id":"https:\/\/cecomart.com\/#\/schema\/person\/2c89526db0f701abd6b4e52aafb69731"},"headline":"Footprints","datePublished":"2025-01-11T20:17:25+00:00","dateModified":"2025-01-13T10:19:05+00:00","mainEntityOfPage":{"@id":"https:\/\/cecomart.com\/pt\/dicionario-seo\/footprints\/"},"wordCount":746,"publisher":{"@id":"https:\/\/cecomart.com\/#organization"},"image":{"@id":"https:\/\/cecomart.com\/pt\/dicionario-seo\/footprints\/#primaryimage"},"thumbnailUrl":"https:\/\/cecomart.com\/wp-content\/uploads\/2024\/07\/footprint-google-1024x554.jpg","inLanguage":"pt-PT"},{"@type":"WebPage","@id":"https:\/\/cecomart.com\/pt\/dicionario-seo\/footprints\/","url":"https:\/\/cecomart.com\/pt\/dicionario-seo\/footprints\/","name":"Footprints Google: O qu\u00e9 s\u00e3o, comunes e mais | Cecomart","isPartOf":{"@id":"https:\/\/cecomart.com\/#website"},"primaryImageOfPage":{"@id":"https:\/\/cecomart.com\/pt\/dicionario-seo\/footprints\/#primaryimage"},"image":{"@id":"https:\/\/cecomart.com\/pt\/dicionario-seo\/footprints\/#primaryimage"},"thumbnailUrl":"https:\/\/cecomart.com\/wp-content\/uploads\/2024\/07\/footprint-google-1024x554.jpg","datePublished":"2025-01-11T20:17:25+00:00","dateModified":"2025-01-13T10:19:05+00:00","description":"\u25b7 Footprints Google: Conhe\u00e7a toda a informa\u00e7\u00e3o sobre este elemento do motor de busca. O que s\u00e3o, que tipos existem, quais s\u00e3o os mais comuns, etc.","breadcrumb":{"@id":"https:\/\/cecomart.com\/pt\/dicionario-seo\/footprints\/#breadcrumb"},"inLanguage":"pt-PT","potentialAction":[{"@type":"ReadAction","target":["https:\/\/cecomart.com\/pt\/dicionario-seo\/footprints\/"]}]},{"@type":"ImageObject","inLanguage":"pt-PT","@id":"https:\/\/cecomart.com\/pt\/dicionario-seo\/footprints\/#primaryimage","url":"https:\/\/cecomart.com\/wp-content\/uploads\/2024\/07\/footprint-google.jpg","contentUrl":"https:\/\/cecomart.com\/wp-content\/uploads\/2024\/07\/footprint-google.jpg","width":1064,"height":576,"caption":"qu\u00e9 son los footprints de Google"},{"@type":"BreadcrumbList","@id":"https:\/\/cecomart.com\/pt\/dicionario-seo\/footprints\/#breadcrumb","itemListElement":[{"@type":"ListItem","position":1,"name":"SEO","item":"https:\/\/cecomart.com\/pt\/"},{"@type":"ListItem","position":2,"name":"Dicion\u00e1rio de SEO","item":"https:\/\/cecomart.com\/pt\/dicionario-seo\/"},{"@type":"ListItem","position":3,"name":"Footprints"}]},{"@type":"WebSite","@id":"https:\/\/cecomart.com\/#website","url":"https:\/\/cecomart.com\/","name":"Cecomart","description":"Especialista en SEO e Inteligencia Artificial","publisher":{"@id":"https:\/\/cecomart.com\/#organization"},"alternateName":"Cecomart","potentialAction":[{"@type":"SearchAction","target":{"@type":"EntryPoint","urlTemplate":"https:\/\/cecomart.com\/?s={search_term_string}"},"query-input":{"@type":"PropertyValueSpecification","valueRequired":true,"valueName":"search_term_string"}}],"inLanguage":"pt-PT"},{"@type":"Organization","@id":"https:\/\/cecomart.com\/#organization","name":"Cecomart","url":"https:\/\/cecomart.com\/","logo":{"@type":"ImageObject","inLanguage":"pt-PT","@id":"https:\/\/cecomart.com\/#\/schema\/logo\/image\/","url":"https:\/\/cecomart.com\/wp-content\/uploads\/2024\/09\/logo-cecomart-2024.jpg","contentUrl":"https:\/\/cecomart.com\/wp-content\/uploads\/2024\/09\/logo-cecomart-2024.jpg","width":1116,"height":466,"caption":"Cecomart"},"image":{"@id":"https:\/\/cecomart.com\/#\/schema\/logo\/image\/"},"sameAs":["https:\/\/x.com\/SoyCortiz"]},{"@type":"Person","@id":"https:\/\/cecomart.com\/#\/schema\/person\/2c89526db0f701abd6b4e52aafb69731","name":"C.Ortiz","image":{"@type":"ImageObject","inLanguage":"pt-PT","@id":"https:\/\/secure.gravatar.com\/avatar\/a4e2ff9a83acee041bf89b127a3c9e31bee701c1977f13261c281d19a819ab3c?s=96&d=mm&r=g","url":"https:\/\/secure.gravatar.com\/avatar\/a4e2ff9a83acee041bf89b127a3c9e31bee701c1977f13261c281d19a819ab3c?s=96&d=mm&r=g","contentUrl":"https:\/\/secure.gravatar.com\/avatar\/a4e2ff9a83acee041bf89b127a3c9e31bee701c1977f13261c281d19a819ab3c?s=96&d=mm&r=g","caption":"C.Ortiz"},"description":"Consultor SEO desde 2015. Apasionado por difundir noticias sobre posicionamiento web y seguir aprendiendo de una profesi\u00f3n en constante evoluci\u00f3n. Especializado en SEO t\u00e9cnico, GEO y AEO.","sameAs":["https:\/\/cecomart.com","https:\/\/x.com\/@SoyCortiz"],"url":"https:\/\/cecomart.com\/author\/cortiz\/"}]}},"_links":{"self":[{"href":"https:\/\/cecomart.com\/wp-json\/wp\/v2\/pages\/2981","targetHints":{"allow":["GET"]}}],"collection":[{"href":"https:\/\/cecomart.com\/wp-json\/wp\/v2\/pages"}],"about":[{"href":"https:\/\/cecomart.com\/wp-json\/wp\/v2\/types\/page"}],"author":[{"embeddable":true,"href":"https:\/\/cecomart.com\/wp-json\/wp\/v2\/users\/1"}],"replies":[{"embeddable":true,"href":"https:\/\/cecomart.com\/wp-json\/wp\/v2\/comments?post=2981"}],"version-history":[{"count":3,"href":"https:\/\/cecomart.com\/wp-json\/wp\/v2\/pages\/2981\/revisions"}],"predecessor-version":[{"id":3026,"href":"https:\/\/cecomart.com\/wp-json\/wp\/v2\/pages\/2981\/revisions\/3026"}],"up":[{"embeddable":true,"href":"https:\/\/cecomart.com\/wp-json\/wp\/v2\/pages\/2952"}],"wp:attachment":[{"href":"https:\/\/cecomart.com\/wp-json\/wp\/v2\/media?parent=2981"}],"curies":[{"name":"wp","href":"https:\/\/api.w.org\/{rel}","templated":true}]}}