{"id":2978,"date":"2025-01-11T20:16:56","date_gmt":"2025-01-11T20:16:56","guid":{"rendered":"https:\/\/cecomart.com\/?page_id=2978"},"modified":"2025-01-11T20:16:56","modified_gmt":"2025-01-11T20:16:56","slug":"footer","status":"publish","type":"page","link":"https:\/\/cecomart.com\/pt\/dicionario-seo\/footer\/","title":{"rendered":"Footer"},"content":{"rendered":"<p>A seguir, vamos ver o conceito de Footer para qualquer p\u00e1gina web:<\/p>\n<div id=\"ez-toc-container\" class=\"ez-toc-v2_0_82_2 counter-hierarchy ez-toc-counter ez-toc-custom ez-toc-container-direction\">\n<div class=\"ez-toc-title-container\">\n<p class=\"ez-toc-title\" style=\"cursor:inherit\">Content<\/p>\n<span class=\"ez-toc-title-toggle\"><a href=\"#\" class=\"ez-toc-pull-right ez-toc-btn ez-toc-btn-xs ez-toc-btn-default ez-toc-toggle\" aria-label=\"Toggle Table of Content\"><span class=\"ez-toc-js-icon-con\"><span class=\"\"><span class=\"eztoc-hide\" style=\"display:none;\">Toggle<\/span><span class=\"ez-toc-icon-toggle-span\"><svg style=\"fill: #0f0f0f;color:#0f0f0f\" xmlns=\"http:\/\/www.w3.org\/2000\/svg\" class=\"list-377408\" width=\"20px\" height=\"20px\" viewBox=\"0 0 24 24\" fill=\"none\"><path d=\"M6 6H4v2h2V6zm14 0H8v2h12V6zM4 11h2v2H4v-2zm16 0H8v2h12v-2zM4 16h2v2H4v-2zm16 0H8v2h12v-2z\" fill=\"currentColor\"><\/path><\/svg><svg style=\"fill: #0f0f0f;color:#0f0f0f\" class=\"arrow-unsorted-368013\" xmlns=\"http:\/\/www.w3.org\/2000\/svg\" width=\"10px\" height=\"10px\" viewBox=\"0 0 24 24\" version=\"1.2\" baseProfile=\"tiny\"><path d=\"M18.2 9.3l-6.2-6.3-6.2 6.3c-.2.2-.3.4-.3.7s.1.5.3.7c.2.2.4.3.7.3h11c.3 0 .5-.1.7-.3.2-.2.3-.5.3-.7s-.1-.5-.3-.7zM5.8 14.7l6.2 6.3 6.2-6.3c.2-.2.3-.5.3-.7s-.1-.5-.3-.7c-.2-.2-.4-.3-.7-.3h-11c-.3 0-.5.1-.7.3-.2.2-.3.5-.3.7s.1.5.3.7z\"\/><\/svg><\/span><\/span><\/span><\/a><\/span><\/div>\n<nav><ul class='ez-toc-list ez-toc-list-level-1 eztoc-toggle-hide-by-default' ><li class='ez-toc-page-1 ez-toc-heading-level-2'><a class=\"ez-toc-link ez-toc-heading-1\" href=\"https:\/\/cecomart.com\/pt\/dicionario-seo\/footer\/#O_que_e_um_footer_html\" >O que \u00e9 um footer (html)<\/a><\/li><li class='ez-toc-page-1 ez-toc-heading-level-2'><a class=\"ez-toc-link ez-toc-heading-2\" href=\"https:\/\/cecomart.com\/pt\/dicionario-seo\/footer\/#Que_elementos_deve_ter_um_footer\" >Que elementos deve ter um footer<\/a><\/li><li class='ez-toc-page-1 ez-toc-heading-level-2'><a class=\"ez-toc-link ez-toc-heading-3\" href=\"https:\/\/cecomart.com\/pt\/dicionario-seo\/footer\/#Exemplo_de_Footer_em_HTML\" >Exemplo de Footer em HTML<\/a><\/li><li class='ez-toc-page-1 ez-toc-heading-level-2'><a class=\"ez-toc-link ez-toc-heading-4\" href=\"https:\/\/cecomart.com\/pt\/dicionario-seo\/footer\/#Evitar_erros_para_criar_um_footer\" >Evitar erros para criar um footer<\/a><ul class='ez-toc-list-level-3' ><li class='ez-toc-heading-level-3'><a class=\"ez-toc-link ez-toc-heading-5\" href=\"https:\/\/cecomart.com\/pt\/dicionario-seo\/footer\/#5_erros_que_deve_evitar\" >5 erros que deve evitar<\/a><ul class='ez-toc-list-level-4' ><li class='ez-toc-heading-level-4'><a class=\"ez-toc-link ez-toc-heading-6\" href=\"https:\/\/cecomart.com\/pt\/dicionario-seo\/footer\/#Outros_termos_do_dicionario_SEO\" >Outros termos do dicion\u00e1rio SEO<\/a><ul class='ez-toc-list-level-5' ><li class='ez-toc-heading-level-5'><a class=\"ez-toc-link ez-toc-heading-7\" href=\"https:\/\/cecomart.com\/pt\/dicionario-seo\/footer\/#Conceitos_com_A\" >Conceitos com A<\/a><\/li><li class='ez-toc-page-1 ez-toc-heading-level-5'><a class=\"ez-toc-link ez-toc-heading-8\" href=\"https:\/\/cecomart.com\/pt\/dicionario-seo\/footer\/#Conceitos_com_B\" >Conceitos com B<\/a><\/li><li class='ez-toc-page-1 ez-toc-heading-level-5'><a class=\"ez-toc-link ez-toc-heading-9\" href=\"https:\/\/cecomart.com\/pt\/dicionario-seo\/footer\/#Conceitos_com_C\" >Conceitos com C<\/a><\/li><li class='ez-toc-page-1 ez-toc-heading-level-5'><a class=\"ez-toc-link ez-toc-heading-10\" href=\"https:\/\/cecomart.com\/pt\/dicionario-seo\/footer\/#Conceitos_com_D\" >Conceitos com D<\/a><\/li><li class='ez-toc-page-1 ez-toc-heading-level-5'><a class=\"ez-toc-link ez-toc-heading-11\" href=\"https:\/\/cecomart.com\/pt\/dicionario-seo\/footer\/#Conceitos_com_E\" >Conceitos com E<\/a><\/li><li class='ez-toc-page-1 ez-toc-heading-level-5'><a class=\"ez-toc-link ez-toc-heading-12\" href=\"https:\/\/cecomart.com\/pt\/dicionario-seo\/footer\/#Conceitos_com_F\" >Conceitos com F<\/a><\/li><li class='ez-toc-page-1 ez-toc-heading-level-5'><a class=\"ez-toc-link ez-toc-heading-13\" href=\"https:\/\/cecomart.com\/pt\/dicionario-seo\/footer\/#Conceitos_com_H\" >Conceitos com H<\/a><\/li><li class='ez-toc-page-1 ez-toc-heading-level-5'><a class=\"ez-toc-link ez-toc-heading-14\" href=\"https:\/\/cecomart.com\/pt\/dicionario-seo\/footer\/#Conceitos_com_K\" >Conceitos com K<\/a><\/li><li class='ez-toc-page-1 ez-toc-heading-level-5'><a class=\"ez-toc-link ez-toc-heading-15\" href=\"https:\/\/cecomart.com\/pt\/dicionario-seo\/footer\/#Conceitos_com_S\" >Conceitos com S<\/a><\/li><li class='ez-toc-page-1 ez-toc-heading-level-5'><a class=\"ez-toc-link ez-toc-heading-16\" href=\"https:\/\/cecomart.com\/pt\/dicionario-seo\/footer\/#Conceitos_com_R\" >Conceitos com R<\/a><\/li><li class='ez-toc-page-1 ez-toc-heading-level-5'><a class=\"ez-toc-link ez-toc-heading-17\" href=\"https:\/\/cecomart.com\/pt\/dicionario-seo\/footer\/#Conceitos_com_T\" >Conceitos com T<\/a><\/li><\/ul><\/li><\/ul><\/li><\/ul><\/li><\/ul><\/nav><\/div>\n\n<h2><span class=\"ez-toc-section\" id=\"O_que_e_um_footer_html\"><\/span>O que \u00e9 um footer (html)<span class=\"ez-toc-section-end\"><\/span><\/h2>\n<p>Um footer ou rodap\u00e9 HTML \u00e9 a parte inferior de uma p\u00e1gina web, que costuma conter informa\u00e7\u00e3o importante sobre a organiza\u00e7\u00e3o ou o site web, assim como <strong>links para outras se\u00e7\u00f5es relevantes<\/strong>.<\/p>\n<p>O footer \u00e9 uma <strong>parte fundamental de uma p\u00e1gina web<\/strong> j\u00e1 que permite aos utilizadores ter acesso r\u00e1pido a informa\u00e7\u00e3o importante, e pode ser utilizado para melhorar a experi\u00eancia do utilizador e a usabilidade do site web.<\/p>\n<h2><span class=\"ez-toc-section\" id=\"Que_elementos_deve_ter_um_footer\"><\/span>Que elementos deve ter um footer<span class=\"ez-toc-section-end\"><\/span><\/h2>\n<p>Os elementos que deve ter um rodap\u00e9 incluem:<\/p>\n<ol>\n\u00a0 <\/p>\n<li>Links para se\u00e7\u00f5es importantes do site web, como Termos e Condi\u00e7\u00f5es, Pol\u00edtica de privacidade e Contacto.<\/li>\n<p>\u00a0 <\/p>\n<li>Informa\u00e7\u00e3o de contacto, como endere\u00e7o, n\u00famero de telefone e correio eletr\u00f3nico.<\/li>\n<p>\u00a0 <\/p>\n<li>Links para redes sociais.<\/li>\n<p>\u00a0 <\/p>\n<li>Copyright e aviso de direitos de autor.<\/li>\n<p>\u00a0 <\/p>\n<li>Log\u00f3tipo da organiza\u00e7\u00e3o.<\/li>\n<\/ol>\n<h2><span class=\"ez-toc-section\" id=\"Exemplo_de_Footer_em_HTML\"><\/span>Exemplo de Footer em HTML<span class=\"ez-toc-section-end\"><\/span><\/h2>\n<p>Um exemplo de um footer em HTML seria o seguinte:<\/p>\n<div style=\"background: black; color: white;\">&lt;footer&gt;<br \/>\n&lt;div class=&#8221;container&#8221;&gt;<br \/>\n&lt;div class=&#8221;row&#8221;&gt;<br \/>\n&lt;div class=&#8221;col-md-3&#8243;&gt;<br \/>\n&lt;h5&gt;Informa\u00e7\u00e3o da companhia&lt;\/h5&gt;<br \/>\n&lt;p&gt;Acerca de n\u00f3s&lt;br&gt;<br \/>\nContacto&lt;br&gt;<br \/>\nPol\u00edtica de privacidade&lt;br&gt;<br \/>\nTermos e condi\u00e7\u00f5es&lt;\/p&gt;<br \/>\n&lt;\/div&gt;<br \/>\n&lt;div class=&#8221;col-md-3&#8243;&gt;<br \/>\n&lt;h5&gt;Suporte&lt;\/h5&gt;<br \/>\n&lt;p&gt;Perguntas frequentes&lt;br&gt;<br \/>\nCentro de ajuda&lt;br&gt;<br \/>\nContacto&lt;\/p&gt;<br \/>\n&lt;\/div&gt;<br \/>\n&lt;div class=&#8221;col-md-3&#8243;&gt;<br \/>\n&lt;h5&gt;Siga-nos em&lt;\/h5&gt;<br \/>\n&lt;p&gt;<br \/>\n&lt;a href=&#8221;#&#8221;&gt;Facebook&lt;\/a&gt;&lt;br&gt;<br \/>\n&lt;a href=&#8221;#&#8221;&gt;Twitter&lt;\/a&gt;&lt;br&gt;<br \/>\n&lt;a href=&#8221;#&#8221;&gt;Instagram&lt;\/a&gt;<br \/>\n&lt;\/p&gt;<br \/>\n&lt;\/div&gt;<br \/>\n&lt;div class=&#8221;col-md-3&#8243;&gt;<br \/>\n&lt;h5&gt;Contacto&lt;\/h5&gt;<br \/>\n&lt;p&gt;<br \/>\n123 Main Street&lt;br&gt;<br \/>\nAnytown, USA 12345&lt;br&gt;<br \/>\n(123) 456-7890&lt;br&gt;<br \/>\n&lt;a href=&#8221;mailto:info@example.com&#8221;&gt;info@example.com&lt;\/a&gt;<br \/>\n&lt;\/p&gt;<br \/>\n&lt;\/div&gt;<br \/>\n&lt;\/div&gt;<br \/>\n&lt;div class=&#8221;row&#8221;&gt;<br \/>\n&lt;div class=&#8221;col-md-12&#8243;&gt;<br \/>\n&lt;p&gt;Copyright &amp;copy; 2023 Example Inc. Todos os direitos reservados.&lt;\/p&gt;<br \/>\n&lt;\/div&gt;<br \/>\n&lt;\/div&gt;<br \/>\n&lt;\/div&gt;<br \/>\n&lt;\/footer&gt;<\/div>\n<p>Neste exemplo, utiliza-se uma estrutura de tabela para organizar a informa\u00e7\u00e3o em quatro colunas. Cada coluna inclui um t\u00edtulo e um conjunto de links ou informa\u00e7\u00e3o.<\/p>\n<h2><span class=\"ez-toc-section\" id=\"Evitar_erros_para_criar_um_footer\"><\/span>Evitar erros para criar um footer<span class=\"ez-toc-section-end\"><\/span><\/h2>\n<p>H\u00e1 alguns erros comuns que devem ser evitados ao criar um footer HTML:<\/p>\n<h3><span class=\"ez-toc-section\" id=\"5_erros_que_deve_evitar\"><\/span>5 erros que deve evitar<span class=\"ez-toc-section-end\"><\/span><\/h3>\n<ol>\n\u00a0 <\/p>\n<li>N\u00e3o incluir informa\u00e7\u00e3o suficiente: \u00c9 importante incluir links para se\u00e7\u00f5es importantes, informa\u00e7\u00e3o de contacto e aviso de direitos de autor no rodap\u00e9.<\/li>\n<p>\u00a0 <\/p>\n<li>Torn\u00e1-lo demasiado grande: Um rodap\u00e9 demasiado grande pode ser avassalador e distrair os utilizadores da informa\u00e7\u00e3o importante. Mant\u00ea-lo simples e conciso \u00e9 a chave.<\/li>\n<p>\u00a0 <\/p>\n<li>N\u00e3o torn\u00e1-lo uniforme: \u00c9 importante que o footer tenha um design consistente em todas as p\u00e1ginas do site web para uma experi\u00eancia de utilizador coerente.<\/li>\n<p>\u00a0 <\/p>\n<li>N\u00e3o torn\u00e1-lo responsivo: Um rodap\u00e9 n\u00e3o responsivo pode ficar mal em diferentes tamanhos de ecr\u00e3 e dispositivos, o que afeta negativamente a experi\u00eancia do utilizador.<\/li>\n<p>\u00a0 <\/p>\n<li>N\u00e3o incluir links para as pol\u00edticas de privacidade e termos de uso: Estes s\u00e3o links cr\u00edticos para a transpar\u00eancia e a confian\u00e7a num site web, e devem ser facilmente acess\u00edveis atrav\u00e9s do footer.<\/li>\n<\/ol>\n<p>Em resumo, \u00e9 importante ter em conta estes erros comuns ao criar um footer HTML e assegurar-se de que seja informativo, simples, uniforme, responsivo e contenha links relevantes.<\/p>\n<h4 style=\"text-align: center;\"><span class=\"ez-toc-section\" id=\"Outros_termos_do_dicionario_SEO\"><\/span>Outros termos do dicion\u00e1rio SEO<span class=\"ez-toc-section-end\"><\/span><\/h4>\n<h5><span class=\"ez-toc-section\" id=\"Conceitos_com_A\"><\/span>Conceitos com A<span class=\"ez-toc-section-end\"><\/span><\/h5>\n<ul>\n<li><a href=\"https:\/\/cecomart.com\/pt\/dicionario-seo\/anchor-text\/\">Anchor text<\/a><\/li>\n<li><a href=\"https:\/\/cecomart.com\/pt\/dicionario-seo\/alt-text\/\">Alt Text<\/a><\/li>\n<\/ul>\n<h5><span class=\"ez-toc-section\" id=\"Conceitos_com_B\"><\/span>Conceitos com B<span class=\"ez-toc-section-end\"><\/span><\/h5>\n<ul>\n<li><a href=\"https:\/\/cecomart.com\/pt\/dicionario-seo\/broken-links\/\">Broken Links<\/a><\/li>\n<\/ul>\n<h5><span class=\"ez-toc-section\" id=\"Conceitos_com_C\"><\/span>Conceitos com C<span class=\"ez-toc-section-end\"><\/span><\/h5>\n<ul>\n<li><a href=\"https:\/\/cecomart.com\/pt\/dicionario-seo\/canonical\/\">Canonical url<\/a><\/li>\n<li><a href=\"https:\/\/cecomart.com\/pt\/dicionario-seo\/cro-conversion-rate-optimization\/\">CRO<\/a><\/li>\n<li><a href=\"https:\/\/cecomart.com\/pt\/dicionario-seo\/ctr\/\">CTR<\/a><\/li>\n<\/ul>\n<h5><span class=\"ez-toc-section\" id=\"Conceitos_com_D\"><\/span>Conceitos com D<span class=\"ez-toc-section-end\"><\/span><\/h5>\n<ul>\n<li><a href=\"https:\/\/cecomart.com\/pt\/dicionario-seo\/disavow\/\">Disavow<\/a><\/li>\n<li><a href=\"https:\/\/cecomart.com\/pt\/dicionario-seo\/domain-authority-da\/\">Domain authority<\/a><\/li>\n<li><a href=\"https:\/\/cecomart.com\/pt\/dicionario-seo\/dwell-time\/\">Dwell time<\/a><\/li>\n<\/ul>\n<h5><span class=\"ez-toc-section\" id=\"Conceitos_com_E\"><\/span>Conceitos com E<span class=\"ez-toc-section-end\"><\/span><\/h5>\n<ul>\n<li><a href=\"https:\/\/cecomart.com\/pt\/dicionario-seo\/etiquetas-cabecalho-h-headings\/\">Etiquetas h o Headings<\/a><\/li>\n<\/ul>\n<h5><span class=\"ez-toc-section\" id=\"Conceitos_com_F\"><\/span>Conceitos com F<span class=\"ez-toc-section-end\"><\/span><\/h5>\n<ul>\n<li><a href=\"https:\/\/cecomart.com\/pt\/dicionario-seo\/favicon\/\">Favicon<\/a><\/li>\n<li><a href=\"https:\/\/cecomart.com\/pt\/dicionario-seo\/footprints\/\">Footprints Google<\/a><\/li>\n<\/ul>\n<h5><span class=\"ez-toc-section\" id=\"Conceitos_com_H\"><\/span>Conceitos com H<span class=\"ez-toc-section-end\"><\/span><\/h5>\n<ul>\n<li><a href=\"https:\/\/cecomart.com\/pt\/dicionario-seo\/hreflang\/\">Hreflang<\/a><\/li>\n<li><a href=\"https:\/\/cecomart.com\/pt\/dicionario-seo\/header\/\">Header<\/a><\/li>\n<\/ul>\n<h5><span class=\"ez-toc-section\" id=\"Conceitos_com_K\"><\/span>Conceitos com K<span class=\"ez-toc-section-end\"><\/span><\/h5>\n<ul>\n<li><a href=\"https:\/\/cecomart.com\/pt\/dicionario-seo\/keyword-stuffing\/\">Keyword Stuffing<\/a><\/li>\n<\/ul>\n<h5><span class=\"ez-toc-section\" id=\"Conceitos_com_S\"><\/span>Conceitos com S<span class=\"ez-toc-section-end\"><\/span><\/h5>\n<ul>\n<li><a href=\"https:\/\/cecomart.com\/pt\/dicionario-seo\/schemas-dados-estruturados\/\">Schema<\/a><\/li>\n<\/ul>\n<h5><span class=\"ez-toc-section\" id=\"Conceitos_com_R\"><\/span>Conceitos com R<span class=\"ez-toc-section-end\"><\/span><\/h5>\n<ul>\n<li><a href=\"https:\/\/cecomart.com\/pt\/dicionario-seo\/robots-txt\/\">Robots.txt<\/a><\/li>\n<\/ul>\n<h5><span class=\"ez-toc-section\" id=\"Conceitos_com_T\"><\/span>Conceitos com T<span class=\"ez-toc-section-end\"><\/span><\/h5>\n<ul>\n<li><a href=\"https:\/\/cecomart.com\/pt\/dicionario-seo\/target-_blank\/\">Target _blank<\/a><\/li>\n<\/ul>\n<p>&nbsp;<\/p>\n","protected":false},"excerpt":{"rendered":"<p>A seguir, vamos ver o conceito de Footer para qualquer p\u00e1gina web: O que \u00e9 um footer (html) Um footer ou rodap\u00e9 HTML \u00e9 a parte inferior de uma p\u00e1gina web, que costuma conter informa\u00e7\u00e3o importante sobre a organiza\u00e7\u00e3o ou o site web, assim como links para outras se\u00e7\u00f5es relevantes. O footer \u00e9 uma parte [&hellip;]<\/p>\n","protected":false},"author":1,"featured_media":0,"parent":2952,"menu_order":0,"comment_status":"closed","ping_status":"closed","template":"","meta":{"_ayudawp_aiss_exclude":false,"_locale":"pt_PT","_original_post":"https:\/\/cecomart.com\/?page_id=1338","footnotes":""},"class_list":["post-2978","page","type-page","status-publish","hentry","pt-PT"],"yoast_head":"<!-- This site is optimized with the Yoast SEO plugin v27.5 - https:\/\/yoast.com\/product\/yoast-seo-wordpress\/ -->\n<title>Footer: O que \u00e9 e exemplos | Cecomart<\/title>\n<meta name=\"description\" content=\"\u25b7 Footer: Conhece a informa\u00e7\u00e3o toda sobre este elemento SEO. O qu\u00e9 \u00e9 e como usar-lo correctamente pra ter uma p\u00e1gina web \u00f3tima. \u00a1Faz clic agora!\" \/>\n<meta name=\"robots\" content=\"index, follow, max-snippet:-1, max-image-preview:large, max-video-preview:-1\" \/>\n<link rel=\"canonical\" href=\"https:\/\/cecomart.com\/pt\/dicionario-seo\/footer\/\" \/>\n<meta property=\"og:locale\" content=\"pt_PT\" \/>\n<meta property=\"og:type\" content=\"article\" \/>\n<meta property=\"og:title\" content=\"Footer: O que \u00e9 e exemplos | Cecomart\" \/>\n<meta property=\"og:description\" content=\"\u25b7 Footer: Conhece a informa\u00e7\u00e3o toda sobre este elemento SEO. O qu\u00e9 \u00e9 e como usar-lo correctamente pra ter uma p\u00e1gina web \u00f3tima. \u00a1Faz clic agora!\" \/>\n<meta property=\"og:url\" content=\"https:\/\/cecomart.com\/pt\/dicionario-seo\/footer\/\" \/>\n<meta property=\"og:site_name\" content=\"Cecomart\" \/>\n<meta property=\"og:image\" content=\"https:\/\/cecomart.com\/wp-content\/uploads\/2022\/05\/cefe-ortiz-consultor-seo.png\" \/>\n\t<meta property=\"og:image:width\" content=\"832\" \/>\n\t<meta property=\"og:image:height\" content=\"1236\" \/>\n\t<meta property=\"og:image:type\" content=\"image\/png\" \/>\n<meta name=\"twitter:card\" content=\"summary_large_image\" \/>\n<meta name=\"twitter:site\" content=\"@SoyCortiz\" \/>\n<meta name=\"twitter:label1\" content=\"Tempo estimado de leitura\" \/>\n\t<meta name=\"twitter:data1\" content=\"3 minutos\" \/>\n<!-- \/ Yoast SEO plugin. -->","yoast_head_json":{"title":"Footer: O que \u00e9 e exemplos | Cecomart","description":"\u25b7 Footer: Conhece a informa\u00e7\u00e3o toda sobre este elemento SEO. O qu\u00e9 \u00e9 e como usar-lo correctamente pra ter uma p\u00e1gina web \u00f3tima. \u00a1Faz clic agora!","robots":{"index":"index","follow":"follow","max-snippet":"max-snippet:-1","max-image-preview":"max-image-preview:large","max-video-preview":"max-video-preview:-1"},"canonical":"https:\/\/cecomart.com\/pt\/dicionario-seo\/footer\/","og_locale":"pt_PT","og_type":"article","og_title":"Footer: O que \u00e9 e exemplos | Cecomart","og_description":"\u25b7 Footer: Conhece a informa\u00e7\u00e3o toda sobre este elemento SEO. O qu\u00e9 \u00e9 e como usar-lo correctamente pra ter uma p\u00e1gina web \u00f3tima. \u00a1Faz clic agora!","og_url":"https:\/\/cecomart.com\/pt\/dicionario-seo\/footer\/","og_site_name":"Cecomart","og_image":[{"width":832,"height":1236,"url":"https:\/\/cecomart.com\/wp-content\/uploads\/2022\/05\/cefe-ortiz-consultor-seo.png","type":"image\/png"}],"twitter_card":"summary_large_image","twitter_site":"@SoyCortiz","twitter_misc":{"Tempo estimado de leitura":"3 minutos"},"schema":{"@context":"https:\/\/schema.org","@graph":[{"@type":"Article","@id":"https:\/\/cecomart.com\/pt\/dicionario-seo\/footer\/#article","isPartOf":{"@id":"https:\/\/cecomart.com\/pt\/dicionario-seo\/footer\/"},"author":{"name":"C.Ortiz","@id":"https:\/\/cecomart.com\/#\/schema\/person\/2c89526db0f701abd6b4e52aafb69731"},"headline":"Footer","datePublished":"2025-01-11T20:16:56+00:00","mainEntityOfPage":{"@id":"https:\/\/cecomart.com\/pt\/dicionario-seo\/footer\/"},"wordCount":706,"publisher":{"@id":"https:\/\/cecomart.com\/#organization"},"inLanguage":"pt-PT"},{"@type":"WebPage","@id":"https:\/\/cecomart.com\/pt\/dicionario-seo\/footer\/","url":"https:\/\/cecomart.com\/pt\/dicionario-seo\/footer\/","name":"Footer: O que \u00e9 e exemplos | Cecomart","isPartOf":{"@id":"https:\/\/cecomart.com\/#website"},"datePublished":"2025-01-11T20:16:56+00:00","description":"\u25b7 Footer: Conhece a informa\u00e7\u00e3o toda sobre este elemento SEO. O qu\u00e9 \u00e9 e como usar-lo correctamente pra ter uma p\u00e1gina web \u00f3tima. \u00a1Faz clic agora!","breadcrumb":{"@id":"https:\/\/cecomart.com\/pt\/dicionario-seo\/footer\/#breadcrumb"},"inLanguage":"pt-PT","potentialAction":[{"@type":"ReadAction","target":["https:\/\/cecomart.com\/pt\/dicionario-seo\/footer\/"]}]},{"@type":"BreadcrumbList","@id":"https:\/\/cecomart.com\/pt\/dicionario-seo\/footer\/#breadcrumb","itemListElement":[{"@type":"ListItem","position":1,"name":"SEO","item":"https:\/\/cecomart.com\/pt\/"},{"@type":"ListItem","position":2,"name":"Dicion\u00e1rio de SEO","item":"https:\/\/cecomart.com\/pt\/dicionario-seo\/"},{"@type":"ListItem","position":3,"name":"Footer"}]},{"@type":"WebSite","@id":"https:\/\/cecomart.com\/#website","url":"https:\/\/cecomart.com\/","name":"Cecomart","description":"Especialista en SEO e Inteligencia Artificial","publisher":{"@id":"https:\/\/cecomart.com\/#organization"},"alternateName":"Cecomart","potentialAction":[{"@type":"SearchAction","target":{"@type":"EntryPoint","urlTemplate":"https:\/\/cecomart.com\/?s={search_term_string}"},"query-input":{"@type":"PropertyValueSpecification","valueRequired":true,"valueName":"search_term_string"}}],"inLanguage":"pt-PT"},{"@type":"Organization","@id":"https:\/\/cecomart.com\/#organization","name":"Cecomart","url":"https:\/\/cecomart.com\/","logo":{"@type":"ImageObject","inLanguage":"pt-PT","@id":"https:\/\/cecomart.com\/#\/schema\/logo\/image\/","url":"https:\/\/cecomart.com\/wp-content\/uploads\/2024\/09\/logo-cecomart-2024.jpg","contentUrl":"https:\/\/cecomart.com\/wp-content\/uploads\/2024\/09\/logo-cecomart-2024.jpg","width":1116,"height":466,"caption":"Cecomart"},"image":{"@id":"https:\/\/cecomart.com\/#\/schema\/logo\/image\/"},"sameAs":["https:\/\/x.com\/SoyCortiz"]},{"@type":"Person","@id":"https:\/\/cecomart.com\/#\/schema\/person\/2c89526db0f701abd6b4e52aafb69731","name":"C.Ortiz","image":{"@type":"ImageObject","inLanguage":"pt-PT","@id":"https:\/\/secure.gravatar.com\/avatar\/a4e2ff9a83acee041bf89b127a3c9e31bee701c1977f13261c281d19a819ab3c?s=96&d=mm&r=g","url":"https:\/\/secure.gravatar.com\/avatar\/a4e2ff9a83acee041bf89b127a3c9e31bee701c1977f13261c281d19a819ab3c?s=96&d=mm&r=g","contentUrl":"https:\/\/secure.gravatar.com\/avatar\/a4e2ff9a83acee041bf89b127a3c9e31bee701c1977f13261c281d19a819ab3c?s=96&d=mm&r=g","caption":"C.Ortiz"},"description":"Consultor SEO desde 2015. Apasionado por difundir noticias sobre posicionamiento web y seguir aprendiendo de una profesi\u00f3n en constante evoluci\u00f3n. Especializado en SEO t\u00e9cnico, GEO y AEO.","sameAs":["https:\/\/cecomart.com","https:\/\/x.com\/@SoyCortiz"],"url":"https:\/\/cecomart.com\/author\/cortiz\/"}]}},"_links":{"self":[{"href":"https:\/\/cecomart.com\/wp-json\/wp\/v2\/pages\/2978","targetHints":{"allow":["GET"]}}],"collection":[{"href":"https:\/\/cecomart.com\/wp-json\/wp\/v2\/pages"}],"about":[{"href":"https:\/\/cecomart.com\/wp-json\/wp\/v2\/types\/page"}],"author":[{"embeddable":true,"href":"https:\/\/cecomart.com\/wp-json\/wp\/v2\/users\/1"}],"replies":[{"embeddable":true,"href":"https:\/\/cecomart.com\/wp-json\/wp\/v2\/comments?post=2978"}],"version-history":[{"count":2,"href":"https:\/\/cecomart.com\/wp-json\/wp\/v2\/pages\/2978\/revisions"}],"predecessor-version":[{"id":3010,"href":"https:\/\/cecomart.com\/wp-json\/wp\/v2\/pages\/2978\/revisions\/3010"}],"up":[{"embeddable":true,"href":"https:\/\/cecomart.com\/wp-json\/wp\/v2\/pages\/2952"}],"wp:attachment":[{"href":"https:\/\/cecomart.com\/wp-json\/wp\/v2\/media?parent=2978"}],"curies":[{"name":"wp","href":"https:\/\/api.w.org\/{rel}","templated":true}]}}