{"id":2974,"date":"2025-01-11T20:16:02","date_gmt":"2025-01-11T20:16:02","guid":{"rendered":"https:\/\/cecomart.com\/?page_id=2974"},"modified":"2025-01-13T10:17:30","modified_gmt":"2025-01-13T10:17:30","slug":"etiquetas-cabecalho-h-headings","status":"publish","type":"page","link":"https:\/\/cecomart.com\/pt\/dicionario-seo\/etiquetas-cabecalho-h-headings\/","title":{"rendered":"Etiquetas de cabe\u00e7alho h o headings"},"content":{"rendered":"<div id=\"ez-toc-container\" class=\"ez-toc-v2_0_82_2 counter-hierarchy ez-toc-counter ez-toc-custom ez-toc-container-direction\">\n<div class=\"ez-toc-title-container\">\n<p class=\"ez-toc-title\" style=\"cursor:inherit\">Content<\/p>\n<span class=\"ez-toc-title-toggle\"><a href=\"#\" class=\"ez-toc-pull-right ez-toc-btn ez-toc-btn-xs ez-toc-btn-default ez-toc-toggle\" aria-label=\"Toggle Table of Content\"><span class=\"ez-toc-js-icon-con\"><span class=\"\"><span class=\"eztoc-hide\" style=\"display:none;\">Toggle<\/span><span class=\"ez-toc-icon-toggle-span\"><svg style=\"fill: #0f0f0f;color:#0f0f0f\" xmlns=\"http:\/\/www.w3.org\/2000\/svg\" class=\"list-377408\" width=\"20px\" height=\"20px\" viewBox=\"0 0 24 24\" fill=\"none\"><path d=\"M6 6H4v2h2V6zm14 0H8v2h12V6zM4 11h2v2H4v-2zm16 0H8v2h12v-2zM4 16h2v2H4v-2zm16 0H8v2h12v-2z\" fill=\"currentColor\"><\/path><\/svg><svg style=\"fill: #0f0f0f;color:#0f0f0f\" class=\"arrow-unsorted-368013\" xmlns=\"http:\/\/www.w3.org\/2000\/svg\" width=\"10px\" height=\"10px\" viewBox=\"0 0 24 24\" version=\"1.2\" baseProfile=\"tiny\"><path d=\"M18.2 9.3l-6.2-6.3-6.2 6.3c-.2.2-.3.4-.3.7s.1.5.3.7c.2.2.4.3.7.3h11c.3 0 .5-.1.7-.3.2-.2.3-.5.3-.7s-.1-.5-.3-.7zM5.8 14.7l6.2 6.3 6.2-6.3c.2-.2.3-.5.3-.7s-.1-.5-.3-.7c-.2-.2-.4-.3-.7-.3h-11c-.3 0-.5.1-.7.3-.2.2-.3.5-.3.7s.1.5.3.7z\"\/><\/svg><\/span><\/span><\/span><\/a><\/span><\/div>\n<nav><ul class='ez-toc-list ez-toc-list-level-1 eztoc-toggle-hide-by-default' ><li class='ez-toc-page-1 ez-toc-heading-level-2'><a class=\"ez-toc-link ez-toc-heading-1\" href=\"https:\/\/cecomart.com\/pt\/dicionario-seo\/etiquetas-cabecalho-h-headings\/#O_que_sao_as_etiquetas_em_HTML_ou_headings\" >O que s\u00e3o as etiquetas &lt;h&gt; em HTML ou headings?<\/a><\/li><li class='ez-toc-page-1 ez-toc-heading-level-2'><a class=\"ez-toc-link ez-toc-heading-2\" href=\"https:\/\/cecomart.com\/pt\/dicionario-seo\/etiquetas-cabecalho-h-headings\/#Por_que_e_importante_em_SEO_as_etiquetas\" >Por que \u00e9 importante em SEO as etiquetas &lt;h&gt;?<\/a><\/li><li class='ez-toc-page-1 ez-toc-heading-level-2'><a class=\"ez-toc-link ez-toc-heading-3\" href=\"https:\/\/cecomart.com\/pt\/dicionario-seo\/etiquetas-cabecalho-h-headings\/#Como_usar_corretamente_os_cabecalhos_de_uma_pagina\" >Como usar corretamente os cabe\u00e7alhos de uma p\u00e1gina?<\/a><\/li><li class='ez-toc-page-1 ez-toc-heading-level-2'><a class=\"ez-toc-link ez-toc-heading-4\" href=\"https:\/\/cecomart.com\/pt\/dicionario-seo\/etiquetas-cabecalho-h-headings\/#Quais_sao_os_erros_tipicos_de_headings_ou_hs_de_um_site\" >Quais s\u00e3o os erros t\u00edpicos de headings ou hs de um site?<\/a><ul class='ez-toc-list-level-3' ><li class='ez-toc-heading-level-3'><a class=\"ez-toc-link ez-toc-heading-5\" href=\"https:\/\/cecomart.com\/pt\/dicionario-seo\/etiquetas-cabecalho-h-headings\/#Que_ferramentas_usar_para_detetar_erros_ou_melhorias_em_cabecalhos\" >Que ferramentas usar para detetar erros ou melhorias em cabe\u00e7alhos?<\/a><\/li><li class='ez-toc-page-1 ez-toc-heading-level-3'><a class=\"ez-toc-link ez-toc-heading-6\" href=\"https:\/\/cecomart.com\/pt\/dicionario-seo\/etiquetas-cabecalho-h-headings\/#Quais_sao_as_extensoes_do_Chrome_para_detetar_erros_ou_melhorias_em_cabecalhos\" >Quais s\u00e3o as extens\u00f5es do Chrome para detetar erros ou melhorias em cabe\u00e7alhos?<\/a><ul class='ez-toc-list-level-4' ><li class='ez-toc-heading-level-4'><a class=\"ez-toc-link ez-toc-heading-7\" href=\"https:\/\/cecomart.com\/pt\/dicionario-seo\/etiquetas-cabecalho-h-headings\/#Outros_termos_do_dicionario_SEO\" >Outros termos do dicion\u00e1rio SEO<\/a><ul class='ez-toc-list-level-5' ><li class='ez-toc-heading-level-5'><a class=\"ez-toc-link ez-toc-heading-8\" href=\"https:\/\/cecomart.com\/pt\/dicionario-seo\/etiquetas-cabecalho-h-headings\/#Conceitos_com_A\" >Conceitos com A<\/a><\/li><li class='ez-toc-page-1 ez-toc-heading-level-5'><a class=\"ez-toc-link ez-toc-heading-9\" href=\"https:\/\/cecomart.com\/pt\/dicionario-seo\/etiquetas-cabecalho-h-headings\/#Conceitos_com_B\" >Conceitos com B<\/a><\/li><li class='ez-toc-page-1 ez-toc-heading-level-5'><a class=\"ez-toc-link ez-toc-heading-10\" href=\"https:\/\/cecomart.com\/pt\/dicionario-seo\/etiquetas-cabecalho-h-headings\/#Conceitos_com_C\" >Conceitos com C<\/a><\/li><li class='ez-toc-page-1 ez-toc-heading-level-5'><a class=\"ez-toc-link ez-toc-heading-11\" href=\"https:\/\/cecomart.com\/pt\/dicionario-seo\/etiquetas-cabecalho-h-headings\/#Conceitos_com_D\" >Conceitos com D<\/a><\/li><li class='ez-toc-page-1 ez-toc-heading-level-5'><a class=\"ez-toc-link ez-toc-heading-12\" href=\"https:\/\/cecomart.com\/pt\/dicionario-seo\/etiquetas-cabecalho-h-headings\/#Conceitos_com_F\" >Conceitos com F<\/a><\/li><li class='ez-toc-page-1 ez-toc-heading-level-5'><a class=\"ez-toc-link ez-toc-heading-13\" href=\"https:\/\/cecomart.com\/pt\/dicionario-seo\/etiquetas-cabecalho-h-headings\/#Conceitos_com_H\" >Conceitos com H<\/a><\/li><li class='ez-toc-page-1 ez-toc-heading-level-5'><a class=\"ez-toc-link ez-toc-heading-14\" href=\"https:\/\/cecomart.com\/pt\/dicionario-seo\/etiquetas-cabecalho-h-headings\/#Conceitos_com_K\" >Conceitos com K<\/a><\/li><li class='ez-toc-page-1 ez-toc-heading-level-5'><a class=\"ez-toc-link ez-toc-heading-15\" href=\"https:\/\/cecomart.com\/pt\/dicionario-seo\/etiquetas-cabecalho-h-headings\/#Conceitos_com_S\" >Conceitos com S<\/a><\/li><li class='ez-toc-page-1 ez-toc-heading-level-5'><a class=\"ez-toc-link ez-toc-heading-16\" href=\"https:\/\/cecomart.com\/pt\/dicionario-seo\/etiquetas-cabecalho-h-headings\/#Conceitos_com_R\" >Conceitos com R<\/a><\/li><li class='ez-toc-page-1 ez-toc-heading-level-5'><a class=\"ez-toc-link ez-toc-heading-17\" href=\"https:\/\/cecomart.com\/pt\/dicionario-seo\/etiquetas-cabecalho-h-headings\/#Conceitos_com_T\" >Conceitos com T<\/a><\/li><\/ul><\/li><\/ul><\/li><\/ul><\/li><\/ul><\/nav><\/div>\n\n<p>Os cabe\u00e7alhos SEO ou h&#8217;s s\u00e3o as etiquetas que determinam a import\u00e2ncia do conte\u00fado ou <strong>segmenta\u00e7\u00e3o do mesmo por partes segundo a sua import\u00e2ncia ao longo do conte\u00fado e da leitura<\/strong> do utilizador.<\/p>\n<p>\u00c9 verdade que, nos \u00faltimos tempos, parece ter perdido alguma relev\u00e2ncia. No entanto, continua a ser importante e, hoje em dia, ainda oferece muito bons resultados se as usar corretamente.<\/p>\n<p>Vamos ver as t\u00edpicas perguntas para saber tudo o necess\u00e1rio sobre este atributo cl\u00e1ssico do HTML.<\/p>\n<h2><span class=\"ez-toc-section\" id=\"O_que_sao_as_etiquetas_em_HTML_ou_headings\"><\/span>O que s\u00e3o as etiquetas &lt;h&gt; em HTML ou headings?<span class=\"ez-toc-section-end\"><\/span><\/h2>\n<p>As <strong>etiquetas &lt;h&gt; em HTML<\/strong>, tamb\u00e9m conhecidas como <strong>headings<\/strong>, s\u00e3o elementos que se utilizam para estruturar o conte\u00fado de uma p\u00e1gina web.<\/p>\n<p>As headings s\u00e3o etiquetas que <strong>v\u00e3o desde &lt;h1&gt; at\u00e9 &lt;h6&gt;<\/strong>, onde &lt;h1&gt; \u00e9 o cabe\u00e7alho principal da p\u00e1gina e &lt;h6&gt; \u00e9 o cabe\u00e7alho de menor import\u00e2ncia.<\/p>\n<h2><span class=\"ez-toc-section\" id=\"Por_que_e_importante_em_SEO_as_etiquetas\"><\/span>Por que \u00e9 importante em SEO as etiquetas &lt;h&gt;?<span class=\"ez-toc-section-end\"><\/span><\/h2>\n<p>As etiquetas &lt;h&gt; s\u00e3o importantes em SEO porque <strong>ajudam os motores de busca a entender a estrutura do conte\u00fado<\/strong> de uma p\u00e1gina web e a import\u00e2ncia de cada se\u00e7\u00e3o.<\/p>\n<p>As headings proporcionam informa\u00e7\u00e3o valiosa para os motores de busca e os utilizadores, j\u00e1 que permitem que o conte\u00fado seja mais f\u00e1cil de ler e entender.<\/p>\n<p><img fetchpriority=\"high\" decoding=\"async\" class=\"aligncenter size-full wp-image-2661\" src=\"https:\/\/cecomart.com\/wp-content\/uploads\/2024\/10\/headings-encabezados-seo.png\" alt=\"headings ou cabe\u00e7alhos SEO\" width=\"321\" height=\"157\" srcset=\"https:\/\/cecomart.com\/wp-content\/uploads\/2024\/10\/headings-encabezados-seo.png 321w, https:\/\/cecomart.com\/wp-content\/uploads\/2024\/10\/headings-encabezados-seo-300x147.png 300w\" sizes=\"(max-width: 321px) 100vw, 321px\" \/><\/p>\n<h2><span class=\"ez-toc-section\" id=\"Como_usar_corretamente_os_cabecalhos_de_uma_pagina\"><\/span>Como usar corretamente os cabe\u00e7alhos de uma p\u00e1gina?<span class=\"ez-toc-section-end\"><\/span><\/h2>\n<p>Para usar corretamente os cabe\u00e7alhos numa p\u00e1gina web, \u00e9 importante seguir estas recomenda\u00e7\u00f5es:<\/p>\n<ul>\n\u00a0 <\/p>\n<li>Utilize a etiqueta <strong>&lt;h1&gt;<\/strong> apenas uma vez na p\u00e1gina para o t\u00edtulo principal.<\/li>\n<p>\u00a0 <\/p>\n<li>Utilize as <strong>etiquetas &lt;h2&gt; a &lt;h6&gt;<\/strong> para estruturar o conte\u00fado da p\u00e1gina em se\u00e7\u00f5es.<\/li>\n<p>\u00a0 <\/p>\n<li>Utilize os cabe\u00e7alhos de forma hier\u00e1rquica, come\u00e7ando pela etiqueta &lt;h2&gt; depois do &lt;h1&gt;, &lt;h3&gt; depois do &lt;h2&gt; e assim sucessivamente.<\/li>\n<p>\u00a0 <\/p>\n<li>Utilize as headings para destacar os pontos-chave do conte\u00fado da p\u00e1gina e n\u00e3o s\u00f3 para desenhar a p\u00e1gina.<\/li>\n<p>\u00a0 <\/p>\n<li>Assegure-se de que o conte\u00fado das headings seja coerente com o conte\u00fado da p\u00e1gina e n\u00e3o confunda os utilizadores ou os motores de busca.<\/li>\n<\/ul>\n<h2><span class=\"ez-toc-section\" id=\"Quais_sao_os_erros_tipicos_de_headings_ou_hs_de_um_site\"><\/span>Quais s\u00e3o os erros t\u00edpicos de headings ou hs de um site?<span class=\"ez-toc-section-end\"><\/span><\/h2>\n<p>Alguns erros t\u00edpicos de headings numa p\u00e1gina web s\u00e3o:<\/p>\n<ul>\n\u00a0 <\/p>\n<li>Utilizar a etiqueta &lt;h1&gt; mais de uma vez numa p\u00e1gina.<\/li>\n<p>\u00a0 <\/p>\n<li><strong>N\u00e3o utilizar as etiquetas &lt;h&gt; para estruturar o conte\u00fado<\/strong> de uma p\u00e1gina de maneira hier\u00e1rquica.<\/li>\n<p>\u00a0 <\/p>\n<li>Usar headings de forma incoerente com o conte\u00fado da p\u00e1gina.<\/li>\n<p>\u00a0 <\/p>\n<li>Utilizar as etiquetas &lt;h&gt; s\u00f3 por raz\u00f5es de design, sem adicionar valor ao conte\u00fado.<\/li>\n<\/ul>\n<p><img decoding=\"async\" class=\"aligncenter size-full wp-image-2662\" src=\"https:\/\/cecomart.com\/wp-content\/uploads\/2024\/10\/encabezados-errores.jpg\" alt=\"erros t\u00edpicos em headings SEO\" width=\"835\" height=\"342\" srcset=\"https:\/\/cecomart.com\/wp-content\/uploads\/2024\/10\/encabezados-errores.jpg 835w, https:\/\/cecomart.com\/wp-content\/uploads\/2024\/10\/encabezados-errores-300x123.jpg 300w, https:\/\/cecomart.com\/wp-content\/uploads\/2024\/10\/encabezados-errores-768x315.jpg 768w\" sizes=\"(max-width: 835px) 100vw, 835px\" \/><\/p>\n<p>&nbsp;<\/p>\n<h3><span class=\"ez-toc-section\" id=\"Que_ferramentas_usar_para_detetar_erros_ou_melhorias_em_cabecalhos\"><\/span>Que ferramentas usar para detetar erros ou melhorias em cabe\u00e7alhos?<span class=\"ez-toc-section-end\"><\/span><\/h3>\n<p>H\u00e1 v\u00e1rias ferramentas que pode utilizar para detetar erros ou melhorias em cabe\u00e7alhos, algumas das quais s\u00e3o:<\/p>\n<ul>\n\u00a0 <\/p>\n<li><span style=\"text-decoration: underline;\">Google Search Console<\/span>: esta ferramenta permitir-lhe-\u00e1 verificar se h\u00e1 erros nos cabe\u00e7alhos da sua p\u00e1gina web e como pode solucion\u00e1-los.<\/li>\n<p>\u00a0 <\/p>\n<li><span style=\"text-decoration: underline;\">W3C HTML Validator<\/span>: esta ferramenta <strong>permitir-lhe-\u00e1 validar o HTML da sua p\u00e1gina<\/strong> e verificar se h\u00e1 erros nos seus cabe\u00e7alhos.<\/li>\n<p>\u00a0 <\/p>\n<li><span style=\"text-decoration: underline;\">Yoast SEO Plugin<\/span>: este plugin para WordPress permitir-lhe-\u00e1 analisar os cabe\u00e7alhos da sua p\u00e1gina e verificar se est\u00e1 a utilizar corretamente as etiquetas &lt;h&gt;.<\/li>\n<\/ul>\n<h3><span class=\"ez-toc-section\" id=\"Quais_sao_as_extensoes_do_Chrome_para_detetar_erros_ou_melhorias_em_cabecalhos\"><\/span>Quais s\u00e3o as extens\u00f5es do Chrome para detetar erros ou melhorias em cabe\u00e7alhos?<span class=\"ez-toc-section-end\"><\/span><\/h3>\n<p>Algumas extens\u00f5es do Chrome que pode utilizar para detetar erros ou melhorias em cabe\u00e7alhos s\u00e3o:<\/p>\n<ul>\n\u00a0 <\/p>\n<li><span style=\"text-decoration: underline;\">Check my Links<\/span>: esta extens\u00e3o permitir-lhe-\u00e1 identificar links quebrados numa p\u00e1gina web, o que poder\u00e1 indicar problemas com os cabe\u00e7alhos.<\/li>\n<p>\u00a0 <\/p>\n<li><span style=\"text-decoration: underline;\">HeadingsMap<\/span>: esta extens\u00e3o permitir-lhe-\u00e1 visualizar a estrutura de cabe\u00e7alhos de uma p\u00e1gina web.<\/li>\n<\/ul>\n<p>&nbsp;<\/p>\n<h4 class=\"page-content\" style=\"text-align: center;\"><span class=\"ez-toc-section\" id=\"Outros_termos_do_dicionario_SEO\"><\/span>Outros termos do dicion\u00e1rio SEO<span class=\"ez-toc-section-end\"><\/span><\/h4>\n<h5><span class=\"ez-toc-section\" id=\"Conceitos_com_A\"><\/span>Conceitos com A<span class=\"ez-toc-section-end\"><\/span><\/h5>\n<ul>\n<li><a href=\"https:\/\/cecomart.com\/pt\/dicionario-seo\/anchor-text\/\">Anchor text<\/a><\/li>\n<li><a href=\"https:\/\/cecomart.com\/pt\/dicionario-seo\/alt-text\/\">Alt Text<\/a><\/li>\n<\/ul>\n<h5><span class=\"ez-toc-section\" id=\"Conceitos_com_B\"><\/span>Conceitos com B<span class=\"ez-toc-section-end\"><\/span><\/h5>\n<ul>\n<li><a href=\"https:\/\/cecomart.com\/pt\/dicionario-seo\/broken-links\/\">Broken Links<\/a><\/li>\n<\/ul>\n<h5><span class=\"ez-toc-section\" id=\"Conceitos_com_C\"><\/span>Conceitos com C<span class=\"ez-toc-section-end\"><\/span><\/h5>\n<ul>\n<li><a href=\"https:\/\/cecomart.com\/pt\/dicionario-seo\/canonical\/\">Canonical url<\/a><\/li>\n<li><a href=\"https:\/\/cecomart.com\/pt\/dicionario-seo\/cro-conversion-rate-optimization\/\">CRO<\/a><\/li>\n<li><a href=\"https:\/\/cecomart.com\/pt\/dicionario-seo\/ctr\/\">CTR<\/a><\/li>\n<\/ul>\n<h5><span class=\"ez-toc-section\" id=\"Conceitos_com_D\"><\/span>Conceitos com D<span class=\"ez-toc-section-end\"><\/span><\/h5>\n<ul>\n<li><a href=\"https:\/\/cecomart.com\/pt\/dicionario-seo\/disavow\/\">Disavow<\/a><\/li>\n<li><a href=\"https:\/\/cecomart.com\/pt\/dicionario-seo\/domain-authority-da\/\">Domain authority<\/a><\/li>\n<li><a href=\"https:\/\/cecomart.com\/pt\/dicionario-seo\/dwell-time\/\">Dwell time<\/a><\/li>\n<\/ul>\n<h5><span class=\"ez-toc-section\" id=\"Conceitos_com_F\"><\/span>Conceitos com F<span class=\"ez-toc-section-end\"><\/span><\/h5>\n<ul>\n<li><a href=\"https:\/\/cecomart.com\/pt\/dicionario-seo\/favicon\/\">Favicon<\/a><\/li>\n<li><a href=\"https:\/\/cecomart.com\/pt\/dicionario-seo\/footer\/\">Footer<\/a><\/li>\n<li><a href=\"https:\/\/cecomart.com\/pt\/dicionario-seo\/footprints\/\">Footprints Google<\/a><\/li>\n<\/ul>\n<h5><span class=\"ez-toc-section\" id=\"Conceitos_com_H\"><\/span>Conceitos com H<span class=\"ez-toc-section-end\"><\/span><\/h5>\n<ul>\n<li><a href=\"https:\/\/cecomart.com\/pt\/dicionario-seo\/hreflang\/\">Hreflang<\/a><\/li>\n<li><a href=\"https:\/\/cecomart.com\/pt\/dicionario-seo\/header\/\">Header<\/a><\/li>\n<\/ul>\n<h5><span class=\"ez-toc-section\" id=\"Conceitos_com_K\"><\/span>Conceitos com K<span class=\"ez-toc-section-end\"><\/span><\/h5>\n<ul>\n<li><a href=\"https:\/\/cecomart.com\/pt\/dicionario-seo\/keyword-stuffing\/\">Keyword Stuffing<\/a><\/li>\n<\/ul>\n<h5><span class=\"ez-toc-section\" id=\"Conceitos_com_S\"><\/span>Conceitos com S<span class=\"ez-toc-section-end\"><\/span><\/h5>\n<ul>\n<li><a href=\"https:\/\/cecomart.com\/pt\/dicionario-seo\/schemas-dados-estruturados\/\">Schema<\/a><\/li>\n<\/ul>\n<h5><span class=\"ez-toc-section\" id=\"Conceitos_com_R\"><\/span>Conceitos com R<span class=\"ez-toc-section-end\"><\/span><\/h5>\n<ul>\n<li><a href=\"https:\/\/cecomart.com\/pt\/dicionario-seo\/robots-txt\/\">Robots.txt<\/a><\/li>\n<\/ul>\n<h5><span class=\"ez-toc-section\" id=\"Conceitos_com_T\"><\/span>Conceitos com T<span class=\"ez-toc-section-end\"><\/span><\/h5>\n<ul>\n<li><a href=\"https:\/\/cecomart.com\/pt\/dicionario-seo\/target-_blank\/\">Target _blank<\/a><\/li>\n<\/ul>\n<p>&nbsp;<\/p>\n","protected":false},"excerpt":{"rendered":"<p>Os cabe\u00e7alhos SEO ou h&#8217;s s\u00e3o as etiquetas que determinam a import\u00e2ncia do conte\u00fado ou segmenta\u00e7\u00e3o do mesmo por partes segundo a sua import\u00e2ncia ao longo do conte\u00fado e da leitura do utilizador. \u00c9 verdade que, nos \u00faltimos tempos, parece ter perdido alguma relev\u00e2ncia. No entanto, continua a ser importante e, hoje em dia, ainda [&hellip;]<\/p>\n","protected":false},"author":1,"featured_media":0,"parent":2952,"menu_order":0,"comment_status":"closed","ping_status":"closed","template":"","meta":{"_ayudawp_aiss_exclude":false,"_locale":"pt_PT","_original_post":"https:\/\/cecomart.com\/?page_id=1375","footnotes":""},"class_list":["post-2974","page","type-page","status-publish","hentry","pt-PT"],"yoast_head":"<!-- This site is optimized with the Yoast SEO plugin v27.5 - https:\/\/yoast.com\/product\/yoast-seo-wordpress\/ -->\n<title>Etiquetas de cabe\u00e7alho h o headings | Cecomart<\/title>\n<meta name=\"description\" content=\"\u25b7 Headings ou Etiquetas h: Conhe\u00e7a a informa\u00e7\u00e3o sobre este elemento SEO. O que s\u00e3o, como implement\u00e1-lo corretamente e melhorar a nossa hierarquia.\" \/>\n<meta name=\"robots\" content=\"index, follow, max-snippet:-1, max-image-preview:large, max-video-preview:-1\" \/>\n<link rel=\"canonical\" href=\"https:\/\/cecomart.com\/pt\/dicionario-seo\/etiquetas-cabecalho-h-headings\/\" \/>\n<meta property=\"og:locale\" content=\"pt_PT\" \/>\n<meta property=\"og:type\" content=\"article\" \/>\n<meta property=\"og:title\" content=\"Etiquetas de cabe\u00e7alho h o headings | Cecomart\" \/>\n<meta property=\"og:description\" content=\"\u25b7 Headings ou Etiquetas h: Conhe\u00e7a a informa\u00e7\u00e3o sobre este elemento SEO. O que s\u00e3o, como implement\u00e1-lo corretamente e melhorar a nossa hierarquia.\" \/>\n<meta property=\"og:url\" content=\"https:\/\/cecomart.com\/pt\/dicionario-seo\/etiquetas-cabecalho-h-headings\/\" \/>\n<meta property=\"og:site_name\" content=\"Cecomart\" \/>\n<meta property=\"article:modified_time\" content=\"2025-01-13T10:17:30+00:00\" \/>\n<meta property=\"og:image\" content=\"https:\/\/cecomart.com\/wp-content\/uploads\/2024\/10\/headings-encabezados-seo.png\" \/>\n\t<meta property=\"og:image:width\" content=\"321\" \/>\n\t<meta property=\"og:image:height\" content=\"157\" \/>\n\t<meta property=\"og:image:type\" content=\"image\/png\" \/>\n<meta name=\"twitter:card\" content=\"summary_large_image\" \/>\n<meta name=\"twitter:site\" content=\"@SoyCortiz\" \/>\n<meta name=\"twitter:label1\" content=\"Tempo estimado de leitura\" \/>\n\t<meta name=\"twitter:data1\" content=\"4 minutos\" \/>\n<!-- \/ Yoast SEO plugin. -->","yoast_head_json":{"title":"Etiquetas de cabe\u00e7alho h o headings | Cecomart","description":"\u25b7 Headings ou Etiquetas h: Conhe\u00e7a a informa\u00e7\u00e3o sobre este elemento SEO. O que s\u00e3o, como implement\u00e1-lo corretamente e melhorar a nossa hierarquia.","robots":{"index":"index","follow":"follow","max-snippet":"max-snippet:-1","max-image-preview":"max-image-preview:large","max-video-preview":"max-video-preview:-1"},"canonical":"https:\/\/cecomart.com\/pt\/dicionario-seo\/etiquetas-cabecalho-h-headings\/","og_locale":"pt_PT","og_type":"article","og_title":"Etiquetas de cabe\u00e7alho h o headings | Cecomart","og_description":"\u25b7 Headings ou Etiquetas h: Conhe\u00e7a a informa\u00e7\u00e3o sobre este elemento SEO. O que s\u00e3o, como implement\u00e1-lo corretamente e melhorar a nossa hierarquia.","og_url":"https:\/\/cecomart.com\/pt\/dicionario-seo\/etiquetas-cabecalho-h-headings\/","og_site_name":"Cecomart","article_modified_time":"2025-01-13T10:17:30+00:00","og_image":[{"width":321,"height":157,"url":"https:\/\/cecomart.com\/wp-content\/uploads\/2024\/10\/headings-encabezados-seo.png","type":"image\/png"}],"twitter_card":"summary_large_image","twitter_site":"@SoyCortiz","twitter_misc":{"Tempo estimado de leitura":"4 minutos"},"schema":{"@context":"https:\/\/schema.org","@graph":[{"@type":"Article","@id":"https:\/\/cecomart.com\/pt\/dicionario-seo\/etiquetas-cabecalho-h-headings\/#article","isPartOf":{"@id":"https:\/\/cecomart.com\/pt\/dicionario-seo\/etiquetas-cabecalho-h-headings\/"},"author":{"name":"C.Ortiz","@id":"https:\/\/cecomart.com\/#\/schema\/person\/2c89526db0f701abd6b4e52aafb69731"},"headline":"Etiquetas de cabe\u00e7alho h o headings","datePublished":"2025-01-11T20:16:02+00:00","dateModified":"2025-01-13T10:17:30+00:00","mainEntityOfPage":{"@id":"https:\/\/cecomart.com\/pt\/dicionario-seo\/etiquetas-cabecalho-h-headings\/"},"wordCount":731,"publisher":{"@id":"https:\/\/cecomart.com\/#organization"},"image":{"@id":"https:\/\/cecomart.com\/pt\/dicionario-seo\/etiquetas-cabecalho-h-headings\/#primaryimage"},"thumbnailUrl":"https:\/\/cecomart.com\/wp-content\/uploads\/2024\/10\/headings-encabezados-seo.png","inLanguage":"pt-PT"},{"@type":"WebPage","@id":"https:\/\/cecomart.com\/pt\/dicionario-seo\/etiquetas-cabecalho-h-headings\/","url":"https:\/\/cecomart.com\/pt\/dicionario-seo\/etiquetas-cabecalho-h-headings\/","name":"Etiquetas de cabe\u00e7alho h o headings | Cecomart","isPartOf":{"@id":"https:\/\/cecomart.com\/#website"},"primaryImageOfPage":{"@id":"https:\/\/cecomart.com\/pt\/dicionario-seo\/etiquetas-cabecalho-h-headings\/#primaryimage"},"image":{"@id":"https:\/\/cecomart.com\/pt\/dicionario-seo\/etiquetas-cabecalho-h-headings\/#primaryimage"},"thumbnailUrl":"https:\/\/cecomart.com\/wp-content\/uploads\/2024\/10\/headings-encabezados-seo.png","datePublished":"2025-01-11T20:16:02+00:00","dateModified":"2025-01-13T10:17:30+00:00","description":"\u25b7 Headings ou Etiquetas h: Conhe\u00e7a a informa\u00e7\u00e3o sobre este elemento SEO. O que s\u00e3o, como implement\u00e1-lo corretamente e melhorar a nossa hierarquia.","breadcrumb":{"@id":"https:\/\/cecomart.com\/pt\/dicionario-seo\/etiquetas-cabecalho-h-headings\/#breadcrumb"},"inLanguage":"pt-PT","potentialAction":[{"@type":"ReadAction","target":["https:\/\/cecomart.com\/pt\/dicionario-seo\/etiquetas-cabecalho-h-headings\/"]}]},{"@type":"ImageObject","inLanguage":"pt-PT","@id":"https:\/\/cecomart.com\/pt\/dicionario-seo\/etiquetas-cabecalho-h-headings\/#primaryimage","url":"https:\/\/cecomart.com\/wp-content\/uploads\/2024\/10\/headings-encabezados-seo.png","contentUrl":"https:\/\/cecomart.com\/wp-content\/uploads\/2024\/10\/headings-encabezados-seo.png","width":321,"height":157,"caption":"headings o encabezados SEO"},{"@type":"BreadcrumbList","@id":"https:\/\/cecomart.com\/pt\/dicionario-seo\/etiquetas-cabecalho-h-headings\/#breadcrumb","itemListElement":[{"@type":"ListItem","position":1,"name":"SEO","item":"https:\/\/cecomart.com\/pt\/"},{"@type":"ListItem","position":2,"name":"Dicion\u00e1rio de SEO","item":"https:\/\/cecomart.com\/pt\/dicionario-seo\/"},{"@type":"ListItem","position":3,"name":"Etiquetas de cabe\u00e7alho h o headings"}]},{"@type":"WebSite","@id":"https:\/\/cecomart.com\/#website","url":"https:\/\/cecomart.com\/","name":"Cecomart","description":"Especialista en SEO e Inteligencia Artificial","publisher":{"@id":"https:\/\/cecomart.com\/#organization"},"alternateName":"Cecomart","potentialAction":[{"@type":"SearchAction","target":{"@type":"EntryPoint","urlTemplate":"https:\/\/cecomart.com\/?s={search_term_string}"},"query-input":{"@type":"PropertyValueSpecification","valueRequired":true,"valueName":"search_term_string"}}],"inLanguage":"pt-PT"},{"@type":"Organization","@id":"https:\/\/cecomart.com\/#organization","name":"Cecomart","url":"https:\/\/cecomart.com\/","logo":{"@type":"ImageObject","inLanguage":"pt-PT","@id":"https:\/\/cecomart.com\/#\/schema\/logo\/image\/","url":"https:\/\/cecomart.com\/wp-content\/uploads\/2024\/09\/logo-cecomart-2024.jpg","contentUrl":"https:\/\/cecomart.com\/wp-content\/uploads\/2024\/09\/logo-cecomart-2024.jpg","width":1116,"height":466,"caption":"Cecomart"},"image":{"@id":"https:\/\/cecomart.com\/#\/schema\/logo\/image\/"},"sameAs":["https:\/\/x.com\/SoyCortiz"]},{"@type":"Person","@id":"https:\/\/cecomart.com\/#\/schema\/person\/2c89526db0f701abd6b4e52aafb69731","name":"C.Ortiz","image":{"@type":"ImageObject","inLanguage":"pt-PT","@id":"https:\/\/secure.gravatar.com\/avatar\/a4e2ff9a83acee041bf89b127a3c9e31bee701c1977f13261c281d19a819ab3c?s=96&d=mm&r=g","url":"https:\/\/secure.gravatar.com\/avatar\/a4e2ff9a83acee041bf89b127a3c9e31bee701c1977f13261c281d19a819ab3c?s=96&d=mm&r=g","contentUrl":"https:\/\/secure.gravatar.com\/avatar\/a4e2ff9a83acee041bf89b127a3c9e31bee701c1977f13261c281d19a819ab3c?s=96&d=mm&r=g","caption":"C.Ortiz"},"description":"Consultor SEO desde 2015. Apasionado por difundir noticias sobre posicionamiento web y seguir aprendiendo de una profesi\u00f3n en constante evoluci\u00f3n. Especializado en SEO t\u00e9cnico, GEO y AEO.","sameAs":["https:\/\/cecomart.com","https:\/\/x.com\/@SoyCortiz"],"url":"https:\/\/cecomart.com\/author\/cortiz\/"}]}},"_links":{"self":[{"href":"https:\/\/cecomart.com\/wp-json\/wp\/v2\/pages\/2974","targetHints":{"allow":["GET"]}}],"collection":[{"href":"https:\/\/cecomart.com\/wp-json\/wp\/v2\/pages"}],"about":[{"href":"https:\/\/cecomart.com\/wp-json\/wp\/v2\/types\/page"}],"author":[{"embeddable":true,"href":"https:\/\/cecomart.com\/wp-json\/wp\/v2\/users\/1"}],"replies":[{"embeddable":true,"href":"https:\/\/cecomart.com\/wp-json\/wp\/v2\/comments?post=2974"}],"version-history":[{"count":4,"href":"https:\/\/cecomart.com\/wp-json\/wp\/v2\/pages\/2974\/revisions"}],"predecessor-version":[{"id":3024,"href":"https:\/\/cecomart.com\/wp-json\/wp\/v2\/pages\/2974\/revisions\/3024"}],"up":[{"embeddable":true,"href":"https:\/\/cecomart.com\/wp-json\/wp\/v2\/pages\/2952"}],"wp:attachment":[{"href":"https:\/\/cecomart.com\/wp-json\/wp\/v2\/media?parent=2974"}],"curies":[{"name":"wp","href":"https:\/\/api.w.org\/{rel}","templated":true}]}}