{"id":2972,"date":"2025-01-11T20:08:03","date_gmt":"2025-01-11T20:08:03","guid":{"rendered":"https:\/\/cecomart.com\/?page_id=2972"},"modified":"2025-01-11T20:08:03","modified_gmt":"2025-01-11T20:08:03","slug":"broken-links","status":"publish","type":"page","link":"https:\/\/cecomart.com\/pt\/dicionario-seo\/broken-links\/","title":{"rendered":"Broken links"},"content":{"rendered":"<div id=\"ez-toc-container\" class=\"ez-toc-v2_0_82_2 counter-hierarchy ez-toc-counter ez-toc-custom ez-toc-container-direction\">\n<div class=\"ez-toc-title-container\">\n<p class=\"ez-toc-title\" style=\"cursor:inherit\">Content<\/p>\n<span class=\"ez-toc-title-toggle\"><a href=\"#\" class=\"ez-toc-pull-right ez-toc-btn ez-toc-btn-xs ez-toc-btn-default ez-toc-toggle\" aria-label=\"Toggle Table of Content\"><span class=\"ez-toc-js-icon-con\"><span class=\"\"><span class=\"eztoc-hide\" style=\"display:none;\">Toggle<\/span><span class=\"ez-toc-icon-toggle-span\"><svg style=\"fill: #0f0f0f;color:#0f0f0f\" xmlns=\"http:\/\/www.w3.org\/2000\/svg\" class=\"list-377408\" width=\"20px\" height=\"20px\" viewBox=\"0 0 24 24\" fill=\"none\"><path d=\"M6 6H4v2h2V6zm14 0H8v2h12V6zM4 11h2v2H4v-2zm16 0H8v2h12v-2zM4 16h2v2H4v-2zm16 0H8v2h12v-2z\" fill=\"currentColor\"><\/path><\/svg><svg style=\"fill: #0f0f0f;color:#0f0f0f\" class=\"arrow-unsorted-368013\" xmlns=\"http:\/\/www.w3.org\/2000\/svg\" width=\"10px\" height=\"10px\" viewBox=\"0 0 24 24\" version=\"1.2\" baseProfile=\"tiny\"><path d=\"M18.2 9.3l-6.2-6.3-6.2 6.3c-.2.2-.3.4-.3.7s.1.5.3.7c.2.2.4.3.7.3h11c.3 0 .5-.1.7-.3.2-.2.3-.5.3-.7s-.1-.5-.3-.7zM5.8 14.7l6.2 6.3 6.2-6.3c.2-.2.3-.5.3-.7s-.1-.5-.3-.7c-.2-.2-.4-.3-.7-.3h-11c-.3 0-.5.1-.7.3-.2.2-.3.5-.3.7s.1.5.3.7z\"\/><\/svg><\/span><\/span><\/span><\/a><\/span><\/div>\n<nav><ul class='ez-toc-list ez-toc-list-level-1 eztoc-toggle-hide-by-default' ><li class='ez-toc-page-1 ez-toc-heading-level-2'><a class=\"ez-toc-link ez-toc-heading-1\" href=\"https:\/\/cecomart.com\/pt\/dicionario-seo\/broken-links\/#O_que_sao_os_links_quebrados\" >O que s\u00e3o os links quebrados<\/a><\/li><li class='ez-toc-page-1 ez-toc-heading-level-2'><a class=\"ez-toc-link ez-toc-heading-2\" href=\"https:\/\/cecomart.com\/pt\/dicionario-seo\/broken-links\/#Como_podemos_detetar_os_broken_links\" >Como podemos detetar os broken links<\/a><\/li><li class='ez-toc-page-1 ez-toc-heading-level-2'><a class=\"ez-toc-link ez-toc-heading-3\" href=\"https:\/\/cecomart.com\/pt\/dicionario-seo\/broken-links\/#Que_ferramentas_podemos_usar_para_detetar_links_quebrados\" >Que ferramentas podemos usar para detetar links quebrados<\/a><\/li><li class='ez-toc-page-1 ez-toc-heading-level-2'><a class=\"ez-toc-link ez-toc-heading-4\" href=\"https:\/\/cecomart.com\/pt\/dicionario-seo\/broken-links\/#Porque_sao_interessantes_melhorar_os_nossos_links_quebrados\" >Porqu\u00ea s\u00e3o interessantes melhorar os nossos links quebrados<\/a><\/li><li class='ez-toc-page-1 ez-toc-heading-level-2'><a class=\"ez-toc-link ez-toc-heading-5\" href=\"https:\/\/cecomart.com\/pt\/dicionario-seo\/broken-links\/#Perguntas_frequentes_sobre_links_quebrados_ou_broken_links\" >Perguntas frequentes sobre links quebrados ou broken links<\/a><ul class='ez-toc-list-level-3' ><li class='ez-toc-heading-level-3'><a class=\"ez-toc-link ez-toc-heading-6\" href=\"https:\/\/cecomart.com\/pt\/dicionario-seo\/broken-links\/#Que_plugins_do_WordPress_podemos_utilizar_para_deteta-los\" >Que plugins do WordPress podemos utilizar para detet\u00e1-los?<\/a><\/li><li class='ez-toc-page-1 ez-toc-heading-level-3'><a class=\"ez-toc-link ez-toc-heading-7\" href=\"https:\/\/cecomart.com\/pt\/dicionario-seo\/broken-links\/#Que_modulos_do_Prestashop_podemos_utilizar_para_deteta-los\" >Que m\u00f3dulos do Prestashop podemos utilizar para detet\u00e1-los?<\/a><\/li><li class='ez-toc-page-1 ez-toc-heading-level-3'><a class=\"ez-toc-link ez-toc-heading-8\" href=\"https:\/\/cecomart.com\/pt\/dicionario-seo\/broken-links\/#Que_beneficios_temos_ao_melhorar_os_nossos_links_quebrados\" >Que benef\u00edcios temos ao melhorar os nossos links quebrados?<\/a><ul class='ez-toc-list-level-4' ><li class='ez-toc-heading-level-4'><a class=\"ez-toc-link ez-toc-heading-9\" href=\"https:\/\/cecomart.com\/pt\/dicionario-seo\/broken-links\/#Outros_termos_do_dicionario_SEO\" >Outros termos do dicion\u00e1rio SEO<\/a><ul class='ez-toc-list-level-5' ><li class='ez-toc-heading-level-5'><a class=\"ez-toc-link ez-toc-heading-10\" href=\"https:\/\/cecomart.com\/pt\/dicionario-seo\/broken-links\/#Conceitos_com_A\" >Conceitos com A<\/a><\/li><li class='ez-toc-page-1 ez-toc-heading-level-5'><a class=\"ez-toc-link ez-toc-heading-11\" href=\"https:\/\/cecomart.com\/pt\/dicionario-seo\/broken-links\/#Conceitos_com_C\" >Conceitos com C<\/a><\/li><li class='ez-toc-page-1 ez-toc-heading-level-5'><a class=\"ez-toc-link ez-toc-heading-12\" href=\"https:\/\/cecomart.com\/pt\/dicionario-seo\/broken-links\/#Conceitos_com_D\" >Conceitos com D<\/a><\/li><li class='ez-toc-page-1 ez-toc-heading-level-5'><a class=\"ez-toc-link ez-toc-heading-13\" href=\"https:\/\/cecomart.com\/pt\/dicionario-seo\/broken-links\/#Conceitos_com_E\" >Conceitos com E<\/a><\/li><li class='ez-toc-page-1 ez-toc-heading-level-5'><a class=\"ez-toc-link ez-toc-heading-14\" href=\"https:\/\/cecomart.com\/pt\/dicionario-seo\/broken-links\/#Conceitos_com_F\" >Conceitos com F<\/a><\/li><li class='ez-toc-page-1 ez-toc-heading-level-5'><a class=\"ez-toc-link ez-toc-heading-15\" href=\"https:\/\/cecomart.com\/pt\/dicionario-seo\/broken-links\/#Conceitos_com_H\" >Conceitos com H<\/a><\/li><li class='ez-toc-page-1 ez-toc-heading-level-5'><a class=\"ez-toc-link ez-toc-heading-16\" href=\"https:\/\/cecomart.com\/pt\/dicionario-seo\/broken-links\/#Conceitos_com_K\" >Conceitos com K<\/a><\/li><li class='ez-toc-page-1 ez-toc-heading-level-5'><a class=\"ez-toc-link ez-toc-heading-17\" href=\"https:\/\/cecomart.com\/pt\/dicionario-seo\/broken-links\/#Conceitos_com_S\" >Conceitos com S<\/a><\/li><li class='ez-toc-page-1 ez-toc-heading-level-5'><a class=\"ez-toc-link ez-toc-heading-18\" href=\"https:\/\/cecomart.com\/pt\/dicionario-seo\/broken-links\/#Conceitos_com_R\" >Conceitos com R<\/a><\/li><li class='ez-toc-page-1 ez-toc-heading-level-5'><a class=\"ez-toc-link ez-toc-heading-19\" href=\"https:\/\/cecomart.com\/pt\/dicionario-seo\/broken-links\/#Conceitos_com_T\" >Conceitos com T<\/a><\/li><\/ul><\/li><\/ul><\/li><\/ul><\/li><\/ul><\/nav><\/div>\n\n<h2><span class=\"ez-toc-section\" id=\"O_que_sao_os_links_quebrados\"><\/span>O que s\u00e3o os links quebrados<span class=\"ez-toc-section-end\"><\/span><\/h2>\n<p>Os links quebrados s\u00e3o <strong>aqueles links que apontam para uma p\u00e1gina que j\u00e1 n\u00e3o existe ou que foi transferida<\/strong> para um novo endere\u00e7o. Isto pode acontecer por uma s\u00e9rie de raz\u00f5es, como altera\u00e7\u00f5es no nome da p\u00e1gina, elimina\u00e7\u00e3o de conte\u00fado ou altera\u00e7\u00f5es na estrutura do site web.<\/p>\n<h2><span class=\"ez-toc-section\" id=\"Como_podemos_detetar_os_broken_links\"><\/span>Como podemos detetar os broken links<span class=\"ez-toc-section-end\"><\/span><\/h2>\n<p>Os links quebrados ou broken links podem ser detetados manualmente clicando em cada link no site web e verificando se est\u00e3o a funcionar corretamente. Tamb\u00e9m podem ser detetados mediante a utiliza\u00e7\u00e3o de ferramentas especializadas.<\/p>\n<h2><span class=\"ez-toc-section\" id=\"Que_ferramentas_podemos_usar_para_detetar_links_quebrados\"><\/span>Que ferramentas podemos usar para detetar links quebrados<span class=\"ez-toc-section-end\"><\/span><\/h2>\n<p>Existem muitas ferramentas dispon\u00edveis online que podem ajudar a detetar links quebrados num site web. Alguns exemplos incluem o Google Search Console, o W3C Link Checker e o Dead Link Checker.<\/p>\n<p>No entanto, uma das melhores ferramentas para conseguir encontrar todos estes links quebrados \u00e9 o Screaming Frog, uma <strong>ferramenta muito pr\u00e1tica para detetar broken links<\/strong> n\u00e3o s\u00f3 no nosso site, mas tamb\u00e9m noutras partes como m\u00e1s redire\u00e7\u00f5es no nosso htaccess ou no arquivo sitemap.<\/p>\n<p>Por outro lado, outras ferramentas como \u00e9 o caso do Ahrefs, tamb\u00e9m nos permitem realizar esta mesma a\u00e7\u00e3o. Ainda que, esta ferramenta seja algo mais cara que a anteriormente citada.<\/p>\n<h2><span class=\"ez-toc-section\" id=\"Porque_sao_interessantes_melhorar_os_nossos_links_quebrados\"><\/span>Porqu\u00ea s\u00e3o interessantes melhorar os nossos links quebrados<span class=\"ez-toc-section-end\"><\/span><\/h2>\n<p>Este tipo de links <strong>podem afetar negativamente a experi\u00eancia de utilizador e a perce\u00e7\u00e3o da qualidade de um site web<\/strong>. Al\u00e9m disso, os motores de busca tamb\u00e9m penalizam os sites web com links quebrados, o que pode afetar negativamente o posicionamento nos resultados de busca.<\/p>\n<p>A n\u00edvel de rastreamento web, \u00e9 uma maneira perfeita de melhorar esta parte que muitas p\u00e1ginas deixam de lado. \u00c9 uma maneira simples de melhorar o seu posicionamento web sem necessitar outras mudan\u00e7as em conte\u00fado, links externos ou linkbuilding, velocidade de carregamento, etc.<\/p>\n<p>Sem d\u00favida, uma recomenda\u00e7\u00e3o a ter em conta para todas as p\u00e1ginas web, sem importar a tipologia de neg\u00f3cio ou web.<\/p>\n<h2><span class=\"ez-toc-section\" id=\"Perguntas_frequentes_sobre_links_quebrados_ou_broken_links\"><\/span>Perguntas frequentes sobre links quebrados ou broken links<span class=\"ez-toc-section-end\"><\/span><\/h2>\n<h3><span class=\"ez-toc-section\" id=\"Que_plugins_do_WordPress_podemos_utilizar_para_deteta-los\"><\/span>Que plugins do WordPress podemos utilizar para detet\u00e1-los?<span class=\"ez-toc-section-end\"><\/span><\/h3>\n<p>Existem muitos <strong>plugins dispon\u00edveis para WordPress<\/strong> que podem ajudar a detetar e solucionar os links quebrados. Alguns exemplos incluem o Broken Link Checker e o WP Broken Link Status Checker.<\/p>\n<h3><span class=\"ez-toc-section\" id=\"Que_modulos_do_Prestashop_podemos_utilizar_para_deteta-los\"><\/span>Que m\u00f3dulos do Prestashop podemos utilizar para detet\u00e1-los?<span class=\"ez-toc-section-end\"><\/span><\/h3>\n<p>Os <strong>m\u00f3dulos dispon\u00edveis para Prestashop<\/strong> que podem ajudar a detetar e solucionar os links quebrados incluem o LinkChecker e o Broken Link Manager.<\/p>\n<h3><span class=\"ez-toc-section\" id=\"Que_beneficios_temos_ao_melhorar_os_nossos_links_quebrados\"><\/span>Que benef\u00edcios temos ao melhorar os nossos links quebrados?<span class=\"ez-toc-section-end\"><\/span><\/h3>\n<p>Melhorar os links quebrados pode <strong>ajudar a aumentar a experi\u00eancia de utilizador<\/strong>, melhorar a perce\u00e7\u00e3o da qualidade de um site web e aumentar o posicionamento nos motores de busca. Tamb\u00e9m pode aumentar a efic\u00e1cia das campanhas de marketing e melhorar a acessibilidade de um site web para os utilizadores com defici\u00eancias.<br \/>\n<script type=\"application\/ld+json\">{\"@context\":\"https:\/\/schema.org\",\"@type\":\"FAQPage\",\"mainEntity\":[{\"@type\":\"Question\",\"name\":\"Que plugins do WordPress podemos utilizar para detet\u00e1-los?\",\"acceptedAnswer\":{\"@type\":\"Answer\",\"text\":\"Existem muitos <strong>plugins dispon\u00edveis para WordPress<\/strong> que podem ajudar a detetar e solucionar os links quebrados. Alguns exemplos incluem o Broken Link Checker e o WP Broken Link Status Checker.\"}},{\"@type\":\"Question\",\"name\":\"\u00bfQu\u00e9 m\u00f3dulos de Prestashop podemos utilizar para detet\u00e1-los?\",\"acceptedAnswer\":{\"@type\":\"Answer\",\"text\":\"Os <strong>m\u00f3dulos dispon\u00edveis para Prestashop<\/strong> que podem ajudar a detetar e solucionar os links quebrados incluem o LinkChecker e o Broken Link Manager.\"}},{\"@type\":\"Question\",\"name\":\"Que benef\u00edcios temos ao melhorar os nossos links quebrados?\",\"acceptedAnswer\":{\"@type\":\"Answer\",\"text\":\"Melhorar os links quebrados pode <strong>ajudar a aumentar a experi\u00eancia de utilizador<\/strong>, melhorar a perce\u00e7\u00e3o da qualidade de um site web e aumentar o posicionamento nos motores de busca. Tamb\u00e9m pode aumentar a efic\u00e1cia das campanhas de marketing e melhorar a acessibilidade de um site web para os utilizadores com defici\u00eancias.\"}}]}<\/script><\/p>\n<h4 style=\"text-align: center;\"><span class=\"ez-toc-section\" id=\"Outros_termos_do_dicionario_SEO\"><\/span>Outros termos do dicion\u00e1rio SEO<span class=\"ez-toc-section-end\"><\/span><\/h4>\n<h5><span class=\"ez-toc-section\" id=\"Conceitos_com_A\"><\/span>Conceitos com A<span class=\"ez-toc-section-end\"><\/span><\/h5>\n<ul>\n<li><a href=\"https:\/\/cecomart.com\/pt\/dicionario-seo\/anchor-text\/\">Anchor text<\/a><\/li>\n<li><a href=\"https:\/\/cecomart.com\/pt\/dicionario-seo\/alt-text\/\">Alt Text<\/a><\/li>\n<\/ul>\n<h5><span class=\"ez-toc-section\" id=\"Conceitos_com_C\"><\/span>Conceitos com C<span class=\"ez-toc-section-end\"><\/span><\/h5>\n<ul>\n<li><a href=\"https:\/\/cecomart.com\/pt\/dicionario-seo\/canonical\/\">Canonical url<\/a><\/li>\n<li><a href=\"https:\/\/cecomart.com\/pt\/dicionario-seo\/cro-conversion-rate-optimization\/\">CRO<\/a><\/li>\n<li><a href=\"https:\/\/cecomart.com\/pt\/dicionario-seo\/ctr\/\">CTR<\/a><\/li>\n<\/ul>\n<h5><span class=\"ez-toc-section\" id=\"Conceitos_com_D\"><\/span>Conceitos com D<span class=\"ez-toc-section-end\"><\/span><\/h5>\n<ul>\n<li><a href=\"https:\/\/cecomart.com\/pt\/dicionario-seo\/disavow\/\">Disavow<\/a><\/li>\n<li><a href=\"https:\/\/cecomart.com\/pt\/dicionario-seo\/domain-authority-da\/\">Domain authority<\/a><\/li>\n<li><a href=\"https:\/\/cecomart.com\/pt\/dicionario-seo\/dwell-time\/\">Dwell time<\/a><\/li>\n<\/ul>\n<h5><span class=\"ez-toc-section\" id=\"Conceitos_com_E\"><\/span>Conceitos com E<span class=\"ez-toc-section-end\"><\/span><\/h5>\n<ul>\n<li><a href=\"https:\/\/cecomart.com\/pt\/dicionario-seo\/etiquetas-cabecalho-h-headings\/\">Etiquetas h o Headings<\/a><\/li>\n<\/ul>\n<h5><span class=\"ez-toc-section\" id=\"Conceitos_com_F\"><\/span>Conceitos com F<span class=\"ez-toc-section-end\"><\/span><\/h5>\n<ul>\n<li><a href=\"https:\/\/cecomart.com\/pt\/dicionario-seo\/favicon\/\">Favicon<\/a><\/li>\n<li><a href=\"https:\/\/cecomart.com\/pt\/dicionario-seo\/footer\/\">Footer<\/a><\/li>\n<li><a href=\"https:\/\/cecomart.com\/pt\/dicionario-seo\/footprints\/\">Footprints Google<\/a><\/li>\n<\/ul>\n<h5><span class=\"ez-toc-section\" id=\"Conceitos_com_H\"><\/span>Conceitos com H<span class=\"ez-toc-section-end\"><\/span><\/h5>\n<ul>\n<li><a href=\"https:\/\/cecomart.com\/pt\/dicionario-seo\/hreflang\/\">Hreflang<\/a><\/li>\n<li><a href=\"https:\/\/cecomart.com\/pt\/dicionario-seo\/header\/\">Header<\/a><\/li>\n<\/ul>\n<h5><span class=\"ez-toc-section\" id=\"Conceitos_com_K\"><\/span>Conceitos com K<span class=\"ez-toc-section-end\"><\/span><\/h5>\n<ul>\n<li><a href=\"https:\/\/cecomart.com\/pt\/dicionario-seo\/keyword-stuffing\/\">Keyword Stuffing<\/a><\/li>\n<\/ul>\n<h5><span class=\"ez-toc-section\" id=\"Conceitos_com_S\"><\/span>Conceitos com S<span class=\"ez-toc-section-end\"><\/span><\/h5>\n<ul>\n<li><a href=\"https:\/\/cecomart.com\/pt\/dicionario-seo\/schemas-dados-estruturados\/\">Schema<\/a><\/li>\n<\/ul>\n<h5><span class=\"ez-toc-section\" id=\"Conceitos_com_R\"><\/span>Conceitos com R<span class=\"ez-toc-section-end\"><\/span><\/h5>\n<ul>\n<li><a href=\"https:\/\/cecomart.com\/pt\/dicionario-seo\/robots-txt\/\">Robots.txt<\/a><\/li>\n<\/ul>\n<h5><span class=\"ez-toc-section\" id=\"Conceitos_com_T\"><\/span>Conceitos com T<span class=\"ez-toc-section-end\"><\/span><\/h5>\n<ul>\n<li><a href=\"https:\/\/cecomart.com\/pt\/dicionario-seo\/target-_blank\/\">Target _blank<\/a><\/li>\n<\/ul>\n<p>&nbsp;<\/p>\n","protected":false},"excerpt":{"rendered":"<p>O que s\u00e3o os links quebrados Os links quebrados s\u00e3o aqueles links que apontam para uma p\u00e1gina que j\u00e1 n\u00e3o existe ou que foi transferida para um novo endere\u00e7o. Isto pode acontecer por uma s\u00e9rie de raz\u00f5es, como altera\u00e7\u00f5es no nome da p\u00e1gina, elimina\u00e7\u00e3o de conte\u00fado ou altera\u00e7\u00f5es na estrutura do site web. Como podemos [&hellip;]<\/p>\n","protected":false},"author":1,"featured_media":0,"parent":2952,"menu_order":0,"comment_status":"closed","ping_status":"closed","template":"","meta":{"_ayudawp_aiss_exclude":false,"_locale":"pt_PT","_original_post":"https:\/\/cecomart.com\/?page_id=1315","footnotes":""},"class_list":["post-2972","page","type-page","status-publish","hentry","pt-PT"],"yoast_head":"<!-- This site is optimized with the Yoast SEO plugin v27.5 - https:\/\/yoast.com\/product\/yoast-seo-wordpress\/ -->\n<title>Broken links: O que s\u00e3o e como detetarlos | Cecomart<\/title>\n<meta name=\"description\" content=\"\u25b7 Broken Links: Conhe\u00e7a toda a informa\u00e7\u00e3o sobre este elemento SEO. O que \u00e9, como detetar links quebrados e que ferramentas temos dispon\u00edveis para os encontrar.\" \/>\n<meta name=\"robots\" content=\"index, follow, max-snippet:-1, max-image-preview:large, max-video-preview:-1\" \/>\n<link rel=\"canonical\" href=\"https:\/\/cecomart.com\/pt\/dicionario-seo\/broken-links\/\" \/>\n<meta property=\"og:locale\" content=\"pt_PT\" \/>\n<meta property=\"og:type\" content=\"article\" \/>\n<meta property=\"og:title\" content=\"Broken links: O que s\u00e3o e como detetarlos | Cecomart\" \/>\n<meta property=\"og:description\" content=\"\u25b7 Broken Links: Conhe\u00e7a toda a informa\u00e7\u00e3o sobre este elemento SEO. O que \u00e9, como detetar links quebrados e que ferramentas temos dispon\u00edveis para os encontrar.\" \/>\n<meta property=\"og:url\" content=\"https:\/\/cecomart.com\/pt\/dicionario-seo\/broken-links\/\" \/>\n<meta property=\"og:site_name\" content=\"Cecomart\" \/>\n<meta property=\"og:image\" content=\"https:\/\/cecomart.com\/wp-content\/uploads\/2022\/05\/cefe-ortiz-consultor-seo.png\" \/>\n\t<meta property=\"og:image:width\" content=\"832\" \/>\n\t<meta property=\"og:image:height\" content=\"1236\" \/>\n\t<meta property=\"og:image:type\" content=\"image\/png\" \/>\n<meta name=\"twitter:card\" content=\"summary_large_image\" \/>\n<meta name=\"twitter:site\" content=\"@SoyCortiz\" \/>\n<meta name=\"twitter:label1\" content=\"Tempo estimado de leitura\" \/>\n\t<meta name=\"twitter:data1\" content=\"3 minutos\" \/>\n<!-- \/ Yoast SEO plugin. -->","yoast_head_json":{"title":"Broken links: O que s\u00e3o e como detetarlos | Cecomart","description":"\u25b7 Broken Links: Conhe\u00e7a toda a informa\u00e7\u00e3o sobre este elemento SEO. O que \u00e9, como detetar links quebrados e que ferramentas temos dispon\u00edveis para os encontrar.","robots":{"index":"index","follow":"follow","max-snippet":"max-snippet:-1","max-image-preview":"max-image-preview:large","max-video-preview":"max-video-preview:-1"},"canonical":"https:\/\/cecomart.com\/pt\/dicionario-seo\/broken-links\/","og_locale":"pt_PT","og_type":"article","og_title":"Broken links: O que s\u00e3o e como detetarlos | Cecomart","og_description":"\u25b7 Broken Links: Conhe\u00e7a toda a informa\u00e7\u00e3o sobre este elemento SEO. O que \u00e9, como detetar links quebrados e que ferramentas temos dispon\u00edveis para os encontrar.","og_url":"https:\/\/cecomart.com\/pt\/dicionario-seo\/broken-links\/","og_site_name":"Cecomart","og_image":[{"width":832,"height":1236,"url":"https:\/\/cecomart.com\/wp-content\/uploads\/2022\/05\/cefe-ortiz-consultor-seo.png","type":"image\/png"}],"twitter_card":"summary_large_image","twitter_site":"@SoyCortiz","twitter_misc":{"Tempo estimado de leitura":"3 minutos"},"schema":{"@context":"https:\/\/schema.org","@graph":[{"@type":"Article","@id":"https:\/\/cecomart.com\/pt\/dicionario-seo\/broken-links\/#article","isPartOf":{"@id":"https:\/\/cecomart.com\/pt\/dicionario-seo\/broken-links\/"},"author":{"name":"C.Ortiz","@id":"https:\/\/cecomart.com\/#\/schema\/person\/2c89526db0f701abd6b4e52aafb69731"},"headline":"Broken links","datePublished":"2025-01-11T20:08:03+00:00","mainEntityOfPage":{"@id":"https:\/\/cecomart.com\/pt\/dicionario-seo\/broken-links\/"},"wordCount":575,"publisher":{"@id":"https:\/\/cecomart.com\/#organization"},"inLanguage":"pt-PT"},{"@type":"WebPage","@id":"https:\/\/cecomart.com\/pt\/dicionario-seo\/broken-links\/","url":"https:\/\/cecomart.com\/pt\/dicionario-seo\/broken-links\/","name":"Broken links: O que s\u00e3o e como detetarlos | Cecomart","isPartOf":{"@id":"https:\/\/cecomart.com\/#website"},"datePublished":"2025-01-11T20:08:03+00:00","description":"\u25b7 Broken Links: Conhe\u00e7a toda a informa\u00e7\u00e3o sobre este elemento SEO. O que \u00e9, como detetar links quebrados e que ferramentas temos dispon\u00edveis para os encontrar.","breadcrumb":{"@id":"https:\/\/cecomart.com\/pt\/dicionario-seo\/broken-links\/#breadcrumb"},"inLanguage":"pt-PT","potentialAction":[{"@type":"ReadAction","target":["https:\/\/cecomart.com\/pt\/dicionario-seo\/broken-links\/"]}]},{"@type":"BreadcrumbList","@id":"https:\/\/cecomart.com\/pt\/dicionario-seo\/broken-links\/#breadcrumb","itemListElement":[{"@type":"ListItem","position":1,"name":"SEO","item":"https:\/\/cecomart.com\/pt\/"},{"@type":"ListItem","position":2,"name":"Dicion\u00e1rio de SEO","item":"https:\/\/cecomart.com\/pt\/dicionario-seo\/"},{"@type":"ListItem","position":3,"name":"Broken links"}]},{"@type":"WebSite","@id":"https:\/\/cecomart.com\/#website","url":"https:\/\/cecomart.com\/","name":"Cecomart","description":"Especialista en SEO e Inteligencia Artificial","publisher":{"@id":"https:\/\/cecomart.com\/#organization"},"alternateName":"Cecomart","potentialAction":[{"@type":"SearchAction","target":{"@type":"EntryPoint","urlTemplate":"https:\/\/cecomart.com\/?s={search_term_string}"},"query-input":{"@type":"PropertyValueSpecification","valueRequired":true,"valueName":"search_term_string"}}],"inLanguage":"pt-PT"},{"@type":"Organization","@id":"https:\/\/cecomart.com\/#organization","name":"Cecomart","url":"https:\/\/cecomart.com\/","logo":{"@type":"ImageObject","inLanguage":"pt-PT","@id":"https:\/\/cecomart.com\/#\/schema\/logo\/image\/","url":"https:\/\/cecomart.com\/wp-content\/uploads\/2024\/09\/logo-cecomart-2024.jpg","contentUrl":"https:\/\/cecomart.com\/wp-content\/uploads\/2024\/09\/logo-cecomart-2024.jpg","width":1116,"height":466,"caption":"Cecomart"},"image":{"@id":"https:\/\/cecomart.com\/#\/schema\/logo\/image\/"},"sameAs":["https:\/\/x.com\/SoyCortiz"]},{"@type":"Person","@id":"https:\/\/cecomart.com\/#\/schema\/person\/2c89526db0f701abd6b4e52aafb69731","name":"C.Ortiz","image":{"@type":"ImageObject","inLanguage":"pt-PT","@id":"https:\/\/secure.gravatar.com\/avatar\/a4e2ff9a83acee041bf89b127a3c9e31bee701c1977f13261c281d19a819ab3c?s=96&d=mm&r=g","url":"https:\/\/secure.gravatar.com\/avatar\/a4e2ff9a83acee041bf89b127a3c9e31bee701c1977f13261c281d19a819ab3c?s=96&d=mm&r=g","contentUrl":"https:\/\/secure.gravatar.com\/avatar\/a4e2ff9a83acee041bf89b127a3c9e31bee701c1977f13261c281d19a819ab3c?s=96&d=mm&r=g","caption":"C.Ortiz"},"description":"Consultor SEO desde 2015. Apasionado por difundir noticias sobre posicionamiento web y seguir aprendiendo de una profesi\u00f3n en constante evoluci\u00f3n. Especializado en SEO t\u00e9cnico, GEO y AEO.","sameAs":["https:\/\/cecomart.com","https:\/\/x.com\/@SoyCortiz"],"url":"https:\/\/cecomart.com\/author\/cortiz\/"}]}},"_links":{"self":[{"href":"https:\/\/cecomart.com\/wp-json\/wp\/v2\/pages\/2972","targetHints":{"allow":["GET"]}}],"collection":[{"href":"https:\/\/cecomart.com\/wp-json\/wp\/v2\/pages"}],"about":[{"href":"https:\/\/cecomart.com\/wp-json\/wp\/v2\/types\/page"}],"author":[{"embeddable":true,"href":"https:\/\/cecomart.com\/wp-json\/wp\/v2\/users\/1"}],"replies":[{"embeddable":true,"href":"https:\/\/cecomart.com\/wp-json\/wp\/v2\/comments?post=2972"}],"version-history":[{"count":2,"href":"https:\/\/cecomart.com\/wp-json\/wp\/v2\/pages\/2972\/revisions"}],"predecessor-version":[{"id":3004,"href":"https:\/\/cecomart.com\/wp-json\/wp\/v2\/pages\/2972\/revisions\/3004"}],"up":[{"embeddable":true,"href":"https:\/\/cecomart.com\/wp-json\/wp\/v2\/pages\/2952"}],"wp:attachment":[{"href":"https:\/\/cecomart.com\/wp-json\/wp\/v2\/media?parent=2972"}],"curies":[{"name":"wp","href":"https:\/\/api.w.org\/{rel}","templated":true}]}}