{"id":2967,"date":"2025-01-11T20:09:33","date_gmt":"2025-01-11T20:09:33","guid":{"rendered":"https:\/\/cecomart.com\/?page_id=2967"},"modified":"2025-01-11T20:09:33","modified_gmt":"2025-01-11T20:09:33","slug":"domain-authority-da","status":"publish","type":"page","link":"https:\/\/cecomart.com\/pt\/dicionario-seo\/domain-authority-da\/","title":{"rendered":"Domain Authority DA"},"content":{"rendered":"<div id=\"ez-toc-container\" class=\"ez-toc-v2_0_82_2 counter-hierarchy ez-toc-counter ez-toc-custom ez-toc-container-direction\">\n<div class=\"ez-toc-title-container\">\n<p class=\"ez-toc-title\" style=\"cursor:inherit\">Content<\/p>\n<span class=\"ez-toc-title-toggle\"><a href=\"#\" class=\"ez-toc-pull-right ez-toc-btn ez-toc-btn-xs ez-toc-btn-default ez-toc-toggle\" aria-label=\"Toggle Table of Content\"><span class=\"ez-toc-js-icon-con\"><span class=\"\"><span class=\"eztoc-hide\" style=\"display:none;\">Toggle<\/span><span class=\"ez-toc-icon-toggle-span\"><svg style=\"fill: #0f0f0f;color:#0f0f0f\" xmlns=\"http:\/\/www.w3.org\/2000\/svg\" class=\"list-377408\" width=\"20px\" height=\"20px\" viewBox=\"0 0 24 24\" fill=\"none\"><path d=\"M6 6H4v2h2V6zm14 0H8v2h12V6zM4 11h2v2H4v-2zm16 0H8v2h12v-2zM4 16h2v2H4v-2zm16 0H8v2h12v-2z\" fill=\"currentColor\"><\/path><\/svg><svg style=\"fill: #0f0f0f;color:#0f0f0f\" class=\"arrow-unsorted-368013\" xmlns=\"http:\/\/www.w3.org\/2000\/svg\" width=\"10px\" height=\"10px\" viewBox=\"0 0 24 24\" version=\"1.2\" baseProfile=\"tiny\"><path d=\"M18.2 9.3l-6.2-6.3-6.2 6.3c-.2.2-.3.4-.3.7s.1.5.3.7c.2.2.4.3.7.3h11c.3 0 .5-.1.7-.3.2-.2.3-.5.3-.7s-.1-.5-.3-.7zM5.8 14.7l6.2 6.3 6.2-6.3c.2-.2.3-.5.3-.7s-.1-.5-.3-.7c-.2-.2-.4-.3-.7-.3h-11c-.3 0-.5.1-.7.3-.2.2-.3.5-.3.7s.1.5.3.7z\"\/><\/svg><\/span><\/span><\/span><\/a><\/span><\/div>\n<nav><ul class='ez-toc-list ez-toc-list-level-1 eztoc-toggle-hide-by-default' ><li class='ez-toc-page-1 ez-toc-heading-level-2'><a class=\"ez-toc-link ez-toc-heading-1\" href=\"https:\/\/cecomart.com\/pt\/dicionario-seo\/domain-authority-da\/#O_que_e_o_Domain_Authority_MOZ_ou_Domain_Rating_Ahrefs\" >O que \u00e9 o Domain Authority (MOZ) ou Domain Rating (Ahrefs)<\/a><\/li><li class='ez-toc-page-1 ez-toc-heading-level-2'><a class=\"ez-toc-link ez-toc-heading-2\" href=\"https:\/\/cecomart.com\/pt\/dicionario-seo\/domain-authority-da\/#Como_podemos_aumentar_o_nosso_DA_ou_Domain_Authority\" >Como podemos aumentar o nosso DA ou Domain Authority<\/a><ul class='ez-toc-list-level-3' ><li class='ez-toc-heading-level-3'><a class=\"ez-toc-link ez-toc-heading-3\" href=\"https:\/\/cecomart.com\/pt\/dicionario-seo\/domain-authority-da\/#Que_dicas_sao_as_mais_habituais_em_SEO_para_o_DA\" >Que dicas s\u00e3o as mais habituais em SEO para o DA<\/a><\/li><\/ul><\/li><li class='ez-toc-page-1 ez-toc-heading-level-2'><a class=\"ez-toc-link ez-toc-heading-4\" href=\"https:\/\/cecomart.com\/pt\/dicionario-seo\/domain-authority-da\/#Que_ferramentas_usar_para_conhecer_o_Domain_Authority\" >Que ferramentas usar para conhecer o Domain Authority<\/a><\/li><li class='ez-toc-page-1 ez-toc-heading-level-2'><a class=\"ez-toc-link ez-toc-heading-5\" href=\"https:\/\/cecomart.com\/pt\/dicionario-seo\/domain-authority-da\/#Por_que_pode_baixar_o_nosso_Domain_Authority\" >Por que pode baixar o nosso Domain Authority<\/a><ul class='ez-toc-list-level-3' ><li class='ez-toc-heading-level-3'><a class=\"ez-toc-link ez-toc-heading-6\" href=\"https:\/\/cecomart.com\/pt\/dicionario-seo\/domain-authority-da\/#Curiosidades_do_Domain_Authority_e_Google\" >Curiosidades do Domain Authority e Google<\/a><ul class='ez-toc-list-level-4' ><li class='ez-toc-heading-level-4'><a class=\"ez-toc-link ez-toc-heading-7\" href=\"https:\/\/cecomart.com\/pt\/dicionario-seo\/domain-authority-da\/#Outros_termos_do_dicionario_SEO\" >Outros termos do dicion\u00e1rio SEO<\/a><ul class='ez-toc-list-level-5' ><li class='ez-toc-heading-level-5'><a class=\"ez-toc-link ez-toc-heading-8\" href=\"https:\/\/cecomart.com\/pt\/dicionario-seo\/domain-authority-da\/#Conceitos_com_A\" >Conceitos com A<\/a><\/li><li class='ez-toc-page-1 ez-toc-heading-level-5'><a class=\"ez-toc-link ez-toc-heading-9\" href=\"https:\/\/cecomart.com\/pt\/dicionario-seo\/domain-authority-da\/#Conceitos_com_B\" >Conceitos com B<\/a><\/li><li class='ez-toc-page-1 ez-toc-heading-level-5'><a class=\"ez-toc-link ez-toc-heading-10\" href=\"https:\/\/cecomart.com\/pt\/dicionario-seo\/domain-authority-da\/#Conceitos_com_C\" >Conceitos com C<\/a><\/li><li class='ez-toc-page-1 ez-toc-heading-level-5'><a class=\"ez-toc-link ez-toc-heading-11\" href=\"https:\/\/cecomart.com\/pt\/dicionario-seo\/domain-authority-da\/#Conceitos_com_D\" >Conceitos com D<\/a><\/li><li class='ez-toc-page-1 ez-toc-heading-level-5'><a class=\"ez-toc-link ez-toc-heading-12\" href=\"https:\/\/cecomart.com\/pt\/dicionario-seo\/domain-authority-da\/#Conceitos_com_E\" >Conceitos com E<\/a><\/li><li class='ez-toc-page-1 ez-toc-heading-level-5'><a class=\"ez-toc-link ez-toc-heading-13\" href=\"https:\/\/cecomart.com\/pt\/dicionario-seo\/domain-authority-da\/#Conceitos_com_F\" >Conceitos com F<\/a><\/li><li class='ez-toc-page-1 ez-toc-heading-level-5'><a class=\"ez-toc-link ez-toc-heading-14\" href=\"https:\/\/cecomart.com\/pt\/dicionario-seo\/domain-authority-da\/#Conceitos_com_H\" >Conceitos com H<\/a><\/li><li class='ez-toc-page-1 ez-toc-heading-level-5'><a class=\"ez-toc-link ez-toc-heading-15\" href=\"https:\/\/cecomart.com\/pt\/dicionario-seo\/domain-authority-da\/#Conceitos_com_K\" >Conceitos com K<\/a><\/li><li class='ez-toc-page-1 ez-toc-heading-level-5'><a class=\"ez-toc-link ez-toc-heading-16\" href=\"https:\/\/cecomart.com\/pt\/dicionario-seo\/domain-authority-da\/#Conceitos_com_S\" >Conceitos com S<\/a><\/li><li class='ez-toc-page-1 ez-toc-heading-level-5'><a class=\"ez-toc-link ez-toc-heading-17\" href=\"https:\/\/cecomart.com\/pt\/dicionario-seo\/domain-authority-da\/#Conceitos_com_R\" >Conceitos com R<\/a><\/li><li class='ez-toc-page-1 ez-toc-heading-level-5'><a class=\"ez-toc-link ez-toc-heading-18\" href=\"https:\/\/cecomart.com\/pt\/dicionario-seo\/domain-authority-da\/#Conceitos_com_T\" >Conceitos com T<\/a><\/li><\/ul><\/li><\/ul><\/li><\/ul><\/li><\/ul><\/nav><\/div>\n\n<h2><span class=\"ez-toc-section\" id=\"O_que_e_o_Domain_Authority_MOZ_ou_Domain_Rating_Ahrefs\"><\/span>O que \u00e9 o Domain Authority (MOZ) ou Domain Rating (Ahrefs)<span class=\"ez-toc-section-end\"><\/span><\/h2>\n<p>O Domain Authority (DA) do MOZ e o Domain Rating (DR) do Ahrefs s\u00e3o m\u00e9tricas que medem a autoridade de um dom\u00ednio nos resultados de busca. Estas m\u00e9tricas s\u00e3o calculadas a partir de uma combina\u00e7\u00e3o de fatores, incluindo a quantidade e qualidade de links de entrada, a qualidade do conte\u00fado e a relev\u00e2ncia do site.<\/p>\n<h2><span class=\"ez-toc-section\" id=\"Como_podemos_aumentar_o_nosso_DA_ou_Domain_Authority\"><\/span>Como podemos aumentar o nosso DA ou Domain Authority<span class=\"ez-toc-section-end\"><\/span><\/h2>\n<p>Para aumentar o DA ou Domain Authority de um site web, \u00e9 importante seguir alguns conselhos pr\u00e1ticos, como:<\/p>\n<ul>\n<li>Criar conte\u00fado de qualidade e relevante que atraia a audi\u00eancia e gere links de entrada de qualidade.<\/li>\n<li>Desenvolver uma estrat\u00e9gia de link building eficaz que envolva a cria\u00e7\u00e3o de links de entrada de qualidade de sites web relevantes e de autoridade.<\/li>\n<li>Otimizar a estrutura do site web e a sua arquitetura para melhorar a navega\u00e7\u00e3o e a experi\u00eancia do utilizador.<\/li>\n<li>Assegurar-se de que o site web tenha uma velocidade de carregamento r\u00e1pida para melhorar a experi\u00eancia do utilizador e reduzir a taxa de rejei\u00e7\u00e3o.<\/li>\n<li>Manter uma presen\u00e7a ativa nas redes sociais e outros canais digitais relevantes para aumentar a visibilidade e a autoridade do site web.<\/li>\n<\/ul>\n<h3><span class=\"ez-toc-section\" id=\"Que_dicas_sao_as_mais_habituais_em_SEO_para_o_DA\"><\/span>Que dicas s\u00e3o as mais habituais em SEO para o DA<span class=\"ez-toc-section-end\"><\/span><\/h3>\n<p>Alguns dos conselhos mais comuns para melhorar o DA ou DR de um site web s\u00e3o:<\/p>\n<ul>\n<li>Gerar links de entrada de qualidade de sites web relevantes e de autoridade.<\/li>\n<li>Publicar conte\u00fado de qualidade e relevante no site web que atraia a audi\u00eancia e gere links de entrada de qualidade.<\/li>\n<li>Otimizar o site web para melhorar a experi\u00eancia do utilizador e a velocidade de carregamento.<\/li>\n<li>Desenvolver uma estrat\u00e9gia de link building eficaz que envolva a cria\u00e7\u00e3o de links de entrada de qualidade de sites web relevantes e de autoridade.<\/li>\n<li>Manter uma presen\u00e7a ativa nas redes sociais e outros canais digitais relevantes para aumentar a visibilidade e a autoridade do site web.<\/li>\n<\/ul>\n<h2><span class=\"ez-toc-section\" id=\"Que_ferramentas_usar_para_conhecer_o_Domain_Authority\"><\/span>Que ferramentas usar para conhecer o Domain Authority<span class=\"ez-toc-section-end\"><\/span><\/h2>\n<p>As ferramentas mais comuns para conhecer o DA ou DR de um site web s\u00e3o:<\/p>\n<ul>\n<li>MOZ Link Explorer: uma ferramenta do MOZ que proporciona informa\u00e7\u00e3o detalhada sobre os links de entrada e a autoridade de um site web.<\/li>\n<li>Ahrefs Site Explorer: uma ferramenta do Ahrefs que proporciona informa\u00e7\u00e3o detalhada sobre os links de entrada e a autoridade de um site web.<\/li>\n<li>Majestic SEO: uma ferramenta que proporciona informa\u00e7\u00e3o sobre os links de entrada e a autoridade de um site web.<\/li>\n<\/ul>\n<h2><span class=\"ez-toc-section\" id=\"Por_que_pode_baixar_o_nosso_Domain_Authority\"><\/span>Por que pode baixar o nosso Domain Authority<span class=\"ez-toc-section-end\"><\/span><\/h2>\n<p>H\u00e1 v\u00e1rias raz\u00f5es pelas quais o DA ou Domain Authority de um site web pode diminuir, incluindo:<\/p>\n<ul>\n<li>Perda de links de entrada de qualidade.<\/li>\n<li>Conte\u00fado de baixa qualidade ou irrelevante no site web.<\/li>\n<li>A presen\u00e7a de links de entrada de sites web de baixa qualidade ou irrelevantes.<\/li>\n<li>Problemas de velocidade de carregamento ou desempenho do site web.<\/li>\n<li>Penaliza\u00e7\u00f5es por parte do Google devido a t\u00e1ticas de link building pouco \u00e9ticas ou spam.<\/li>\n<\/ul>\n<h3><span class=\"ez-toc-section\" id=\"Curiosidades_do_Domain_Authority_e_Google\"><\/span>Curiosidades do Domain Authority e Google<span class=\"ez-toc-section-end\"><\/span><\/h3>\n<p>O Domain Authority \u00e9 uma m\u00e9trica do MOZ, n\u00e3o do Google. Embora o Google tenha o seu pr\u00f3prio algoritmo de autoridade de dom\u00ednio, n\u00e3o o torna p\u00fablico e n\u00e3o proporciona uma m\u00e9trica espec\u00edfica como o DA.<\/p>\n<p>O Google n\u00e3o utiliza a m\u00e9trica do Domain Authority do MOZ para avaliar a autoridade de um site web, mas utiliza o seu pr\u00f3prio algoritmo interno para determinar a relev\u00e2ncia e a autoridade de um site.<\/p>\n<p>Embora o Domain Authority n\u00e3o seja um fator direto na classifica\u00e7\u00e3o do Google, \u00e9 uma m\u00e9trica importante para os especialistas em SEO e os propriet\u00e1rios de sites web, j\u00e1 que pode ser \u00fatil para avaliar a qualidade e a autoridade dos sites web da concorr\u00eancia e para medir o progresso e o sucesso da estrat\u00e9gia de marketing de um site web.<\/p>\n<p>\u00c9 importante ter em conta que o DA \u00e9 apenas uma das muitas m\u00e9tricas que se devem ter em conta ao avaliar a autoridade e a qualidade de um site web. Outros fatores, como a qualidade do conte\u00fado, a experi\u00eancia do utilizador, a velocidade de carregamento e a estrutura do site web tamb\u00e9m s\u00e3o importantes para melhorar a classifica\u00e7\u00e3o dos resultados de busca e a autoridade do site web em geral.<\/p>\n<h4 style=\"text-align: center;\"><span class=\"ez-toc-section\" id=\"Outros_termos_do_dicionario_SEO\"><\/span>Outros termos do dicion\u00e1rio SEO<span class=\"ez-toc-section-end\"><\/span><\/h4>\n<h5><span class=\"ez-toc-section\" id=\"Conceitos_com_A\"><\/span>Conceitos com A<span class=\"ez-toc-section-end\"><\/span><\/h5>\n<ul>\n<li><a href=\"https:\/\/cecomart.com\/pt\/dicionario-seo\/anchor-text\/\">Anchor text<\/a><\/li>\n<li><a href=\"https:\/\/cecomart.com\/pt\/dicionario-seo\/alt-text\/\">Alt Text<\/a><\/li>\n<\/ul>\n<h5><span class=\"ez-toc-section\" id=\"Conceitos_com_B\"><\/span>Conceitos com B<span class=\"ez-toc-section-end\"><\/span><\/h5>\n<ul>\n<li><a href=\"https:\/\/cecomart.com\/pt\/dicionario-seo\/broken-links\/\">Broken Links<\/a><\/li>\n<\/ul>\n<h5><span class=\"ez-toc-section\" id=\"Conceitos_com_C\"><\/span>Conceitos com C<span class=\"ez-toc-section-end\"><\/span><\/h5>\n<ul>\n<li><a href=\"https:\/\/cecomart.com\/pt\/dicionario-seo\/canonical\/\">Canonical url<\/a><\/li>\n<li><a href=\"https:\/\/cecomart.com\/pt\/dicionario-seo\/cro-conversion-rate-optimization\/\">CRO<\/a><\/li>\n<li><a href=\"https:\/\/cecomart.com\/pt\/dicionario-seo\/ctr\/\">CTR<\/a><\/li>\n<\/ul>\n<h5><span class=\"ez-toc-section\" id=\"Conceitos_com_D\"><\/span>Conceitos com D<span class=\"ez-toc-section-end\"><\/span><\/h5>\n<ul>\n<li><a href=\"https:\/\/cecomart.com\/pt\/dicionario-seo\/disavow\/\">Disavow<\/a><\/li>\n<li><a href=\"https:\/\/cecomart.com\/pt\/dicionario-seo\/dwell-time\/\">Dwell time<\/a><\/li>\n<\/ul>\n<h5><span class=\"ez-toc-section\" id=\"Conceitos_com_E\"><\/span>Conceitos com E<span class=\"ez-toc-section-end\"><\/span><\/h5>\n<ul>\n<li><a href=\"https:\/\/cecomart.com\/pt\/dicionario-seo\/etiquetas-cabecalho-h-headings\/\">Etiquetas h o Headings<\/a><\/li>\n<\/ul>\n<h5><span class=\"ez-toc-section\" id=\"Conceitos_com_F\"><\/span>Conceitos com F<span class=\"ez-toc-section-end\"><\/span><\/h5>\n<ul>\n<li><a href=\"https:\/\/cecomart.com\/pt\/dicionario-seo\/favicon\/\">Favicon<\/a><\/li>\n<li><a href=\"https:\/\/cecomart.com\/pt\/dicionario-seo\/footer\/\">Footer<\/a><\/li>\n<li><a href=\"https:\/\/cecomart.com\/pt\/dicionario-seo\/footprints\/\">Footprints Google<\/a><\/li>\n<\/ul>\n<h5><span class=\"ez-toc-section\" id=\"Conceitos_com_H\"><\/span>Conceitos com H<span class=\"ez-toc-section-end\"><\/span><\/h5>\n<ul>\n<li><a href=\"https:\/\/cecomart.com\/pt\/dicionario-seo\/hreflang\/\">Hreflang<\/a><\/li>\n<li><a href=\"https:\/\/cecomart.com\/pt\/dicionario-seo\/header\/\">Header<\/a><\/li>\n<\/ul>\n<h5><span class=\"ez-toc-section\" id=\"Conceitos_com_K\"><\/span>Conceitos com K<span class=\"ez-toc-section-end\"><\/span><\/h5>\n<ul>\n<li><a href=\"https:\/\/cecomart.com\/pt\/dicionario-seo\/keyword-stuffing\/\">Keyword Stuffing<\/a><\/li>\n<\/ul>\n<h5><span class=\"ez-toc-section\" id=\"Conceitos_com_S\"><\/span>Conceitos com S<span class=\"ez-toc-section-end\"><\/span><\/h5>\n<ul>\n<li><a href=\"https:\/\/cecomart.com\/pt\/dicionario-seo\/schemas-dados-estruturados\/\">Schema<\/a><\/li>\n<\/ul>\n<h5><span class=\"ez-toc-section\" id=\"Conceitos_com_R\"><\/span>Conceitos com R<span class=\"ez-toc-section-end\"><\/span><\/h5>\n<ul>\n<li><a href=\"https:\/\/cecomart.com\/pt\/dicionario-seo\/robots-txt\/\">Robots.txt<\/a><\/li>\n<\/ul>\n<h5><span class=\"ez-toc-section\" id=\"Conceitos_com_T\"><\/span>Conceitos com T<span class=\"ez-toc-section-end\"><\/span><\/h5>\n<ul>\n<li><a href=\"https:\/\/cecomart.com\/pt\/dicionario-seo\/target-_blank\/\">Target _blank<\/a><\/li>\n<\/ul>\n<p>&nbsp;<\/p>\n","protected":false},"excerpt":{"rendered":"<p>O que \u00e9 o Domain Authority (MOZ) ou Domain Rating (Ahrefs) O Domain Authority (DA) do MOZ e o Domain Rating (DR) do Ahrefs s\u00e3o m\u00e9tricas que medem a autoridade de um dom\u00ednio nos resultados de busca. Estas m\u00e9tricas s\u00e3o calculadas a partir de uma combina\u00e7\u00e3o de fatores, incluindo a quantidade e qualidade de links [&hellip;]<\/p>\n","protected":false},"author":1,"featured_media":0,"parent":2952,"menu_order":0,"comment_status":"closed","ping_status":"closed","template":"","meta":{"_ayudawp_aiss_exclude":false,"_locale":"pt_PT","_original_post":"https:\/\/cecomart.com\/?page_id=1350","footnotes":""},"class_list":["post-2967","page","type-page","status-publish","hentry","pt-PT"],"yoast_head":"<!-- This site is optimized with the Yoast SEO plugin v27.5 - https:\/\/yoast.com\/product\/yoast-seo-wordpress\/ -->\n<title>Domain Authority DA: O que \u00e9, como funciona e muito mais | Cecomart<\/title>\n<meta name=\"description\" content=\"\u25b7 Domain Authority: Conhe\u00e7a toda a informa\u00e7\u00e3o sobre este elemento SEO. O que \u00e9, como afeta o seu SEO, por que sobe ou desce e muito mais.\" \/>\n<meta name=\"robots\" content=\"index, follow, max-snippet:-1, max-image-preview:large, max-video-preview:-1\" \/>\n<link rel=\"canonical\" href=\"https:\/\/cecomart.com\/pt\/dicionario-seo\/domain-authority-da\/\" \/>\n<meta property=\"og:locale\" content=\"pt_PT\" \/>\n<meta property=\"og:type\" content=\"article\" \/>\n<meta property=\"og:title\" content=\"Domain Authority DA: O que \u00e9, como funciona e muito mais | Cecomart\" \/>\n<meta property=\"og:description\" content=\"\u25b7 Domain Authority: Conhe\u00e7a toda a informa\u00e7\u00e3o sobre este elemento SEO. O que \u00e9, como afeta o seu SEO, por que sobe ou desce e muito mais.\" \/>\n<meta property=\"og:url\" content=\"https:\/\/cecomart.com\/pt\/dicionario-seo\/domain-authority-da\/\" \/>\n<meta property=\"og:site_name\" content=\"Cecomart\" \/>\n<meta property=\"og:image\" content=\"https:\/\/cecomart.com\/wp-content\/uploads\/2022\/05\/cefe-ortiz-consultor-seo.png\" \/>\n\t<meta property=\"og:image:width\" content=\"832\" \/>\n\t<meta property=\"og:image:height\" content=\"1236\" \/>\n\t<meta property=\"og:image:type\" content=\"image\/png\" \/>\n<meta name=\"twitter:card\" content=\"summary_large_image\" \/>\n<meta name=\"twitter:site\" content=\"@SoyCortiz\" \/>\n<meta name=\"twitter:label1\" content=\"Tempo estimado de leitura\" \/>\n\t<meta name=\"twitter:data1\" content=\"4 minutos\" \/>\n<!-- \/ Yoast SEO plugin. -->","yoast_head_json":{"title":"Domain Authority DA: O que \u00e9, como funciona e muito mais | Cecomart","description":"\u25b7 Domain Authority: Conhe\u00e7a toda a informa\u00e7\u00e3o sobre este elemento SEO. O que \u00e9, como afeta o seu SEO, por que sobe ou desce e muito mais.","robots":{"index":"index","follow":"follow","max-snippet":"max-snippet:-1","max-image-preview":"max-image-preview:large","max-video-preview":"max-video-preview:-1"},"canonical":"https:\/\/cecomart.com\/pt\/dicionario-seo\/domain-authority-da\/","og_locale":"pt_PT","og_type":"article","og_title":"Domain Authority DA: O que \u00e9, como funciona e muito mais | Cecomart","og_description":"\u25b7 Domain Authority: Conhe\u00e7a toda a informa\u00e7\u00e3o sobre este elemento SEO. O que \u00e9, como afeta o seu SEO, por que sobe ou desce e muito mais.","og_url":"https:\/\/cecomart.com\/pt\/dicionario-seo\/domain-authority-da\/","og_site_name":"Cecomart","og_image":[{"width":832,"height":1236,"url":"https:\/\/cecomart.com\/wp-content\/uploads\/2022\/05\/cefe-ortiz-consultor-seo.png","type":"image\/png"}],"twitter_card":"summary_large_image","twitter_site":"@SoyCortiz","twitter_misc":{"Tempo estimado de leitura":"4 minutos"},"schema":{"@context":"https:\/\/schema.org","@graph":[{"@type":"Article","@id":"https:\/\/cecomart.com\/pt\/dicionario-seo\/domain-authority-da\/#article","isPartOf":{"@id":"https:\/\/cecomart.com\/pt\/dicionario-seo\/domain-authority-da\/"},"author":{"name":"C.Ortiz","@id":"https:\/\/cecomart.com\/#\/schema\/person\/2c89526db0f701abd6b4e52aafb69731"},"headline":"Domain Authority DA","datePublished":"2025-01-11T20:09:33+00:00","mainEntityOfPage":{"@id":"https:\/\/cecomart.com\/pt\/dicionario-seo\/domain-authority-da\/"},"wordCount":828,"publisher":{"@id":"https:\/\/cecomart.com\/#organization"},"inLanguage":"pt-PT"},{"@type":"WebPage","@id":"https:\/\/cecomart.com\/pt\/dicionario-seo\/domain-authority-da\/","url":"https:\/\/cecomart.com\/pt\/dicionario-seo\/domain-authority-da\/","name":"Domain Authority DA: O que \u00e9, como funciona e muito mais | Cecomart","isPartOf":{"@id":"https:\/\/cecomart.com\/#website"},"datePublished":"2025-01-11T20:09:33+00:00","description":"\u25b7 Domain Authority: Conhe\u00e7a toda a informa\u00e7\u00e3o sobre este elemento SEO. O que \u00e9, como afeta o seu SEO, por que sobe ou desce e muito mais.","breadcrumb":{"@id":"https:\/\/cecomart.com\/pt\/dicionario-seo\/domain-authority-da\/#breadcrumb"},"inLanguage":"pt-PT","potentialAction":[{"@type":"ReadAction","target":["https:\/\/cecomart.com\/pt\/dicionario-seo\/domain-authority-da\/"]}]},{"@type":"BreadcrumbList","@id":"https:\/\/cecomart.com\/pt\/dicionario-seo\/domain-authority-da\/#breadcrumb","itemListElement":[{"@type":"ListItem","position":1,"name":"SEO","item":"https:\/\/cecomart.com\/pt\/"},{"@type":"ListItem","position":2,"name":"Dicion\u00e1rio de SEO","item":"https:\/\/cecomart.com\/pt\/dicionario-seo\/"},{"@type":"ListItem","position":3,"name":"Domain Authority DA"}]},{"@type":"WebSite","@id":"https:\/\/cecomart.com\/#website","url":"https:\/\/cecomart.com\/","name":"Cecomart","description":"Especialista en SEO e Inteligencia Artificial","publisher":{"@id":"https:\/\/cecomart.com\/#organization"},"alternateName":"Cecomart","potentialAction":[{"@type":"SearchAction","target":{"@type":"EntryPoint","urlTemplate":"https:\/\/cecomart.com\/?s={search_term_string}"},"query-input":{"@type":"PropertyValueSpecification","valueRequired":true,"valueName":"search_term_string"}}],"inLanguage":"pt-PT"},{"@type":"Organization","@id":"https:\/\/cecomart.com\/#organization","name":"Cecomart","url":"https:\/\/cecomart.com\/","logo":{"@type":"ImageObject","inLanguage":"pt-PT","@id":"https:\/\/cecomart.com\/#\/schema\/logo\/image\/","url":"https:\/\/cecomart.com\/wp-content\/uploads\/2024\/09\/logo-cecomart-2024.jpg","contentUrl":"https:\/\/cecomart.com\/wp-content\/uploads\/2024\/09\/logo-cecomart-2024.jpg","width":1116,"height":466,"caption":"Cecomart"},"image":{"@id":"https:\/\/cecomart.com\/#\/schema\/logo\/image\/"},"sameAs":["https:\/\/x.com\/SoyCortiz"]},{"@type":"Person","@id":"https:\/\/cecomart.com\/#\/schema\/person\/2c89526db0f701abd6b4e52aafb69731","name":"C.Ortiz","image":{"@type":"ImageObject","inLanguage":"pt-PT","@id":"https:\/\/secure.gravatar.com\/avatar\/a4e2ff9a83acee041bf89b127a3c9e31bee701c1977f13261c281d19a819ab3c?s=96&d=mm&r=g","url":"https:\/\/secure.gravatar.com\/avatar\/a4e2ff9a83acee041bf89b127a3c9e31bee701c1977f13261c281d19a819ab3c?s=96&d=mm&r=g","contentUrl":"https:\/\/secure.gravatar.com\/avatar\/a4e2ff9a83acee041bf89b127a3c9e31bee701c1977f13261c281d19a819ab3c?s=96&d=mm&r=g","caption":"C.Ortiz"},"description":"Consultor SEO desde 2015. Apasionado por difundir noticias sobre posicionamiento web y seguir aprendiendo de una profesi\u00f3n en constante evoluci\u00f3n. Especializado en SEO t\u00e9cnico, GEO y AEO.","sameAs":["https:\/\/cecomart.com","https:\/\/x.com\/@SoyCortiz"],"url":"https:\/\/cecomart.com\/author\/cortiz\/"}]}},"_links":{"self":[{"href":"https:\/\/cecomart.com\/wp-json\/wp\/v2\/pages\/2967","targetHints":{"allow":["GET"]}}],"collection":[{"href":"https:\/\/cecomart.com\/wp-json\/wp\/v2\/pages"}],"about":[{"href":"https:\/\/cecomart.com\/wp-json\/wp\/v2\/types\/page"}],"author":[{"embeddable":true,"href":"https:\/\/cecomart.com\/wp-json\/wp\/v2\/users\/1"}],"replies":[{"embeddable":true,"href":"https:\/\/cecomart.com\/wp-json\/wp\/v2\/comments?post=2967"}],"version-history":[{"count":2,"href":"https:\/\/cecomart.com\/wp-json\/wp\/v2\/pages\/2967\/revisions"}],"predecessor-version":[{"id":3005,"href":"https:\/\/cecomart.com\/wp-json\/wp\/v2\/pages\/2967\/revisions\/3005"}],"up":[{"embeddable":true,"href":"https:\/\/cecomart.com\/wp-json\/wp\/v2\/pages\/2952"}],"wp:attachment":[{"href":"https:\/\/cecomart.com\/wp-json\/wp\/v2\/media?parent=2967"}],"curies":[{"name":"wp","href":"https:\/\/api.w.org\/{rel}","templated":true}]}}