{"id":2773,"date":"2024-11-17T23:28:02","date_gmt":"2024-11-17T23:28:02","guid":{"rendered":"https:\/\/cecomart.com\/?page_id=2773"},"modified":"2024-11-18T09:56:43","modified_gmt":"2024-11-18T09:56:43","slug":"contate-nos","status":"publish","type":"page","link":"https:\/\/cecomart.com\/pt\/contate-nos\/","title":{"rendered":"Contate-nos"},"content":{"rendered":"\t\t<div data-elementor-type=\"wp-page\" data-elementor-id=\"2773\" class=\"elementor elementor-2773\">\n\t\t\t\t\t\t<section class=\"elementor-section elementor-top-section elementor-element elementor-element-ec625c6 elementor-section-boxed elementor-section-height-default elementor-section-height-default\" data-id=\"ec625c6\" data-element_type=\"section\">\n\t\t\t\t\t\t<div class=\"elementor-container elementor-column-gap-default\">\n\t\t\t\t\t<div class=\"elementor-column elementor-col-50 elementor-top-column elementor-element elementor-element-7a77ae5\" data-id=\"7a77ae5\" data-element_type=\"column\">\n\t\t\t<div class=\"elementor-widget-wrap elementor-element-populated\">\n\t\t\t\t\t\t<div class=\"elementor-element elementor-element-a17ef86 elementor-widget elementor-widget-formidable\" data-id=\"a17ef86\" data-element_type=\"widget\" data-widget_type=\"formidable.default\">\n\t\t\t\t<div class=\"elementor-widget-container\">\n\t\t\t\t\t<div class=\"frm_forms  with_frm_style frm_style_estilos-formidable\" id=\"frm_form_5_container\" data-token=\"a67d0ee28f06db4ae410733dd16bdcff\">\n<form enctype=\"multipart\/form-data\" method=\"post\" class=\"frm-show-form \" id=\"form_formulariodecontacto22\" data-token=\"a67d0ee28f06db4ae410733dd16bdcff\">\n<div class=\"frm_form_fields \">\n<fieldset>\n<legend class=\"frm_screen_reader\">Formul\u00e1rio de contacto PT<\/legend>\r\n\r\n<div class=\"frm_fields_container\">\n<input type=\"hidden\" name=\"frm_action\" value=\"create\" \/>\n<input type=\"hidden\" name=\"form_id\" value=\"5\" \/>\n<input type=\"hidden\" name=\"frm_hide_fields_5\" id=\"frm_hide_fields_5\" value=\"\" \/>\n<input type=\"hidden\" name=\"form_key\" value=\"formulariodecontacto22\" \/>\n<input type=\"hidden\" name=\"item_meta[0]\" value=\"\" \/>\n<input type=\"hidden\" id=\"frm_submit_entry_5\" name=\"frm_submit_entry_5\" value=\"1fc0f3089a\" \/><input type=\"hidden\" name=\"_wp_http_referer\" value=\"\/pt\/wp-json\/wp\/v2\/pages\/2773\" \/><div id=\"frm_field_29_container\" class=\"frm_form_field form-field  frm_required_field frm_top_container\">\r\n    <div  id=\"field_7hekd2_label\" class=\"frm_primary_label\">Nome \u270d\ufe0f\r\n        <span class=\"frm_required\" aria-hidden=\"true\">*<\/span>\r\n    <\/div>\r\n    <fieldset aria-labelledby=\"field_7hekd2_label\">\n\t<legend class=\"frm_screen_reader frm_hidden\">\n\t\tNome \u270d\ufe0f\t<\/legend>\n\n\t<div  class=\"frm_combo_inputs_container\" id=\"frm_combo_inputs_container_29\" data-name-layout=\"first_last\">\n\t\t\t\t\t<div\n\t\t\t\tid=\"frm_field_29-first_container\"\n\t\t\t\tclass=\"frm_form_field form-field frm_form_subfield-first  frm6\"\n\t\t\t\tdata-sub-field-name=\"first\"\n\t\t\t>\n\t\t\t\t<label for=\"field_7hekd2_first\" class=\"frm_screen_reader frm_hidden\">\n\t\t\t\t\tNome\t\t\t\t<\/label>\n\n\t\t\t\t<input  type=\"text\" id=\"field_7hekd2_first\" value=\"\" name=\"item_meta[29][first]\" autocomplete=\"given-name\" data-reqmsg=\"Este campo no puede estar en blanco.\" aria-required=\"true\" data-invmsg=\"Nome \u270d\ufe0f is invalid\" aria-invalid=\"false\"  \/><div class=\"frm_description\" id=\"frm_field_29_first_desc\">Nome<\/div>\t\t\t<\/div>\n\t\t\t\t\t\t<div\n\t\t\t\tid=\"frm_field_29-last_container\"\n\t\t\t\tclass=\"frm_form_field form-field frm_form_subfield-last  frm6\"\n\t\t\t\tdata-sub-field-name=\"last\"\n\t\t\t>\n\t\t\t\t<label for=\"field_7hekd2_last\" class=\"frm_screen_reader frm_hidden\">\n\t\t\t\t\tSobrenome\t\t\t\t<\/label>\n\n\t\t\t\t<input  type=\"text\" id=\"field_7hekd2_last\" value=\"\" name=\"item_meta[29][last]\" autocomplete=\"family-name\" data-reqmsg=\"Este campo no puede estar en blanco.\" aria-required=\"true\" data-invmsg=\"Nome \u270d\ufe0f is invalid\" aria-invalid=\"false\"  \/><div class=\"frm_description\" id=\"frm_field_29_last_desc\">Sobrenome<\/div>\t\t\t<\/div>\n\t\t\t\t<\/div>\n<\/fieldset>\n\r\n    \r\n    \r\n<\/div>\n<div id=\"frm_field_30_container\" class=\"frm_form_field form-field  frm_required_field frm_top_container\">\r\n    <label for=\"field_k1yxs2\" id=\"field_k1yxs2_label\" class=\"frm_primary_label\">Endere\u00e7o eletr\u00f3nico \ud83d\udce7\r\n        <span class=\"frm_required\" aria-hidden=\"true\">*<\/span>\r\n    <\/label>\r\n    <input type=\"email\" id=\"field_k1yxs2\" name=\"item_meta[30]\" value=\"\"  data-reqmsg=\"Este campo no puede estar en blanco.\" aria-required=\"true\" data-invmsg=\"Correo electr\u00f3nico no es v\u00e1lido\" aria-invalid=\"false\"  \/>\r\n    \r\n    \r\n<\/div>\n<div id=\"frm_field_31_container\" class=\"frm_form_field form-field  frm_top_container\">\r\n    <label for=\"field_rysft2\" id=\"field_rysft2_label\" class=\"frm_primary_label\">Telefone \ud83d\udcf1\r\n        <span class=\"frm_required\" aria-hidden=\"true\"><\/span>\r\n    <\/label>\r\n    <input type=\"tel\" id=\"field_rysft2\" name=\"item_meta[31]\" value=\"\"  data-invmsg=\"Tel\u00e9fono no es v\u00e1lido\" aria-invalid=\"false\" pattern=\"((\\+\\d{1,3}(-|.| )?\\(?\\d\\)?(-| |.)?\\d{1,5})|(\\(?\\d{2,6}\\)?))(-|.| )?(\\d{3,4})(-|.| )?(\\d{4})(( x| ext)\\d{1,5}){0,1}$\"  \/>\r\n    \r\n    \r\n<\/div>\n<div id=\"frm_field_32_container\" class=\"frm_form_field form-field  frm_required_field frm_top_container\">\r\n    <label for=\"field_mypam2\" id=\"field_mypam2_label\" class=\"frm_primary_label\">Assunto \ud83d\udd8a\ufe0f\r\n        <span class=\"frm_required\" aria-hidden=\"true\">*<\/span>\r\n    <\/label>\r\n    <input type=\"text\" id=\"field_mypam2\" name=\"item_meta[32]\" value=\"\"  data-reqmsg=\"Este campo no puede estar en blanco.\" aria-required=\"true\" data-invmsg=\"Texto no es v\u00e1lido\" aria-invalid=\"false\"  \/>\r\n    \r\n    \r\n<\/div>\n<div id=\"frm_field_33_container\" class=\"frm_form_field form-field  frm_required_field frm_top_container\">\r\n    <label for=\"field_6pwac2\" id=\"field_6pwac2_label\" class=\"frm_primary_label\">Mensagem \ud83d\udcd6\r\n        <span class=\"frm_required\" aria-hidden=\"true\">*<\/span>\r\n    <\/label>\r\n    <input type=\"text\" id=\"field_6pwac2\" name=\"item_meta[33]\" value=\"\"  data-reqmsg=\"Este campo no puede estar en blanco.\" aria-required=\"true\" data-invmsg=\"Texto no es v\u00e1lido\" aria-invalid=\"false\"  \/>\r\n    \r\n    \r\n<\/div>\n<div id=\"frm_field_34_container\" class=\"frm_form_field form-field  frm_required_field frm_top_container vertical_radio\">\r\n    <div  id=\"field_r8rm92_label\" class=\"frm_primary_label\">Pol\u00edtica de dados\r\n        <span class=\"frm_required\" aria-hidden=\"true\">*<\/span>\r\n    <\/div>\r\n    <div class=\"frm_opt_container\" aria-labelledby=\"field_r8rm92_label\" role=\"group\">\t\t<div class=\"frm_checkbox\" id=\"frm_checkbox_34-0\">\t\t\t<label  for=\"field_r8rm92-0\">\n\t\t\t<input type=\"checkbox\" name=\"item_meta[34][]\" id=\"field_r8rm92-0\" value=\"Aceito fornecer as minhas informa\u00e7\u00f5es de utilizador \u00e0 Cecomart\"  data-reqmsg=\"Pol\u00edtica de dados no puede estar en blanco.\" data-invmsg=\"Pol\u00edtica de dados is invalid\"   aria-required=\"true\"  \/> Aceito fornecer as minhas informa\u00e7\u00f5es de utilizador \u00e0 Cecomart<\/label><\/div>\n<\/div>\r\n    \r\n    \r\n<\/div>\n<div id=\"frm_field_35_container\" class=\"frm_form_field form-field \">\r\n\t<div class=\"frm_submit\">\r\n\r\n<button class=\"frm_button_submit\" type=\"submit\"  >Enviar agora<\/button>\r\n\r\n<\/div>\r\n<\/div>\n\t<input type=\"hidden\" name=\"item_key\" value=\"\" \/>\n\t\t\t<div id=\"frm_field_40_container\">\n\t\t\t<label for=\"field_e275c\" >\n\t\t\t\tIf you are human, leave this field blank.\t\t\t<\/label>\n\t\t\t<input  id=\"field_e275c\" type=\"text\" class=\"frm_form_field form-field frm_verify\" name=\"item_meta[40]\" value=\"\"  \/>\n\t\t<\/div>\n\t\t<input name=\"frm_state\" type=\"hidden\" value=\"\/ey48SjzaV7ElMQD05xGyg4OPx0FH+eP3wYAO\/oim0k=\" \/><\/div>\n<\/fieldset>\n<\/div>\n\n<\/form>\n<\/div>\n\t\t\t\t<\/div>\n\t\t\t\t<\/div>\n\t\t\t\t\t<\/div>\n\t\t<\/div>\n\t\t\t\t<div class=\"elementor-column elementor-col-50 elementor-top-column elementor-element elementor-element-916c203\" data-id=\"916c203\" data-element_type=\"column\">\n\t\t\t<div class=\"elementor-widget-wrap elementor-element-populated\">\n\t\t\t\t\t\t<div class=\"elementor-element elementor-element-392ca04 elementor-widget elementor-widget-text-editor\" data-id=\"392ca04\" data-element_type=\"widget\" data-widget_type=\"text-editor.default\">\n\t\t\t\t<div class=\"elementor-widget-container\">\n\t\t\t\t\t\t\t\t\t<h2>Contacte-me<\/h2><p>Se est\u00e1 pronto para melhorar a sua visibilidade online, n\u00e3o hesite em contactar-me.<\/p><p>Tentarei dar-lhe uma resposta imediata assim que receber o formul\u00e1rio Web.<\/p><p>Se, por qualquer raz\u00e3o, o formul\u00e1rio Web n\u00e3o funcionar ou se tiver algum problema com o seu envio, pode contactar-me diretamente a partir de info@cecomart.com.<\/p><p>Se quiser saber mais sobre mim, aceda a esta liga\u00e7\u00e3o.<\/p><p>Finalmente, se est\u00e1 mais do que convencido ou quer conhecer os principais servi\u00e7os a que pode aceder, recomendo que clique no meu servi\u00e7o gratuito de an\u00e1lise SEO ou pode tamb\u00e9m solicitar uma auditoria SEO do seu s\u00edtio Web para come\u00e7ar a detetar problemas no seu s\u00edtio Web.<\/p>\t\t\t\t\t\t\t\t<\/div>\n\t\t\t\t<\/div>\n\t\t\t\t\t<\/div>\n\t\t<\/div>\n\t\t\t\t\t<\/div>\n\t\t<\/section>\n\t\t\t\t<section class=\"elementor-section elementor-top-section elementor-element elementor-element-2c6863f0 elementor-section-boxed elementor-section-height-default elementor-section-height-default\" data-id=\"2c6863f0\" data-element_type=\"section\" data-settings=\"{&quot;background_background&quot;:&quot;classic&quot;}\">\n\t\t\t\t\t\t<div class=\"elementor-container elementor-column-gap-default\">\n\t\t\t\t\t<div class=\"elementor-column elementor-col-33 elementor-top-column elementor-element elementor-element-65972b02\" data-id=\"65972b02\" data-element_type=\"column\">\n\t\t\t<div class=\"elementor-widget-wrap elementor-element-populated\">\n\t\t\t\t\t\t<div class=\"elementor-element elementor-element-213d8006 elementor-widget elementor-widget-text-editor\" data-id=\"213d8006\" data-element_type=\"widget\" data-widget_type=\"text-editor.default\">\n\t\t\t\t<div class=\"elementor-widget-container\">\n\t\t\t\t\t\t\t\t\t<div style=\"text-align: center;\">\n<a class=\"a-footer\" href=\"tel:+34647155295\">Tel: 647155295<\/a> | <a class=\"a-footer\" href=\"https:\/\/cecomart.com\/pt\/\">Cecomart<\/a> | <a class=\"a-footer\" href=\"https:\/\/g.page\/r\/CTxEWyHAEYAjEBM\/review\">Avaliar-me<\/a><\/div>\t\t\t\t\t\t\t\t<\/div>\n\t\t\t\t<\/div>\n\t\t\t\t\t<\/div>\n\t\t<\/div>\n\t\t\t\t<div class=\"elementor-column elementor-col-33 elementor-top-column elementor-element elementor-element-dd0ff17\" data-id=\"dd0ff17\" data-element_type=\"column\">\n\t\t\t<div class=\"elementor-widget-wrap elementor-element-populated\">\n\t\t\t\t\t\t<div class=\"elementor-element elementor-element-45151c13 elementor-shape-rounded elementor-grid-0 e-grid-align-center elementor-widget elementor-widget-social-icons\" data-id=\"45151c13\" data-element_type=\"widget\" data-widget_type=\"social-icons.default\">\n\t\t\t\t<div class=\"elementor-widget-container\">\n\t\t\t\t\t\t\t<div class=\"elementor-social-icons-wrapper elementor-grid\" role=\"list\">\n\t\t\t\t\t\t\t<span class=\"elementor-grid-item\" role=\"listitem\">\n\t\t\t\t\t<a class=\"elementor-icon elementor-social-icon elementor-social-icon-twitter elementor-animation-grow elementor-repeater-item-b678aa3\" href=\"https:\/\/twitter.com\/SoyCortiz\" target=\"_blank\">\n\t\t\t\t\t\t<span class=\"elementor-screen-only\">Twitter<\/span>\n\t\t\t\t\t\t<i class=\"fab fa-twitter\"><\/i>\t\t\t\t\t<\/a>\n\t\t\t\t<\/span>\n\t\t\t\t\t\t\t<span class=\"elementor-grid-item\" role=\"listitem\">\n\t\t\t\t\t<a class=\"elementor-icon elementor-social-icon elementor-social-icon-linkedin elementor-animation-grow elementor-repeater-item-d69b369\" href=\"https:\/\/www.linkedin.com\/in\/ceferino-ortiz-mart%C3%AD-b0557131\/\" target=\"_blank\">\n\t\t\t\t\t\t<span class=\"elementor-screen-only\">Linkedin<\/span>\n\t\t\t\t\t\t<i class=\"fab fa-linkedin\"><\/i>\t\t\t\t\t<\/a>\n\t\t\t\t<\/span>\n\t\t\t\t\t<\/div>\n\t\t\t\t\t\t<\/div>\n\t\t\t\t<\/div>\n\t\t\t\t\t<\/div>\n\t\t<\/div>\n\t\t\t\t<div class=\"elementor-column elementor-col-33 elementor-top-column elementor-element elementor-element-219c71e\" data-id=\"219c71e\" data-element_type=\"column\">\n\t\t\t<div class=\"elementor-widget-wrap elementor-element-populated\">\n\t\t\t\t\t\t<div class=\"elementor-element elementor-element-2d23e4fe elementor-widget elementor-widget-text-editor\" data-id=\"2d23e4fe\" data-element_type=\"widget\" data-widget_type=\"text-editor.default\">\n\t\t\t\t<div class=\"elementor-widget-container\">\n\t\t\t\t\t\t\t\t\t<div style=\"text-align: center;\">\n<a class=\"a-footer\" href=\"https:\/\/cecomart.com\/pt\/politica-cookies\/\">Pol\u00edtica de cookies<\/a> | <a class=\"a-footer\" href=\"https:\/\/cecomart.com\/pt\/politica-de-privacidade\/\">Privacidade<\/a> | <a class=\"a-footer\" href=\"https:\/\/cecomart.com\/pt\/contate-nos\/\">Contate<\/a><\/div>\t\t\t\t\t\t\t\t<\/div>\n\t\t\t\t<\/div>\n\t\t\t\t\t<\/div>\n\t\t<\/div>\n\t\t\t\t\t<\/div>\n\t\t<\/section>\n\t\t\t\t<\/div>\n\t\t","protected":false},"excerpt":{"rendered":"<p>Formul\u00e1rio de contacto Nome \u270d\ufe0f * Nome \u270d\ufe0f Nome Nome Sobrenome Sobrenome Endere\u00e7o eletr\u00f3nico \ud83d\udce7 * Telefone \ud83d\udcf1 Assunto \ud83d\udd8a\ufe0f * Mensagem \ud83d\udcd6 * Pol\u00edtica de dados * Aceito fornecer as minhas informa\u00e7\u00f5es de utilizador \u00e0 Cecomart Enviar agora Si eres humano, deja este campo en blanco. Contacte-me Se est\u00e1 pronto para melhorar a sua [&hellip;]<\/p>\n","protected":false},"author":1,"featured_media":0,"parent":0,"menu_order":0,"comment_status":"closed","ping_status":"closed","template":"","meta":{"_ayudawp_aiss_exclude":false,"_locale":"pt_PT","_original_post":"https:\/\/cecomart.com\/?page_id=49","footnotes":""},"class_list":["post-2773","page","type-page","status-publish","hentry","pt-PT"],"yoast_head":"<!-- This site is optimized with the Yoast SEO plugin v27.5 - https:\/\/yoast.com\/product\/yoast-seo-wordpress\/ -->\n<title>Contate-nos agora | Cecomart<\/title>\n<meta name=\"description\" content=\"Contacte-me atrav\u00e9s desta p\u00e1gina. Tentarei entrar em contacto consigo o mais rapidamente poss\u00edvel. Muito obrigado pelo seu interesse.\" \/>\n<meta name=\"robots\" content=\"index, follow, max-snippet:-1, max-image-preview:large, max-video-preview:-1\" \/>\n<link rel=\"canonical\" href=\"https:\/\/cecomart.com\/pt\/contate-nos\/\" \/>\n<meta property=\"og:locale\" content=\"pt_PT\" \/>\n<meta property=\"og:type\" content=\"article\" \/>\n<meta property=\"og:title\" content=\"Contate-nos agora | Cecomart\" \/>\n<meta property=\"og:description\" content=\"Contacte-me atrav\u00e9s desta p\u00e1gina. Tentarei entrar em contacto consigo o mais rapidamente poss\u00edvel. Muito obrigado pelo seu interesse.\" \/>\n<meta property=\"og:url\" content=\"https:\/\/cecomart.com\/pt\/contate-nos\/\" \/>\n<meta property=\"og:site_name\" content=\"Cecomart\" \/>\n<meta property=\"article:modified_time\" content=\"2024-11-18T09:56:43+00:00\" \/>\n<meta property=\"og:image\" content=\"https:\/\/cecomart.com\/wp-content\/uploads\/2022\/05\/cefe-ortiz-consultor-seo.png\" \/>\n\t<meta property=\"og:image:width\" content=\"832\" \/>\n\t<meta property=\"og:image:height\" content=\"1236\" \/>\n\t<meta property=\"og:image:type\" content=\"image\/png\" \/>\n<meta name=\"twitter:card\" content=\"summary_large_image\" \/>\n<meta name=\"twitter:site\" content=\"@SoyCortiz\" \/>\n<meta name=\"twitter:label1\" content=\"Tempo estimado de leitura\" \/>\n\t<meta name=\"twitter:data1\" content=\"1 minuto\" \/>\n<!-- \/ Yoast SEO plugin. -->","yoast_head_json":{"title":"Contate-nos agora | Cecomart","description":"Contacte-me atrav\u00e9s desta p\u00e1gina. Tentarei entrar em contacto consigo o mais rapidamente poss\u00edvel. Muito obrigado pelo seu interesse.","robots":{"index":"index","follow":"follow","max-snippet":"max-snippet:-1","max-image-preview":"max-image-preview:large","max-video-preview":"max-video-preview:-1"},"canonical":"https:\/\/cecomart.com\/pt\/contate-nos\/","og_locale":"pt_PT","og_type":"article","og_title":"Contate-nos agora | Cecomart","og_description":"Contacte-me atrav\u00e9s desta p\u00e1gina. Tentarei entrar em contacto consigo o mais rapidamente poss\u00edvel. Muito obrigado pelo seu interesse.","og_url":"https:\/\/cecomart.com\/pt\/contate-nos\/","og_site_name":"Cecomart","article_modified_time":"2024-11-18T09:56:43+00:00","og_image":[{"width":832,"height":1236,"url":"https:\/\/cecomart.com\/wp-content\/uploads\/2022\/05\/cefe-ortiz-consultor-seo.png","type":"image\/png"}],"twitter_card":"summary_large_image","twitter_site":"@SoyCortiz","twitter_misc":{"Tempo estimado de leitura":"1 minuto"},"schema":{"@context":"https:\/\/schema.org","@graph":[{"@type":"Article","@id":"https:\/\/cecomart.com\/pt\/contate-nos\/#article","isPartOf":{"@id":"https:\/\/cecomart.com\/pt\/contate-nos\/"},"author":{"name":"C.Ortiz","@id":"https:\/\/cecomart.com\/#\/schema\/person\/2c89526db0f701abd6b4e52aafb69731"},"headline":"Contate-nos","datePublished":"2024-11-17T23:28:02+00:00","dateModified":"2024-11-18T09:56:43+00:00","mainEntityOfPage":{"@id":"https:\/\/cecomart.com\/pt\/contate-nos\/"},"wordCount":174,"publisher":{"@id":"https:\/\/cecomart.com\/#organization"},"inLanguage":"pt-PT"},{"@type":"WebPage","@id":"https:\/\/cecomart.com\/pt\/contate-nos\/","url":"https:\/\/cecomart.com\/pt\/contate-nos\/","name":"Contate-nos agora | Cecomart","isPartOf":{"@id":"https:\/\/cecomart.com\/#website"},"datePublished":"2024-11-17T23:28:02+00:00","dateModified":"2024-11-18T09:56:43+00:00","description":"Contacte-me atrav\u00e9s desta p\u00e1gina. Tentarei entrar em contacto consigo o mais rapidamente poss\u00edvel. Muito obrigado pelo seu interesse.","breadcrumb":{"@id":"https:\/\/cecomart.com\/pt\/contate-nos\/#breadcrumb"},"inLanguage":"pt-PT","potentialAction":[{"@type":"ReadAction","target":["https:\/\/cecomart.com\/pt\/contate-nos\/"]}]},{"@type":"BreadcrumbList","@id":"https:\/\/cecomart.com\/pt\/contate-nos\/#breadcrumb","itemListElement":[{"@type":"ListItem","position":1,"name":"SEO","item":"https:\/\/cecomart.com\/pt\/"},{"@type":"ListItem","position":2,"name":"Contate-nos"}]},{"@type":"WebSite","@id":"https:\/\/cecomart.com\/#website","url":"https:\/\/cecomart.com\/","name":"Cecomart","description":"Especialista en SEO e Inteligencia Artificial","publisher":{"@id":"https:\/\/cecomart.com\/#organization"},"alternateName":"Cecomart","potentialAction":[{"@type":"SearchAction","target":{"@type":"EntryPoint","urlTemplate":"https:\/\/cecomart.com\/?s={search_term_string}"},"query-input":{"@type":"PropertyValueSpecification","valueRequired":true,"valueName":"search_term_string"}}],"inLanguage":"pt-PT"},{"@type":"Organization","@id":"https:\/\/cecomart.com\/#organization","name":"Cecomart","url":"https:\/\/cecomart.com\/","logo":{"@type":"ImageObject","inLanguage":"pt-PT","@id":"https:\/\/cecomart.com\/#\/schema\/logo\/image\/","url":"https:\/\/cecomart.com\/wp-content\/uploads\/2024\/09\/logo-cecomart-2024.jpg","contentUrl":"https:\/\/cecomart.com\/wp-content\/uploads\/2024\/09\/logo-cecomart-2024.jpg","width":1116,"height":466,"caption":"Cecomart"},"image":{"@id":"https:\/\/cecomart.com\/#\/schema\/logo\/image\/"},"sameAs":["https:\/\/x.com\/SoyCortiz"]},{"@type":"Person","@id":"https:\/\/cecomart.com\/#\/schema\/person\/2c89526db0f701abd6b4e52aafb69731","name":"C.Ortiz","image":{"@type":"ImageObject","inLanguage":"pt-PT","@id":"https:\/\/secure.gravatar.com\/avatar\/a4e2ff9a83acee041bf89b127a3c9e31bee701c1977f13261c281d19a819ab3c?s=96&d=mm&r=g","url":"https:\/\/secure.gravatar.com\/avatar\/a4e2ff9a83acee041bf89b127a3c9e31bee701c1977f13261c281d19a819ab3c?s=96&d=mm&r=g","contentUrl":"https:\/\/secure.gravatar.com\/avatar\/a4e2ff9a83acee041bf89b127a3c9e31bee701c1977f13261c281d19a819ab3c?s=96&d=mm&r=g","caption":"C.Ortiz"},"description":"Consultor SEO desde 2015. Apasionado por difundir noticias sobre posicionamiento web y seguir aprendiendo de una profesi\u00f3n en constante evoluci\u00f3n. Especializado en SEO t\u00e9cnico, GEO y AEO.","sameAs":["https:\/\/cecomart.com","https:\/\/x.com\/@SoyCortiz"],"url":"https:\/\/cecomart.com\/author\/cortiz\/"}]}},"_links":{"self":[{"href":"https:\/\/cecomart.com\/wp-json\/wp\/v2\/pages\/2773","targetHints":{"allow":["GET"]}}],"collection":[{"href":"https:\/\/cecomart.com\/wp-json\/wp\/v2\/pages"}],"about":[{"href":"https:\/\/cecomart.com\/wp-json\/wp\/v2\/types\/page"}],"author":[{"embeddable":true,"href":"https:\/\/cecomart.com\/wp-json\/wp\/v2\/users\/1"}],"replies":[{"embeddable":true,"href":"https:\/\/cecomart.com\/wp-json\/wp\/v2\/comments?post=2773"}],"version-history":[{"count":13,"href":"https:\/\/cecomart.com\/wp-json\/wp\/v2\/pages\/2773\/revisions"}],"predecessor-version":[{"id":2810,"href":"https:\/\/cecomart.com\/wp-json\/wp\/v2\/pages\/2773\/revisions\/2810"}],"wp:attachment":[{"href":"https:\/\/cecomart.com\/wp-json\/wp\/v2\/media?parent=2773"}],"curies":[{"name":"wp","href":"https:\/\/api.w.org\/{rel}","templated":true}]}}